{"id":1173,"date":"2025-12-26T09:30:52","date_gmt":"2025-12-26T09:30:52","guid":{"rendered":"https:\/\/new88home.com\/index.php\/chinh-sach-do-tuoi\/"},"modified":"2025-12-26T09:30:52","modified_gmt":"2025-12-26T09:30:52","slug":"chinh-sach-do-tuoi","status":"publish","type":"page","link":"https:\/\/new88home.com\/index.php\/chinh-sach-do-tuoi\/","title":{"rendered":"Ch\u00ednh s\u00e1ch \u0111\u1ed9 tu\u1ed5i tham gia c\u00e1 c\u01b0\u1ee3c t\u1ea1i nh\u00e0 c\u00e1i NEW88"},"content":{"rendered":"<p><i><span style=\"font-weight: 400;\">T\u1ea1i NEW88, m\u1ed9t trong nh\u1eefng y\u1ebfu t\u1ed1 \u0111\u01b0\u1ee3c \u0111\u1eb7t l\u00ean h\u00e0ng \u0111\u1ea7u ch\u00ednh l\u00e0 <\/span><\/i><strong><a href=\"https:\/\/new88home.com\/\/chinh-sach-do-tuoi\/\" target=\"_blank\" rel=\"noopener\"><i>ch\u00ednh s\u00e1ch \u0111\u1ed9 tu\u1ed5i<\/i><\/a><\/strong><i><span style=\"font-weight: 400;\">. Vi\u1ec7c tu\u00e2n th\u1ee7 nghi\u00eam ng\u1eb7t c\u00e1c quy \u0111\u1ecbnh v\u1ec1 \u0111\u1ed9 tu\u1ed5i kh\u00f4ng ch\u1ec9 th\u1ec3 hi\u1ec7n s\u1ef1 chuy\u00ean nghi\u1ec7p c\u1ee7a nh\u00e0 c\u00e1i m\u00e0 c\u00f2n b\u1ea3o v\u1ec7 quy\u1ec1n l\u1ee3i c\u1ee7a ch\u00ednh ng\u01b0\u1eddi ch\u01a1i, \u0111\u1eb7c bi\u1ec7t l\u00e0 \u0111\u1ed1i t\u01b0\u1ee3ng v\u1ecb th\u00e0nh ni\u00ean. D\u01b0\u1edbi \u0111\u00e2y, nh\u00e0 c\u00e1i s\u1ebd cung c\u1ea5p th\u00f4ng tin chi ti\u1ebft, gi\u00fap b\u1ea1n hi\u1ec3u r\u00f5 h\u01a1n v\u1ec1 t\u1ea7m quan tr\u1ecdng v\u00e0 c\u00e1c quy \u0111\u1ecbnh c\u1ee5 th\u1ec3 li\u00ean quan \u0111\u1ebfn \u0111\u1ed9 tu\u1ed5i khi tham gia c\u00e1 c\u01b0\u1ee3c t\u1ea1i <a href=\"https:\/\/new88home.com\/\/\" target=\"_blank\" rel=\"noopener\"><strong>new88<\/strong><\/a> .<\/span><\/i><\/p>\n<h2><span class=\"ez-toc-section\" id=\"tai-sao-chinh-sach-do-tuoi-quan-trong-trong-hoat-dong-ca-cuoc-new88\"><\/span><b>T\u1ea1i sao ch\u00ednh s\u00e1ch \u0111\u1ed9 tu\u1ed5i quan tr\u1ecdng trong ho\u1ea1t \u0111\u1ed9ng c\u00e1 c\u01b0\u1ee3c NEW88?<\/b><span class=\"ez-toc-section-end\"><\/span><\/h2>\n<p><span style=\"font-weight: 400;\"><strong>Ch\u00ednh s\u00e1ch \u0111\u1ed9 tu\u1ed5i<\/strong> kh\u00f4ng ch\u1ec9 l\u00e0 m\u1ed9t \u0111i\u1ec1u kho\u1ea3n mang t\u00ednh h\u00ecnh th\u1ee9c m\u00e0 n\u00f3 ph\u1ea3n \u00e1nh tr\u00e1ch nhi\u1ec7m x\u00e3 h\u1ed9i v\u00e0 s\u1ef1 tu\u00e2n th\u1ee7 ph\u00e1p lu\u1eadt c\u1ee7a nh\u00e0 c\u00e1i uy t\u00edn NEW88. Vi\u1ec7c thi\u1ebft l\u1eadp gi\u1edbi h\u1ea1n \u0111\u1ed9 tu\u1ed5i tham gia c\u00e1 c\u01b0\u1ee3c l\u00e0 m\u1ed9t y\u00eau c\u1ea7u ph\u00e1p l\u00fd c\u01a1 b\u1ea3n t\u1ea1i nhi\u1ec1u qu\u1ed1c gia, bao g\u1ed3m c\u1ea3 c\u00e1c quy \u0111\u1ecbnh li\u00ean quan \u0111\u1ebfn ho\u1ea1t \u0111\u1ed9ng gi\u1ea3i tr\u00ed tr\u1ef1c tuy\u1ebfn.\u00a0<\/span><\/p>\n<p><span style=\"font-weight: 400;\">NEW88 cam k\u1ebft ho\u1ea1t \u0111\u1ed9ng trong khu\u00f4n kh\u1ed5 ph\u00e1p lu\u1eadt, do \u0111\u00f3, vi\u1ec7c ki\u1ec3m so\u00e1t \u0111\u1ed9 tu\u1ed5i ng\u01b0\u1eddi ch\u01a1i l\u00e0 bi\u1ec7n ph\u00e1p ti\u00ean quy\u1ebft \u0111\u1ec3 \u0111\u1ea3m b\u1ea3o tu\u00e2n th\u1ee7. B\u00ean c\u1ea1nh \u0111\u00f3, <\/span><b>ch\u00ednh s\u00e1ch \u0111\u1ed9 tu\u1ed5i<\/b><span style=\"font-weight: 400;\"> n\u00e0y \u0111\u00f3ng vai tr\u00f2 then ch\u1ed1t trong vi\u1ec7c b\u1ea3o v\u1ec7 tr\u1ebb v\u1ecb th\u00e0nh ni\u00ean kh\u1ecfi nh\u1eefng t\u00e1c \u0111\u1ed9ng ti\u00eau c\u1ef1c ti\u1ec1m \u1ea9n t\u1eeb c\u1edd b\u1ea1c.\u00a0<\/span><\/p>\n<p><span style=\"font-weight: 400;\">C\u00e1 c\u01b0\u1ee3c \u0111\u00f2i h\u1ecfi s\u1ef1 tr\u01b0\u1edfng th\u00e0nh v\u1ec1 nh\u1eadn th\u1ee9c, kh\u1ea3 n\u0103ng qu\u1ea3n l\u00fd t\u00e0i ch\u00ednh v\u00e0 ki\u1ec3m so\u00e1t h\u00e0nh vi, nh\u1eefng y\u1ebfu t\u1ed1 m\u00e0 ng\u01b0\u1eddi ch\u01b0a \u0111\u1ee7 tu\u1ed5i th\u01b0\u1eddng ch\u01b0a ph\u00e1t tri\u1ec3n \u0111\u1ea7y \u0111\u1ee7. Do \u0111\u00f3, vi\u1ec7c ng\u0103n ch\u1eb7n ng\u01b0\u1eddi d\u00f9ng ch\u01b0a \u0111\u1ee7 tu\u1ed5i ti\u1ebfp c\u1eadn c\u00e1c s\u1ea3n ph\u1ea9m c\u00e1 c\u01b0\u1ee3c l\u00e0 m\u1ed9t ph\u1ea7n c\u1ee7a cam k\u1ebft v\u1ec1 c\u1edd b\u1ea1c c\u00f3 tr\u00e1ch nhi\u1ec7m m\u00e0 NEW88 lu\u00f4n theo \u0111u\u1ed5i, h\u01b0\u1edbng t\u1edbi m\u1ed9t m\u00f4i tr\u01b0\u1eddng gi\u1ea3i tr\u00ed l\u00e0nh m\u1ea1nh.<\/span><\/p>\n<figure id=\"attachment_914\" aria-describedby=\"caption-attachment-914\" style=\"width: 1024px\" class=\"wp-caption aligncenter\"><img loading=\"lazy\" decoding=\"async\" class=\"wp-image-914\" title=\"Ch\u00ednh s\u00e1ch \u0111\u1ed9 tu\u1ed5i tham gia c\u00e1 c\u01b0\u1ee3c t\u1ea1i NEW88 r\u1ea5t ch\u1eb7t ch\u1ebd\" src=\"http:\/\/new88home.com\/wp-content\/uploads\/2025\/12\/chinh-sach-do-tuoi-tham-gia-ca-cuoc-tai-new88-rat-chat-che.webp\" alt=\"Ch\u00ednh s\u00e1ch \u0111\u1ed9 tu\u1ed5i tham gia c\u00e1 c\u01b0\u1ee3c t\u1ea1i NEW88 r\u1ea5t ch\u1eb7t ch\u1ebd\" width=\"1024\" height=\"512\"><figcaption id=\"caption-attachment-914\" class=\"wp-caption-text\">Ch\u00ednh s\u00e1ch \u0111\u1ed9 tu\u1ed5i tham gia c\u00e1 c\u01b0\u1ee3c t\u1ea1i NEW88 r\u1ea5t ch\u1eb7t ch\u1ebd<\/figcaption><\/figure>\n<h2><span class=\"ez-toc-section\" id=\"quy-dinh-cu-the-ve-do-tuoi-tham-gia-ca-cuoc-tai-nha-cai-new88\"><\/span><b>Quy \u0111\u1ecbnh c\u1ee5 th\u1ec3 v\u1ec1 \u0111\u1ed9 tu\u1ed5i tham gia c\u00e1 c\u01b0\u1ee3c t\u1ea1i nh\u00e0 c\u00e1i NEW88\u00a0<\/b><span class=\"ez-toc-section-end\"><\/span><\/h2>\n<p><span style=\"font-weight: 400;\">\u0110\u1ec3 \u0111\u1ea3m b\u1ea3o m\u1ed9t m\u00f4i tr\u01b0\u1eddng gi\u1ea3i tr\u00ed an to\u00e0n v\u00e0 tu\u00e2n th\u1ee7 c\u00e1c ti\u00eau chu\u1ea9n qu\u1ed1c t\u1ebf, NEW88 \u0111\u00e3 x\u00e2y d\u1ef1ng nh\u1eefng <\/span><b>ch\u00ednh s\u00e1ch \u0111\u1ed9 tu\u1ed5i<\/b><span style=\"font-weight: 400;\">. Theo \u0111i\u1ec1u kho\u1ea3n v\u00e0 \u0111i\u1ec1u ki\u1ec7n \u0111\u01b0\u1ee3c c\u00f4ng b\u1ed1 c\u00f4ng khai, NEW88 y\u00eau c\u1ea7u t\u1ea5t c\u1ea3 th\u00e0nh vi\u00ean ph\u1ea3i \u0111\u1ee7 18 tu\u1ed5i tr\u1edf l\u00ean (ho\u1eb7c \u0111\u1ed9 tu\u1ed5i tr\u01b0\u1edfng th\u00e0nh h\u1ee3p ph\u00e1p t\u1ea1i qu\u1ed1c gia c\u01b0 tr\u00fa c\u1ee7a ng\u01b0\u1eddi ch\u01a1i. T\u00f9y theo quy \u0111\u1ecbnh n\u00e0o cao h\u01a1n) b\u1ea1n m\u1edbi \u0111\u01b0\u1ee3c ph\u00e9p t\u1ea1o t\u00e0i kho\u1ea3n v\u00e0 s\u1eed d\u1ee5ng d\u1ecbch v\u1ee5.\u00a0<\/span><\/p>\n<p><span style=\"font-weight: 400;\">\u0110\u00e2y l\u00e0 m\u1ed9t ti\u00eau chu\u1ea9n ph\u1ed5 bi\u1ebfn trong ng\u00e0nh c\u00f4ng nghi\u1ec7p gi\u1ea3i tr\u00ed tr\u1ef1c tuy\u1ebfn, nh\u1eb1m \u0111\u1ea3m b\u1ea3o ng\u01b0\u1eddi tham gia c\u00f3 \u0111\u1ee7 n\u0103ng l\u1ef1c h\u00e0nh vi d\u00e2n s\u1ef1, c\u00f3 th\u1ec3 t\u1ef1 ch\u1ecbu tr\u00e1ch nhi\u1ec7m v\u1ec1 c\u00e1c quy\u1ebft \u0111\u1ecbnh t\u00e0i ch\u00ednh c\u1ee7a m\u00ecnh. Ng\u01b0\u1eddi ch\u01a1i c\u00f3 tr\u00e1ch nhi\u1ec7m cung c\u1ea5p th\u00f4ng tin c\u00e1 nh\u00e2n ch\u00ednh x\u00e1c khi \u0111\u0103ng k\u00fd, bao g\u1ed3m c\u1ea3 ng\u00e0y sinh.\u00a0<\/span><\/p>\n<p><span style=\"font-weight: 400;\">B\u1ea5t k\u1ef3 h\u00e0nh vi khai gian tu\u1ed5i t\u00e1c n\u00e0o, n\u1ebfu b\u1ecb ph\u00e1t hi\u1ec7n, s\u1ebd d\u1eabn \u0111\u1ebfn nh\u1eefng bi\u1ec7n ph\u00e1p x\u1eed l\u00fd nghi\u00eam ng\u1eb7t, bao g\u1ed3m vi\u1ec7c kh\u00f3a t\u00e0i kho\u1ea3n v\u0129nh vi\u1ec5n v\u00e0 c\u00f3 th\u1ec3 m\u1ea5t to\u00e0n b\u1ed9 s\u1ed1 ti\u1ec1n c\u00f3 trong t\u00e0i kho\u1ea3n \u0111\u00f3. <\/span><b>Ch\u00ednh s\u00e1ch \u0111\u1ed9 tu\u1ed5i <\/b><span style=\"font-weight: 400;\">n\u00e0y nh\u1ea5n m\u1ea1nh t\u1ea7m quan tr\u1ecdng c\u1ee7a s\u1ef1 trung th\u1ef1c v\u00e0 tu\u00e2n th\u1ee7 t\u1eeb ph\u00eda ng\u01b0\u1eddi ch\u01a1i.<\/span><\/p>\n<figure id=\"attachment_917\" aria-describedby=\"caption-attachment-917\" style=\"width: 1024px\" class=\"wp-caption aligncenter\"><img loading=\"lazy\" decoding=\"async\" class=\"wp-image-917\" title=\"Theo quy \u0111\u1ecbnh NEW88 y\u00eau c\u1ea7u ng\u01b0\u1eddi ch\u01a1i \u0111\u1ee7 18 tr\u1edf l\u00ean m\u1edbi \u0111\u01b0\u1ee3c c\u00e1 c\u01b0\u1ee3c\u00a0\" src=\"http:\/\/new88home.com\/wp-content\/uploads\/2025\/12\/theo-quy-dinh-new88-yeu-cau-nguoi-choi-du-18-tro-len-moi-duoc-ca-cuoc.webp\" alt=\"Theo quy \u0111\u1ecbnh NEW88 y\u00eau c\u1ea7u ng\u01b0\u1eddi ch\u01a1i \u0111\u1ee7 18 tr\u1edf l\u00ean m\u1edbi \u0111\u01b0\u1ee3c c\u00e1 c\u01b0\u1ee3c\u00a0\" width=\"1024\" height=\"512\"><figcaption id=\"caption-attachment-917\" class=\"wp-caption-text\">Theo quy \u0111\u1ecbnh NEW88 y\u00eau c\u1ea7u ng\u01b0\u1eddi ch\u01a1i \u0111\u1ee7 18 tr\u1edf l\u00ean m\u1edbi \u0111\u01b0\u1ee3c c\u00e1 c\u01b0\u1ee3c<\/figcaption><\/figure>\n<h2><span class=\"ez-toc-section\" id=\"quy-trinh-xac-minh-do-tuoi-nguoi-choi-cua-new88-ra-sao\"><\/span><b>Quy tr\u00ecnh x\u00e1c minh \u0111\u1ed9 tu\u1ed5i ng\u01b0\u1eddi ch\u01a1i c\u1ee7a NEW88 ra sao?<\/b><span class=\"ez-toc-section-end\"><\/span><\/h2>\n<p><span style=\"font-weight: 400;\">Nh\u1eb1m th\u1ef1c thi hi\u1ec7u qu\u1ea3 <\/span><b>ch\u00ednh s\u00e1ch \u0111\u1ed9 tu\u1ed5i<\/b><span style=\"font-weight: 400;\"> v\u00e0 ng\u0103n ch\u1eb7n c\u00e1c tr\u01b0\u1eddng h\u1ee3p gian l\u1eadn. NEW88 \u00e1p d\u1ee5ng m\u1ed9t quy tr\u00ecnh x\u00e1c minh danh t\u00ednh (KYC \u2013 Know Your Customer) b\u00e0i b\u1ea3n v\u00e0 chuy\u00ean nghi\u1ec7p \u0111\u1ed1i v\u1edbi t\u1ea5t c\u1ea3 c\u00e1c th\u00e0nh vi\u00ean.<\/span><\/p>\n<p><span style=\"font-weight: 400;\">Quy tr\u00ecnh n\u00e0y th\u01b0\u1eddng \u0111\u01b0\u1ee3c k\u00edch ho\u1ea1t khi ng\u01b0\u1eddi ch\u01a1i th\u1ef1c hi\u1ec7n c\u00e1c giao d\u1ecbch t\u00e0i ch\u00ednh quan tr\u1ecdng nh\u01b0 n\u1ea1p ti\u1ec1n l\u1ea7n \u0111\u1ea7u v\u1edbi s\u1ed1 l\u01b0\u1ee3ng l\u1edbn ho\u1eb7c y\u00eau c\u1ea7u r\u00fat ti\u1ec1n. C\u1ee5 th\u1ec3, NEW88 c\u00f3 th\u1ec3 y\u00eau c\u1ea7u ng\u01b0\u1eddi ch\u01a1i cung c\u1ea5p c\u00e1c b\u1ea3n sao gi\u1ea5y t\u1edd t\u00f9y th\u00e2n h\u1ee3p l\u1ec7 \u0111\u1ec3 ch\u1ee9ng minh \u0111\u1ed9 tu\u1ed5i v\u00e0 danh t\u00ednh. C\u00e1c lo\u1ea1i gi\u1ea5y t\u1edd th\u01b0\u1eddng \u0111\u01b0\u1ee3c<\/span><b> ch\u00ednh s\u00e1ch \u0111\u1ed9 tu\u1ed5i <\/b><span style=\"font-weight: 400;\">NEW88 ch\u1ea5p nh\u1eadn bao g\u1ed3m:<\/span><\/p>\n<ul>\n<li style=\"font-weight: 400;\" aria-level=\"1\"><span style=\"font-weight: 400;\">Ch\u1ee9ng minh nh\u00e2n d\u00e2n ho\u1eb7c th\u1ebb c\u0103n c\u01b0\u1edbc c\u00f4ng d\u00e2n (CCCD) c\u00f2n hi\u1ec7u l\u1ef1c.<\/span><\/li>\n<li style=\"font-weight: 400;\" aria-level=\"1\"><span style=\"font-weight: 400;\">H\u1ed9 chi\u1ebfu c\u1ee7a b\u1ea1n c\u00f2n th\u1eddi h\u1ea1n s\u1eed d\u1ee5ng.<\/span><\/li>\n<li style=\"font-weight: 400;\" aria-level=\"1\"><span style=\"font-weight: 400;\">B\u1eb1ng l\u00e1i xe c\u00f3 h\u00ecnh \u1ea3nh v\u00e0 ng\u00e0y sinh r\u00f5 r\u00e0ng.<\/span><\/li>\n<\/ul>\n<p><span style=\"font-weight: 400;\">Th\u00f4ng tin tr\u00ean c\u00e1c gi\u1ea5y t\u1edd n\u00e0y ph\u1ea3i tr\u00f9ng kh\u1edbp ho\u00e0n to\u00e0n v\u1edbi th\u00f4ng tin \u0111\u00e3 \u0111\u0103ng k\u00fd t\u00e0i kho\u1ea3n. NEW88 cam k\u1ebft b\u1ea3o m\u1eadt tuy\u1ec7t \u0111\u1ed1i m\u1ecdi th\u00f4ng tin c\u00e1 nh\u00e2n v\u00e0 t\u00e0i li\u1ec7u m\u00e0 ng\u01b0\u1eddi ch\u01a1i cung c\u1ea5p, s\u1eed d\u1ee5ng c\u00e1c c\u00f4ng ngh\u1ec7 m\u00e3 h\u00f3a ti\u00ean ti\u1ebfn \u0111\u1ec3 ng\u0103n ch\u1eb7n truy c\u1eadp tr\u00e1i ph\u00e9p. Qu\u00e1 tr\u00ecnh x\u00e1c minh c\u00f3 th\u1ec3 m\u1ea5t m\u1ed9t kho\u1ea3ng th\u1eddi gian nh\u1ea5t \u0111\u1ecbnh, nh\u01b0ng \u0111\u00e2y l\u00e0 b\u01b0\u1edbc c\u1ea7n thi\u1ebft \u0111\u1ec3 \u0111\u1ea3m b\u1ea3o t\u00ednh minh b\u1ea1ch, an to\u00e0n cho c\u1ea3 ng\u01b0\u1eddi ch\u01a1i v\u00e0 nh\u00e0 c\u00e1i, \u0111\u1ed3ng th\u1eddi kh\u1eb3ng \u0111\u1ecbnh s\u1ef1 nghi\u00eam t\u00fac c\u1ee7a NEW88 trong vi\u1ec7c ch\u1ed1ng gian l\u1eadn tu\u1ed5i t\u00e1c v\u00e0 r\u1eeda ti\u1ec1n.<\/span><\/p>\n<figure id=\"attachment_919\" aria-describedby=\"caption-attachment-919\" style=\"width: 1024px\" class=\"wp-caption aligncenter\"><img loading=\"lazy\" decoding=\"async\" class=\"wp-image-919\" title=\"X\u00e1c minh tu\u1ed5i s\u1ebd \u0111\u01b0\u1ee3c NEW88 th\u1ef1c hi\u1ec7n khi ng\u01b0\u1eddi ch\u01a1i giao d\u1ecbch n\u1ea1p r\u00fat ti\u1ec1n\" src=\"http:\/\/new88home.com\/wp-content\/uploads\/2025\/12\/xac-minh-tuoi-se-duoc-new88-thuc-hien-khi-nguoi-choi-giao-dich-nap-rut-tien.webp\" alt=\"X\u00e1c minh tu\u1ed5i s\u1ebd \u0111\u01b0\u1ee3c NEW88 th\u1ef1c hi\u1ec7n khi ng\u01b0\u1eddi ch\u01a1i giao d\u1ecbch n\u1ea1p r\u00fat ti\u1ec1n\" width=\"1024\" height=\"512\"><figcaption id=\"caption-attachment-919\" class=\"wp-caption-text\">X\u00e1c minh tu\u1ed5i s\u1ebd \u0111\u01b0\u1ee3c NEW88 th\u1ef1c hi\u1ec7n khi ng\u01b0\u1eddi ch\u01a1i giao d\u1ecbch n\u1ea1p r\u00fat ti\u1ec1n<\/figcaption><\/figure>\n<blockquote><\/blockquote>\n<h2><span class=\"ez-toc-section\" id=\"loi-ich-cua-viec-tuan-thu-nghiem-chinh-sach-ve-do-tuoi-cua-new88\"><\/span><b>L\u1ee3i \u00edch c\u1ee7a vi\u1ec7c tu\u00e2n th\u1ee7 nghi\u00eam ch\u00ednh s\u00e1ch v\u1ec1 \u0111\u1ed9 tu\u1ed5i c\u1ee7a NEW88<\/b><span class=\"ez-toc-section-end\"><\/span><\/h2>\n<p><span style=\"font-weight: 400;\">Vi\u1ec7c ng\u01b0\u1eddi ch\u01a1i v\u00e0 nh\u00e0 c\u00e1i c\u00f9ng nhau tu\u00e2n th\u1ee7 nghi\u00eam ng\u1eb7t <\/span><b>ch\u00ednh s\u00e1ch \u0111\u1ed9 tu\u1ed5i<\/b><span style=\"font-weight: 400;\"> kh\u00f4ng ch\u1ec9 l\u00e0 m\u1ed9t ngh\u0129a v\u1ee5 ph\u00e1p l\u00fd m\u00e0 c\u00f2n mang l\u1ea1i nhi\u1ec1u gi\u00e1 tr\u1ecb thi\u1ebft th\u1ef1c. T\u1ea5t c\u1ea3 \u0111\u1ec1u g\u00f3p ph\u1ea7n x\u00e2y d\u1ef1ng m\u1ed9t c\u1ed9ng \u0111\u1ed3ng c\u00e1 c\u01b0\u1ee3c v\u0103n minh v\u00e0 b\u1ec1n v\u1eefng.<\/span><\/p>\n<p><span style=\"font-weight: 400;\">\u0110\u1ed1i v\u1edbi ng\u01b0\u1eddi ch\u01a1i, vi\u1ec7c tham gia v\u00e0o m\u1ed9t s\u00e2n ch\u01a1i ch\u1ec9 d\u00e0nh cho ng\u01b0\u1eddi tr\u01b0\u1edfng th\u00e0nh gi\u00fap h\u1ecd \u0111\u01b0\u1ee3c b\u1ea3o v\u1ec7 t\u1ed1t h\u01a1n. Khi t\u1ea5t c\u1ea3 th\u00e0nh vi\u00ean \u0111\u1ec1u \u0111\u1ee7 tu\u1ed5i, m\u00f4i tr\u01b0\u1eddng c\u00e1 c\u01b0\u1ee3c s\u1ebd tr\u1edf n\u00ean c\u00f4ng b\u1eb1ng h\u01a1n, gi\u1ea3m thi\u1ec3u r\u1ee7i ro b\u1ecb l\u1eeba \u0111\u1ea3o ho\u1eb7c l\u1ee3i d\u1ee5ng t\u1eeb nh\u1eefng \u0111\u1ed1i t\u01b0\u1ee3ng kh\u00f4ng \u0111\u1ee7 ch\u00edn ch\u1eafn. Ng\u01b0\u1eddi ch\u01a1i tr\u01b0\u1edfng th\u00e0nh c\u0169ng c\u00f3 \u00fd th\u1ee9c cao h\u01a1n v\u1ec1 c\u00e1 c\u01b0\u1ee3c c\u00f3 tr\u00e1ch nhi\u1ec7m, bi\u1ebft c\u00e1ch qu\u1ea3n l\u00fd v\u1ed1n v\u00e0 th\u1eddi gian ch\u01a1i h\u1ee3p l\u00fd, tr\u00e1nh nh\u1eefng h\u1ec7 l\u1ee5y ti\u00eau c\u1ef1c.<\/span><\/p>\n<p><span style=\"font-weight: 400;\">V\u1ec1 ph\u00eda nh\u00e0 c\u00e1i NEW88, vi\u1ec7c duy tr\u00ec<\/span><b> ch\u00ednh s\u00e1ch \u0111\u1ed9 tu\u1ed5i <\/b><span style=\"font-weight: 400;\">ch\u1eb7t ch\u1ebd gi\u00fap n\u00e2ng cao uy t\u00edn v\u00e0 v\u1ecb th\u1ebf tr\u00ean th\u1ecb tr\u01b0\u1eddng. M\u1ed9t nh\u00e0 c\u00e1i tu\u00e2n th\u1ee7 ph\u00e1p lu\u1eadt, ho\u1ea1t \u0111\u1ed9ng minh b\u1ea1ch v\u00e0 c\u00f3 tr\u00e1ch nhi\u1ec7m v\u1edbi x\u00e3 h\u1ed9i s\u1ebd nh\u1eadn \u0111\u01b0\u1ee3c s\u1ef1 tin t\u01b0\u1edfng t\u1eeb \u0111\u00f4ng \u0111\u1ea3o ng\u01b0\u1eddi ch\u01a1i. \u0110i\u1ec1u n\u00e0y kh\u00f4ng ch\u1ec9 gi\u00fap <a href=\"https:\/\/new88home.com\/\/\" target=\"_blank\" rel=\"noopener\"><strong>https:\/\/new88home.com\/<\/strong><\/a> ph\u00e1t tri\u1ec3n b\u1ec1n v\u1eefng m\u00e0 c\u00f2n \u0111\u00f3ng g\u00f3p v\u00e0o vi\u1ec7c \u0111\u1ecbnh h\u00ecnh m\u1ed9t ng\u00e0nh c\u00f4ng nghi\u1ec7p gi\u1ea3i tr\u00ed tr\u1ef1c tuy\u1ebfn l\u00e0nh m\u1ea1nh h\u01a1n, n\u01a1i an to\u00e0n c\u1ee7a ng\u01b0\u1eddi ch\u01a1i lu\u00f4n \u0111\u01b0\u1ee3c \u01b0u ti\u00ean h\u00e0ng \u0111\u1ea7u. H\u01a1n n\u1eefa, n\u00f3 c\u00f2n gi\u00fap nh\u00e0 c\u00e1i tr\u00e1nh \u0111\u01b0\u1ee3c c\u00e1c r\u1eafc r\u1ed1i ph\u00e1p l\u00fd v\u00e0 c\u00e1c h\u00ecnh ph\u1ea1t nghi\u00eam kh\u1eafc t\u1eeb c\u01a1 quan qu\u1ea3n l\u00fd.<\/span><\/p>\n<figure id=\"attachment_916\" aria-describedby=\"caption-attachment-916\" style=\"width: 1024px\" class=\"wp-caption aligncenter\"><img loading=\"lazy\" decoding=\"async\" class=\"wp-image-916\" title=\"Quy \u0111\u1ecbnh \u0111\u1ed9 tu\u1ed5i t\u1ea1o ra m\u1ed9t m\u00f4i tr\u01b0\u1eddng c\u00e1 c\u01b0\u1ee3c c\u00f4ng b\u1eb1ng v\u00e0 h\u1ee3p ph\u00e1p\u00a0\" src=\"http:\/\/new88home.com\/wp-content\/uploads\/2025\/12\/quy-dinh-do-tuoi-tao-ra-mot-moi-truong-ca-cuoc-cong-bang-va-hop-phap.webp\" alt=\"Quy \u0111\u1ecbnh \u0111\u1ed9 tu\u1ed5i t\u1ea1o ra m\u1ed9t m\u00f4i tr\u01b0\u1eddng c\u00e1 c\u01b0\u1ee3c c\u00f4ng b\u1eb1ng v\u00e0 h\u1ee3p ph\u00e1p\u00a0\" width=\"1024\" height=\"512\"><figcaption id=\"caption-attachment-916\" class=\"wp-caption-text\">Quy \u0111\u1ecbnh \u0111\u1ed9 tu\u1ed5i t\u1ea1o ra m\u1ed9t m\u00f4i tr\u01b0\u1eddng c\u00e1 c\u01b0\u1ee3c c\u00f4ng b\u1eb1ng v\u00e0 h\u1ee3p ph\u00e1p<\/figcaption><\/figure>\n<p><b>Ch\u00ednh s\u00e1ch \u0111\u1ed9 tu\u1ed5i<\/b><span style=\"font-weight: 400;\"> t\u1ea1i nh\u00e0 c\u00e1i NEW88 kh\u00f4ng ch\u1ec9 l\u00e0 m\u1ed9t quy \u0111\u1ecbnh mang t\u00ednh ph\u00e1p l\u00fd m\u00e0 c\u00f2n l\u00e0 m\u1ed9t cam k\u1ebft m\u1ea1nh m\u1ebd v\u1ec1 vi\u1ec7c x\u00e2y d\u1ef1ng m\u1ed9t m\u00f4i tr\u01b0\u1eddng c\u00e1 c\u01b0\u1ee3c tr\u1ef1c tuy\u1ebfn an to\u00e0n, c\u00f4ng b\u1eb1ng v\u00e0 c\u00f3 tr\u00e1ch nhi\u1ec7m. Vi\u1ec7c y\u00eau c\u1ea7u ng\u01b0\u1eddi ch\u01a1i ph\u1ea3i \u0111\u1ee7 18 tu\u1ed5i tr\u1edf l\u00ean, k\u1ebft h\u1ee3p v\u1edbi quy tr\u00ecnh x\u00e1c minh danh t\u00ednh ch\u1eb7t ch\u1ebd. M\u1ee5c ti\u00eau b\u1ea3o v\u1ec7 tr\u1ebb v\u1ecb th\u00e0nh ni\u00ean v\u00e0 \u0111\u1ea3m b\u1ea3o ch\u1ec9 nh\u1eefng ng\u01b0\u1eddi c\u00f3 \u0111\u1ee7 n\u0103ng l\u1ef1c h\u00e0nh vi d\u00e2n s\u1ef1 m\u1edbi tham gia v\u00e0o c\u00e1c ho\u1ea1t \u0111\u1ed9ng c\u00e1 c\u01b0\u1ee3c.<\/span><\/p>\n<p>\u00a0<\/p>\n","protected":false},"excerpt":{"rendered":"<p>T\u1ea1i NEW88, m\u1ed9t trong nh\u1eefng y\u1ebfu t\u1ed1 \u0111\u01b0\u1ee3c \u0111\u1eb7t l\u00ean h\u00e0ng \u0111\u1ea7u ch\u00ednh l\u00e0 ch\u00ednh s\u00e1ch \u0111\u1ed9 tu\u1ed5i. Vi\u1ec7c tu\u00e2n th\u1ee7 nghi\u00eam ng\u1eb7t c\u00e1c quy \u0111\u1ecbnh v\u1ec1 \u0111\u1ed9 tu\u1ed5i kh\u00f4ng ch\u1ec9 th\u1ec3 hi\u1ec7n s\u1ef1 chuy\u00ean nghi\u1ec7p c\u1ee7a nh\u00e0 c\u00e1i m\u00e0 c\u00f2n b\u1ea3o v\u1ec7 quy\u1ec1n l\u1ee3i c\u1ee7a ch\u00ednh ng\u01b0\u1eddi ch\u01a1i, \u0111\u1eb7c bi\u1ec7t l\u00e0 \u0111\u1ed1i t\u01b0\u1ee3ng v\u1ecb [&#8230;]\n","protected":false},"author":1,"featured_media":1179,"parent":0,"menu_order":0,"comment_status":"closed","ping_status":"closed","template":"","meta":{"footnotes":""},"class_list":["post-1173","page","type-page","status-publish","has-post-thumbnail","hentry"],"_links":{"self":[{"href":"https:\/\/new88home.com\/index.php\/wp-json\/wp\/v2\/pages\/1173","targetHints":{"allow":["GET"]}}],"collection":[{"href":"https:\/\/new88home.com\/index.php\/wp-json\/wp\/v2\/pages"}],"about":[{"href":"https:\/\/new88home.com\/index.php\/wp-json\/wp\/v2\/types\/page"}],"author":[{"embeddable":true,"href":"https:\/\/new88home.com\/index.php\/wp-json\/wp\/v2\/users\/1"}],"replies":[{"embeddable":true,"href":"https:\/\/new88home.com\/index.php\/wp-json\/wp\/v2\/comments?post=1173"}],"version-history":[{"count":0,"href":"https:\/\/new88home.com\/index.php\/wp-json\/wp\/v2\/pages\/1173\/revisions"}],"wp:featuredmedia":[{"embeddable":true,"href":"https:\/\/new88home.com\/index.php\/wp-json\/wp\/v2\/media\/1179"}],"wp:attachment":[{"href":"https:\/\/new88home.com\/index.php\/wp-json\/wp\/v2\/media?parent=1173"}],"curies":[{"name":"wp","href":"https:\/\/api.w.org\/{rel}","templated":true}]}}