{"id":1174,"date":"2025-12-26T09:30:52","date_gmt":"2025-12-26T09:30:52","guid":{"rendered":"https:\/\/new88home.com\/index.php\/ve-chung-toi\/"},"modified":"2025-12-26T09:30:52","modified_gmt":"2025-12-26T09:30:52","slug":"ve-chung-toi","status":"publish","type":"page","link":"https:\/\/new88home.com\/index.php\/ve-chung-toi\/","title":{"rendered":"V\u1ec1 ch\u00fang t\u00f4i: Gi\u1edbi thi\u1ec7u \u0111\u1ea1i l\u00fd New 88 uy t\u00edn, chuy\u00ean nghi\u1ec7p"},"content":{"rendered":"<p><a href=\"https:\/\/new88home.com\/\/ve-chung-toi\/\" target=\"_blank\" rel=\"noopener\"><strong><i>V\u1ec1 ch\u00fang t\u00f4i<\/i><\/strong><\/a><i><span style=\"font-weight: 400;\">, gi\u1edbi thi\u1ec7u \u0111\u1ea1i l\u00fd ch\u00ednh th\u1ee9c c\u1ee7a NEW 88 \u2013 n\u01a1i h\u1ed9i t\u1ee5 \u0111\u1ea7y \u0111\u1ee7 nh\u1eefng y\u1ebfu t\u1ed1 m\u00e0 b\u1ea1n \u0111ang t\u00ecm ki\u1ebfm. Trong b\u00e0i vi\u1ebft n\u00e0y, b\u1ea1n s\u1ebd hi\u1ec3u r\u00f5 h\u01a1n v\u1ec1 cam k\u1ebft ch\u1ea5t l\u01b0\u1ee3ng, ti\u00eau chu\u1ea9n d\u1ecbch v\u1ee5 v\u00e0 nh\u1eefng l\u1ee3i th\u1ebf v\u01b0\u1ee3t tr\u1ed9i m\u00e0 New 88vn.top mang l\u1ea1i. H\u00e3y c\u00f9ng <strong><a href=\"https:\/\/new88home.com\/\/\" target=\"_blank\" rel=\"noopener\">new88<\/a><\/strong> kh\u00e1m ph\u00e1 \u0111\u1ec3 ch\u1ecdn cho m\u00ecnh m\u1ed9t ng\u01b0\u1eddi b\u1ea1n \u0111\u1ed3ng h\u00e0nh \u0111\u00e1ng tin c\u1eady trong h\u00e0nh tr\u00ecnh chinh ph\u1ee5c nh\u1eefng \u0111\u1ec9nh cao m\u1edbi nh\u00e9!<\/span><\/i><\/p>\n<h2><span class=\"ez-toc-section\" id=\"tong-quan-ve-chung-toi-%e2%80%93-betso88io-doi-tac-tin-cay-cua-new-88\"><\/span><b>T\u1ed5ng quan v\u1ec1 ch\u00fang t\u00f4i \u2013 betso88.io: \u0110\u1ed1i t\u00e1c tin c\u1eady c\u1ee7a New 88<\/b><span class=\"ez-toc-section-end\"><\/span><\/h2>\n<p><span style=\"font-weight: 400;\">New88vn.top t\u1ef1 h\u00e0o l\u00e0 \u0111\u1ea1i l\u00fd ch\u00ednh th\u1ee9c \u0111\u01b0\u1ee3c \u1ee7y quy\u1ec1n b\u1edfi nh\u00e0 c\u00e1i New 88. <\/span><b>V\u1ec1 ch\u00fang t\u00f4i<\/b><span style=\"font-weight: 400;\">, new88vn \u0111\u01b0\u1ee3c th\u00e0nh l\u1eadp v\u1edbi s\u1ee9 m\u1ec7nh mang \u0111\u1ebfn cho ng\u01b0\u1eddi ch\u01a1i Vi\u1ec7t Nam c\u00e1nh c\u1ed5ng ti\u1ebfp c\u1eadn an to\u00e0n v\u00e0 thu\u1eadn ti\u1ec7n nh\u1ea5t t\u1edbi h\u1ec7 sinh th\u00e1i gi\u1ea3i tr\u00ed New 88. V\u1edbi kinh nghi\u1ec7m nhi\u1ec1u n\u0103m trong l\u0129nh v\u1ef1c, \u0111\u1ed9i ng\u0169\u00a0 kh\u00f4ng ch\u1ec9 l\u00e0 c\u1ea7u n\u1ed1i m\u00e0 c\u00f2n l\u00e0 ng\u01b0\u1eddi \u0111\u1ed3ng h\u00e0nh \u0111\u00e1ng tin c\u1eady, h\u1ed7 tr\u1ee3 ng\u01b0\u1eddi ch\u01a1i t\u1eeb nh\u1eefng b\u01b0\u1edbc \u0111\u1ea7u ti\u00ean \u0111\u1ebfn khi tr\u1edf th\u00e0nh th\u00e0nh vi\u00ean chuy\u00ean nghi\u1ec7p t\u1ea1i New 88.<\/span><\/p>\n<figure id=\"attachment_911\" aria-describedby=\"caption-attachment-911\" style=\"width: 1024px\" class=\"wp-caption aligncenter\"><img loading=\"lazy\" decoding=\"async\" class=\"wp-image-911\" title=\"V\u1ec1 ch\u00fang t\u00f4i, New88vn.top \u0111\u1ea1i l\u00fd ch\u00ednh th\u1ee9c c\u1ee7a nh\u00e0 c\u00e1i New88\" src=\"http:\/\/new88home.com\/wp-content\/uploads\/2025\/12\/ve-chung-toi-new88vn-top-dai-ly-chinh-thuc-cua-nha-cai-new88.webp\" alt=\"V\u1ec1 ch\u00fang t\u00f4i, New88vn.top \u0111\u1ea1i l\u00fd ch\u00ednh th\u1ee9c c\u1ee7a nh\u00e0 c\u00e1i New88\" width=\"1024\" height=\"512\"><figcaption id=\"caption-attachment-911\" class=\"wp-caption-text\">V\u1ec1 ch\u00fang t\u00f4i, New88vn.top \u0111\u1ea1i l\u00fd ch\u00ednh th\u1ee9c c\u1ee7a nh\u00e0 c\u00e1i New 88<\/figcaption><\/figure>\n<p><span style=\"font-weight: 400;\">Khi t\u00ecm hi\u1ec3u <\/span><b>v\u1ec1 ch\u00fang t\u00f4i<\/b><span style=\"font-weight: 400;\">, \u0111i\u1ec1u quan tr\u1ecdng nh\u1ea5t m\u00e0 ng\u01b0\u1eddi ch\u01a1i c\u1ea7n bi\u1ebft l\u00e0 betso88.io l\u00e0 \u0111\u1ea1i l\u00fd ch\u00ednh th\u1ee9c \u0111\u01b0\u1ee3c c\u00f4ng nh\u1eadn v\u00e0 \u1ee7y quy\u1ec1n b\u1edfi New 88. \u0110i\u1ec1u n\u00e0y c\u00f3 ngh\u0129a t\u1ea5t c\u1ea3 ho\u1ea1t \u0111\u1ed9ng \u0111\u0103ng k\u00fd, h\u1ed7 tr\u1ee3, v\u00e0 khuy\u1ebfn m\u00e3i th\u00f4ng qua betso88.io \u0111\u1ec1u \u0111\u01b0\u1ee3c b\u1ea3o \u0111\u1ea3m v\u00e0 ch\u1ecbu tr\u00e1ch nhi\u1ec7m b\u1edfi nh\u00e0 c\u00e1i New 88.<\/span><\/p>\n<p><span style=\"font-weight: 400;\">\u0110\u1eb7c bi\u1ec7t, khi \u0111\u0103ng k\u00fd th\u00f4ng qua \u0111\u1ea1i l\u00fd ch\u00ednh th\u1ee9c nh\u01b0 betso88.io, ng\u01b0\u1eddi ch\u01a1i kh\u00f4ng ch\u1ec9 \u0111\u01b0\u1ee3c h\u01b0\u1edfng \u0111\u1ea7y \u0111\u1ee7 c\u00e1c \u01b0u \u0111\u00e3i g\u1ed1c t\u1eeb New 88 m\u00e0 c\u00f2n c\u00f3 c\u01a1 h\u1ed9i ti\u1ebfp c\u1eadn c\u00e1c ch\u01b0\u01a1ng tr\u00ecnh khuy\u1ebfn m\u00e3i \u0111\u1ed9c quy\u1ec1n ch\u1ec9 d\u00e0nh cho th\u00e0nh vi\u00ean \u0111\u0103ng k\u00fd qua h\u1ec7 th\u1ed1ng \u0111\u1ea1i l\u00fd c\u1ee7a ch\u00fang t\u00f4i.<\/span><\/p>\n<h2><span class=\"ez-toc-section\" id=\"nhung-uu-diem-cua-newvntop-la-gi\"><\/span><b>Nh\u1eefng \u01b0u \u0111i\u1ec3m c\u1ee7a Newvn.top l\u00e0 g\u00ec?<\/b><span class=\"ez-toc-section-end\"><\/span><\/h2>\n<p><span style=\"font-weight: 400;\">Gi\u1edbi thi\u1ec7u <\/span><b>v\u1ec1 ch\u00fang t\u00f4i<\/b><span style=\"font-weight: 400;\">, trang newvn.top c\u00f3 nhi\u1ec1u \u01b0u \u0111i\u1ec3m v\u00e0 s\u1ebd l\u00e0 l\u1ef1a ch\u1ecdn \u0111\u00e1ng tin c\u1eady c\u1ee7a game th\u1ee7 b\u1edfi:<\/span><\/p>\n<h3><span class=\"ez-toc-section\" id=\"dich-vu-dang-ky-va-ho-tro-nguoi-choi-vuot-troi\"><\/span><b>D\u1ecbch v\u1ee5 \u0111\u0103ng k\u00fd v\u00e0 h\u1ed7 tr\u1ee3 ng\u01b0\u1eddi ch\u01a1i v\u01b0\u1ee3t tr\u1ed9i<\/b><span class=\"ez-toc-section-end\"><\/span><\/h3>\n<p><b>V\u1ec1 ch\u00fang t\u00f4i<\/b><span style=\"font-weight: 400;\">, betso88.io cung c\u1ea5p d\u1ecbch v\u1ee5 \u0111\u0103ng k\u00fd t\u00e0i kho\u1ea3n New 88 nhanh ch\u00f3ng v\u00e0 thu\u1eadn ti\u1ec7n. V\u1edbi quy tr\u00ecnh t\u1ed1i \u01b0u h\u00f3a, ng\u01b0\u1eddi ch\u01a1i ch\u1ec9 c\u1ea7n 3 ph\u00fat \u0111\u1ec3 ho\u00e0n t\u1ea5t \u0111\u0103ng k\u00fd v\u00e0 b\u1eaft \u0111\u1ea7u tr\u1ea3i nghi\u1ec7m c\u00e1c s\u1ea3n ph\u1ea9m gi\u1ea3i tr\u00ed t\u1ea1i nh\u00e0 c\u00e1i:<\/span><\/p>\n<ul>\n<li style=\"font-weight: 400;\" aria-level=\"1\"><b>\u0110\u0103ng k\u00fd t\u00e0i kho\u1ea3n<\/b><span style=\"font-weight: 400;\">: H\u1ed7 tr\u1ee3 t\u1ea1o t\u00e0i kho\u1ea3n nhanh ch\u00f3ng v\u1edbi th\u00f4ng tin b\u1ea3o m\u1eadt 100%<\/span><\/li>\n<li style=\"font-weight: 400;\" aria-level=\"1\"><b>H\u01b0\u1edbng d\u1eabn n\u1ea1p\/r\u00fat ti\u1ec1n<\/b><span style=\"font-weight: 400;\">: Cung c\u1ea5p h\u01b0\u1edbng d\u1eabn chi ti\u1ebft v\u1ec1 t\u1ea5t c\u1ea3 c\u00e1c ph\u01b0\u01a1ng th\u1ee9c thanh to\u00e1n<\/span><\/li>\n<li style=\"font-weight: 400;\" aria-level=\"1\"><b>T\u01b0 v\u1ea5n c\u01b0\u1ee3c th\u00f4ng minh<\/b><span style=\"font-weight: 400;\">: Chia s\u1ebb kinh nghi\u1ec7m, m\u1eb9o c\u01b0\u1ee3c hi\u1ec7u qu\u1ea3 t\u1eeb chuy\u00ean gia<\/span><\/li>\n<li style=\"font-weight: 400;\" aria-level=\"1\"><b>Gi\u1ea3i \u0111\u00e1p th\u1eafc m\u1eafc 24\/7<\/b><span style=\"font-weight: 400;\">: \u0110\u1ed9i ng\u0169 t\u01b0 v\u1ea5n vi\u00ean chuy\u00ean nghi\u1ec7p lu\u00f4n s\u1eb5n s\u00e0ng h\u1ed7 tr\u1ee3<\/span><\/li>\n<\/ul>\n<figure id=\"attachment_908\" aria-describedby=\"caption-attachment-908\" style=\"width: 1024px\" class=\"wp-caption aligncenter\"><img loading=\"lazy\" decoding=\"async\" class=\"wp-image-908\" title=\"H\u1ed7 tr\u1ee3 ng\u01b0\u1eddi ch\u01a1i chu \u0111\u00e1o m\u1ecdi v\u1ea5n \u0111\u1ec1 li\u00ean quan NEW 88\" src=\"http:\/\/new88home.com\/wp-content\/uploads\/2025\/12\/ho-tro-nguoi-choi-trong-moi-van-de-lien-quan-new88.webp\" alt=\"H\u1ed7 tr\u1ee3 ng\u01b0\u1eddi ch\u01a1i chu \u0111\u00e1o m\u1ecdi v\u1ea5n \u0111\u1ec1 li\u00ean quan NEW 88\" width=\"1024\" height=\"512\"><figcaption id=\"caption-attachment-908\" class=\"wp-caption-text\">H\u1ed7 tr\u1ee3 ng\u01b0\u1eddi ch\u01a1i chu \u0111\u00e1o m\u1ecdi v\u1ea5n \u0111\u1ec1 li\u00ean quan NEW 88<\/figcaption><\/figure>\n<p><span style=\"font-weight: 400;\">\u0110\u1eb7c bi\u1ec7t, betso88.io c\u00f2n cung c\u1ea5p c\u00e1c h\u01b0\u1edbng d\u1eabn chi ti\u1ebft v\u1ec1 c\u00e1ch tham gia t\u1eebng s\u1ea3n ph\u1ea9m gi\u1ea3i tr\u00ed t\u1ea1i New 88 nh\u01b0 th\u1ec3 thao, casino, game b\u00e0i, n\u1ed5 h\u0169\u2026 gi\u00fap ng\u01b0\u1eddi ch\u01a1i, \u0111\u1eb7c bi\u1ec7t l\u00e0 ng\u01b0\u1eddi m\u1edbi, c\u00f3 th\u1ec3 ti\u1ebfp c\u1eadn v\u00e0 tr\u1ea3i nghi\u1ec7m d\u1ec5 d\u00e0ng h\u01a1n.<\/span><\/p>\n<h3><span class=\"ez-toc-section\" id=\"noi-dung-huong-dan-chat-luong-va-cap-nhat-thuong-xuyen\"><\/span><b>N\u1ed9i dung h\u01b0\u1edbng d\u1eabn ch\u1ea5t l\u01b0\u1ee3ng v\u00e0 c\u1eadp nh\u1eadt th\u01b0\u1eddng xuy\u00ean<\/b><span class=\"ez-toc-section-end\"><\/span><\/h3>\n<p><span style=\"font-weight: 400;\">Kh\u00e1c v\u1edbi nhi\u1ec1u trang \u0111\u1ea1i l\u00fd kh\u00e1c, ch\u00fang t\u00f4i lu\u00f4n ch\u00fa tr\u1ecdng \u0111\u1ebfn vi\u1ec7c cung c\u1ea5p n\u1ed9i dung ch\u1ea5t l\u01b0\u1ee3ng, c\u1eadp nh\u1eadt v\u00e0 h\u1eefu \u00edch cho ng\u01b0\u1eddi ch\u01a1i. T\u1ea1i betso88.io, b\u1ea1n s\u1ebd t\u00ecm th\u1ea5y:<\/span><\/p>\n<ul>\n<li style=\"font-weight: 400;\" aria-level=\"1\"><span style=\"font-weight: 400;\">H\u01b0\u1edbng d\u1eabn chi ti\u1ebft v\u1ec1 c\u00e1ch \u0111\u0103ng k\u00fd, \u0111\u0103ng nh\u1eadp v\u00e0 s\u1eed d\u1ee5ng c\u00e1c s\u1ea3n ph\u1ea9m t\u1ea1i New 88<\/span><\/li>\n<li style=\"font-weight: 400;\" aria-level=\"1\"><span style=\"font-weight: 400;\">Ph\u00e2n t\u00edch, nh\u1eadn \u0111\u1ecbnh chuy\u00ean s\u00e2u v\u1ec1 c\u00e1c s\u1ef1 ki\u1ec7n th\u1ec3 thao nh\u01b0 b\u00f3ng \u0111\u00e1, b\u00f3ng r\u1ed5, \u0111ua ng\u1ef1a.<\/span><\/li>\n<li style=\"font-weight: 400;\" aria-level=\"1\"><span style=\"font-weight: 400;\">M\u1eb9o, chi\u1ebfn thu\u1eadt ch\u01a1i game hi\u1ec7u qu\u1ea3 t\u1eeb chuy\u00ean gia<\/span><\/li>\n<li style=\"font-weight: 400;\" aria-level=\"1\"><span style=\"font-weight: 400;\">Th\u00f4ng tin c\u1eadp nh\u1eadt v\u1ec1 c\u00e1c s\u1ef1 ki\u1ec7n, khuy\u1ebfn m\u00e3i m\u1edbi nh\u1ea5t t\u1ea1i New 88<\/span><\/li>\n<li style=\"font-weight: 400;\" aria-level=\"1\"><span style=\"font-weight: 400;\">Gi\u1ea3i \u0111\u00e1p c\u00e1c c\u00e2u h\u1ecfi th\u01b0\u1eddng g\u1eb7p v\u00e0 h\u1ed7 tr\u1ee3 k\u1ef9 thu\u1eadt cho h\u1ed9i vi\u00ean c\u1ee7a nh\u00e0 c\u00e1i New 88.<\/span><\/li>\n<\/ul>\n<p><span style=\"font-weight: 400;\">T\u1ea5t c\u1ea3 n\u1ed9i dung t\u1ea1i betso88.io \u0111\u1ec1u \u0111\u01b0\u1ee3c bi\u00ean so\u1ea1n b\u1edfi \u0111\u1ed9i ng\u0169 chuy\u00ean gia c\u00f3 kinh nghi\u1ec7m, \u0111\u1ea3m b\u1ea3o t\u00ednh ch\u00ednh x\u00e1c v\u00e0 h\u1eefu \u00edch cho ng\u01b0\u1eddi ch\u01a1i \u1edf m\u1ecdi c\u1ea5p \u0111\u1ed9.<\/span><\/p>\n<blockquote><\/blockquote>\n<h3><span class=\"ez-toc-section\" id=\"doi-ngu-ho-tro-chuyen-nghiep-tan-tam-247\"><\/span><b>\u0110\u1ed9i ng\u0169 h\u1ed7 tr\u1ee3 chuy\u00ean nghi\u1ec7p, t\u1eadn t\u00e2m 24\/7<\/b><span class=\"ez-toc-section-end\"><\/span><\/h3>\n<p><span style=\"font-weight: 400;\">\u0110i\u1ec3m m\u1ea1nh n\u1ed5i b\u1eadt khi t\u00ecm hi\u1ec3u <\/span><b>v\u1ec1 ch\u00fang t\u00f4i<\/b><span style=\"font-weight: 400;\"> ch\u00ednh l\u00e0 \u0111\u1ed9i ng\u0169 h\u1ed7 tr\u1ee3 chuy\u00ean nghi\u1ec7p v\u00e0 t\u1eadn t\u00e2m. Nh\u00f3m t\u01b0 v\u1ea5n vi\u00ean c\u1ee7a betso88.io \u0111\u01b0\u1ee3c \u0111\u00e0o t\u1ea1o b\u00e0i b\u1ea3n v\u1ec1 t\u1ea5t c\u1ea3 c\u00e1c s\u1ea3n ph\u1ea9m, d\u1ecbch v\u1ee5 c\u1ee7a New 88, s\u1eb5n s\u00e0ng h\u1ed7 tr\u1ee3 ng\u01b0\u1eddi ch\u01a1i 24\/7 qua nhi\u1ec1u k\u00eanh:<\/span><\/p>\n<ul>\n<li style=\"font-weight: 400;\" aria-level=\"1\"><span style=\"font-weight: 400;\">Live chat v\u00e0 h\u1ed7 tr\u1ee3 qua Zalo, Telegram.\u00a0<\/span><\/li>\n<li style=\"font-weight: 400;\" aria-level=\"1\"><span style=\"font-weight: 400;\">Hotline h24\/7.<\/span><\/li>\n<li style=\"font-weight: 400;\" aria-level=\"1\"><span style=\"font-weight: 400;\">Email v\u1edbi th\u1eddi gian ph\u1ea3n h\u1ed3i nhanh ch\u00f3ng, x\u1eed l\u00fd c\u00e1c v\u1ea5n \u0111\u1ec1 chuy\u00ean nghi\u1ec7p.<\/span><\/li>\n<\/ul>\n<figure id=\"attachment_907\" aria-describedby=\"caption-attachment-907\" style=\"width: 1024px\" class=\"wp-caption aligncenter\"><img loading=\"lazy\" decoding=\"async\" class=\"wp-image-907\" title=\"\u0110\u1ed9i ng\u0169 support t\u00fac tr\u1ef1c 24\/7 s\u1eb5n s\u00e0ng h\u1ed7 tr\u1ee3 h\u1ed9i vi\u00ean\" src=\"http:\/\/new88home.com\/wp-content\/uploads\/2025\/12\/doi-ngu-support-tuc-truc-24-7-san-sang-ho-tro-hoi-vien.webp\" alt=\"\u0110\u1ed9i ng\u0169 support t\u00fac tr\u1ef1c 24\/7 s\u1eb5n s\u00e0ng h\u1ed7 tr\u1ee3 h\u1ed9i vi\u00ean\" width=\"1024\" height=\"512\"><figcaption id=\"caption-attachment-907\" class=\"wp-caption-text\">\u0110\u1ed9i ng\u0169 support t\u00fac tr\u1ef1c 24\/7 s\u1eb5n s\u00e0ng h\u1ed7 tr\u1ee3 h\u1ed9i vi\u00ean<\/figcaption><\/figure>\n<h2><span class=\"ez-toc-section\" id=\"loi-ich-nguoi-choi-nhan-duoc-khi-tro-thanh-thanh-vien-new-88\"><\/span><b>L\u1ee3i \u00edch ng\u01b0\u1eddi ch\u01a1i nh\u1eadn \u0111\u01b0\u1ee3c khi tr\u1edf th\u00e0nh th\u00e0nh vi\u00ean New 88<\/b><span class=\"ez-toc-section-end\"><\/span><\/h2>\n<p><span style=\"font-weight: 400;\">Sau khi \u0111\u00e3 hi\u1ec3u r\u00f5 v\u1ec1 ch\u00fang t\u00f4i, ch\u1eafc ch\u1eafn b\u1ea1n s\u1ebd th\u1eafc m\u1eafc tr\u1edf th\u00e0nh th\u00e0nh vi\u00ean New 88 \u0111\u01b0\u1ee3c l\u1ee3i \u00edch g\u00ec?<\/span><\/p>\n<h3><span class=\"ez-toc-section\" id=\"kham-pha-kho-game-khong-lo\"><\/span><b>Kh\u00e1m ph\u00e1 kho game kh\u1ed5ng l\u1ed3<\/b><span class=\"ez-toc-section-end\"><\/span><\/h3>\n<p><span style=\"font-weight: 400;\">T\u1ea1i NEW 88, <\/span><b>v\u1ec1 ch\u00fang t\u00f4i<\/b><span style=\"font-weight: 400;\"> hi\u1ec3u r\u1eb1ng m\u1ed7i kh\u00e1ch h\u00e0ng \u0111\u1ec1u c\u00f3 s\u1edf th\u00edch v\u00e0 nhu c\u1ea7u gi\u1ea3i tr\u00ed ri\u00eang. V\u00ec v\u1eady, ch\u00fang t\u00f4i cung c\u1ea5p danh m\u1ee5c s\u1ea3n ph\u1ea9m v\u00f4 c\u00f9ng phong ph\u00fa, bao g\u1ed3m:<\/span><\/p>\n<ul>\n<li style=\"font-weight: 400;\" aria-level=\"1\"><b>Th\u1ec3 thao<\/b><span style=\"font-weight: 400;\">: \u0110\u1eb7t c\u01b0\u1ee3c v\u00e0o c\u00e1c gi\u1ea3i \u0111\u1ea5u th\u1ec3 thao h\u00e0ng \u0111\u1ea7u th\u1ebf gi\u1edbi nh\u01b0 b\u00f3ng \u0111\u00e1, b\u00f3ng r\u1ed5, tennis, \u0111ua xe\u2026<\/span><\/li>\n<li style=\"font-weight: 400;\" aria-level=\"1\"><b>Casino tr\u1ef1c tuy\u1ebfn<\/b><span style=\"font-weight: 400;\">: Tr\u1ea3i nghi\u1ec7m nh\u1eefng tr\u00f2 ch\u01a1i casino kinh \u0111i\u1ec3n nh\u01b0 Baccarat, Blackjack, Roulette, Sicbo\u2026<\/span><\/li>\n<li style=\"font-weight: 400;\" aria-level=\"1\"><b>Game b\u00e0i \u0111\u1ed5i th\u01b0\u1edfng<\/b><span style=\"font-weight: 400;\">: H\u00e0ng tr\u0103m t\u1ef1a game b\u00e0i quen thu\u1ed9c nh\u01b0 Poker, Ti\u1ebfn l\u00ean, Ph\u1ecfm, Li\u00eang\u2026<\/span><\/li>\n<li style=\"font-weight: 400;\" aria-level=\"1\"><b>X\u1ed5 s\u1ed1, l\u00f4 \u0111\u1ec1<\/b><span style=\"font-weight: 400;\">: D\u1ec5 d\u00e0ng mua v\u00e9 s\u1ed1 v\u00e0 theo d\u00f5i k\u1ebft qu\u1ea3 x\u1ed5 s\u1ed1 3 mi\u1ec1n tr\u1ef1c ti\u1ebfp.<\/span><\/li>\n<li style=\"font-weight: 400;\" aria-level=\"1\"><b>N\u1ed5 h\u0169, b\u1eafn c\u00e1<\/b><span style=\"font-weight: 400;\">: T\u1eadn h\u01b0\u1edfng c\u1ea3m gi\u00e1c s\u0103n h\u0169 \u0111\u1ec9nh cao v\u1edbi t\u1ef7 l\u1ec7 tr\u00fang th\u01b0\u1edfng c\u1ef1c cao.<\/span><\/li>\n<\/ul>\n<p><span style=\"font-weight: 400;\">T\u1ea5t c\u1ea3 c\u00e1c s\u1ea3n ph\u1ea9m c\u1ee7a NEW 88 \u0111\u1ec1u \u0111\u01b0\u1ee3c ph\u00e1t tri\u1ec3n b\u1edfi nh\u1eefng \u0111\u1ed1i t\u00e1c h\u00e0ng \u0111\u1ea7u nh\u01b0 Microgaming, Playtech, Evolution Gaming\u2026 nh\u1eb1m \u0111em \u0111\u1ebfn tr\u1ea3i nghi\u1ec7m ch\u01a1i game m\u01b0\u1ee3t m\u00e0 v\u00e0 ch\u00e2n th\u1ef1c nh\u1ea5t. Khi t\u00ecm hi\u1ec3u <\/span><b>v\u1ec1 ch\u00fang t\u00f4i<\/b><span style=\"font-weight: 400;\">, ng\u01b0\u1eddi ch\u01a1i s\u1ebd \u0111\u01b0\u1ee3c ti\u1ebfp c\u1eadn v\u1edbi m\u1ed9t th\u1ebf gi\u1edbi gi\u1ea3i tr\u00ed kh\u00f4ng gi\u1edbi h\u1ea1n.<\/span><\/p>\n<figure id=\"attachment_909\" aria-describedby=\"caption-attachment-909\" style=\"width: 1024px\" class=\"wp-caption aligncenter\"><img loading=\"lazy\" decoding=\"async\" class=\"wp-image-909\" title=\"L\u00e0 th\u00e0nh vi\u00ean New88 an t\u00e2m ch\u01a1i c\u00e1 c\u01b0\u1ee3c kh\u00f4ng l\u1eafng g\u00ec\" src=\"http:\/\/new88home.com\/wp-content\/uploads\/2025\/12\/la-thanh-vien-new88-an-tam-choi-ca-cuoc-khong-lang-gi.webp\" alt=\"L\u00e0 th\u00e0nh vi\u00ean New88 an t\u00e2m ch\u01a1i c\u00e1 c\u01b0\u1ee3c kh\u00f4ng l\u1eafng g\u00ec\" width=\"1024\" height=\"512\"><figcaption id=\"caption-attachment-909\" class=\"wp-caption-text\">L\u00e0 th\u00e0nh vi\u00ean New 88 an t\u00e2m ch\u01a1i c\u00e1 c\u01b0\u1ee3c kh\u00f4ng l\u1eafng g\u00ec<\/figcaption><\/figure>\n<h3><span class=\"ez-toc-section\" id=\"bao-mat-thong-tin-tuyet-doi\"><\/span><b>B\u1ea3o m\u1eadt th\u00f4ng tin tuy\u1ec7t \u0111\u1ed1i<\/b><span class=\"ez-toc-section-end\"><\/span><\/h3>\n<p><span style=\"font-weight: 400;\">Vi\u1ec7c b\u1ea3o v\u1ec7 ng\u01b0\u1eddi d\u00f9ng l\u00e0 \u01b0u ti\u00ean s\u1ed1 m\u1ed9t, th\u1ec3 hi\u1ec7n qua c\u00f4ng ngh\u1ec7 m\u00e3 h\u00f3a SSL 128-bit v\u00e0 h\u1ec7 th\u1ed1ng t\u01b0\u1eddng l\u1eeda \u0111a l\u1edbp \u0111\u1ec3 b\u1ea3o v\u1ec7 m\u1ecdi d\u1eef li\u1ec7u c\u00e1 nh\u00e2n, th\u00f4ng tin t\u00e0i kho\u1ea3n, l\u1ecbch s\u1eed giao d\u1ecbch\u2026 M\u1ecdi ho\u1ea1t \u0111\u1ed9ng t\u1ea1i NEW 88 \u0111\u1ec1u \u0111\u01b0\u1ee3c gi\u00e1m s\u00e1t ch\u1eb7t ch\u1ebd 24\/7, ng\u0103n ch\u1eb7n m\u1ecdi nguy c\u01a1 x\u00e2m nh\u1eadp t\u1eeb b\u00ean ngo\u00e0i.<\/span><\/p>\n<h3><span class=\"ez-toc-section\" id=\"giao-dich-tai-chinh-nap-hay-rut-deu-nhanh-chong-tien-loi\"><\/span><b>Giao d\u1ecbch t\u00e0i ch\u00ednh n\u1ea1p hay r\u00fat \u0111\u1ec1u nhanh ch\u00f3ng, ti\u1ec7n l\u1ee3i<\/b><span class=\"ez-toc-section-end\"><\/span><\/h3>\n<p><span style=\"font-weight: 400;\">Khi n\u00f3i<\/span><b> v\u1ec1 ch\u00fang t\u00f4i<\/b><span style=\"font-weight: 400;\">, NEW 88 h\u1ed7 tr\u1ee3 \u0111\u1ea7y \u0111\u1ee7 c\u00e1c ph\u01b0\u01a1ng th\u1ee9c giao d\u1ecbch ph\u1ed5 bi\u1ebfn nh\u01b0 chuy\u1ec3n kho\u1ea3n ng\u00e2n h\u00e0ng, th\u1ebb c\u00e0o, v\u00ed \u0111i\u1ec7n t\u1eed\u2026 Nh\u1edd \u00e1p d\u1ee5ng c\u00f4ng ngh\u1ec7 API ti\u00ean ti\u1ebfn, m\u1ecdi giao d\u1ecbch n\u1ea1p r\u00fat ti\u1ec1n \u0111\u1ec1u di\u1ec5n ra nhanh ch\u00f3ng trong v\u00f2ng 3-5 ph\u00fat.<\/span><\/p>\n<h3><span class=\"ez-toc-section\" id=\"khuyen-mai-hap-dan\"><\/span><b>Khuy\u1ebfn m\u00e3i h\u1ea5p d\u1eabn<\/b><span class=\"ez-toc-section-end\"><\/span><\/h3>\n<p><span style=\"font-weight: 400;\">T\u1ea1i New 88, ch\u00fang t\u00f4i tin r\u1eb1ng m\u1ed7i kh\u00e1ch h\u00e0ng \u0111\u1ec1u x\u1ee9ng \u0111\u00e1ng nh\u1eadn \u0111\u01b0\u1ee3c nh\u1eefng \u0111\u1eb7c quy\u1ec1n v\u00e0 \u01b0u \u0111\u00e3i tuy\u1ec7t v\u1eddi. \u0110\u00f3 l\u00e0 l\u00fd do v\u00ec sao h\u1ec7 th\u1ed1ng khuy\u1ebfn m\u00e3i c\u1ee7a <\/span><b>v\u1ec1 ch\u00fang t\u00f4i<\/b><span style=\"font-weight: 400;\"> \u0111\u01b0\u1ee3c thi\u1ebft k\u1ebf \u0111a d\u1ea1ng, ph\u00f9 h\u1ee3p v\u1edbi nhi\u1ec1u \u0111\u1ed1i t\u01b0\u1ee3ng ng\u01b0\u1eddi ch\u01a1i.<\/span><\/p>\n<p><span style=\"font-weight: 400;\">C\u00e1c th\u00e0nh vi\u00ean m\u1edbi s\u1ebd \u0111\u01b0\u1ee3c ch\u00e0o \u0111\u00f3n v\u1edbi g\u00f3i th\u01b0\u1edfng ch\u00e0o m\u1eebng h\u1ea5p d\u1eabn. Trong khi \u0111\u00f3, kh\u00e1ch h\u00e0ng th\u01b0\u1eddng xuy\u00ean c\u00f3 th\u1ec3 t\u1eadn h\u01b0\u1edfng c\u00e1c ch\u01b0\u01a1ng tr\u00ecnh tri \u00e2n \u0111\u1ecbnh k\u1ef3 nh\u01b0 Ng\u00e0y h\u1ed9i th\u00e0nh vi\u00ean m\u1ed7i 16 h\u00e0ng th\u00e1ng, Ph\u00e1t ti\u1ec1n th\u01b0\u1edfng ngh\u00ecn t\u1ef7 v\u00e0o ng\u00e0y 06, hay L\u00ec x\u00ec b\u00ed m\u1eadt ng\u00e0y 26.<\/span><\/p>\n<p><span style=\"font-weight: 400;\">Tr\u00ean \u0111\u00e2y l\u00e0 to\u00e0n b\u1ed9 th\u00f4ng tin <\/span><b>v\u1ec1 ch\u00fang t\u00f4i <\/b><span style=\"font-weight: 400;\">\u2013 <a href=\"https:\/\/new88home.com\/\/\" target=\"_blank\" rel=\"noopener\"><strong>https:\/\/new88home.com\/\/<\/strong><\/a>, m\u1ed9t trong c\u00e1c \u0111\u1ea1i l\u00fd ch\u00ednh th\u1ee9c c\u1ee7a nh\u00e0 c\u00e1i. N\u1ebfu c\u00e1c b\u1ea1n c\u00f2n th\u1eafc m\u1eafc \u0111i\u1ec1u g\u00ec ho\u1eb7c c\u1ea7n h\u1ed7 tr\u1ee3 c\u00e1c d\u1ecbch v\u1ee5 li\u00ean quan New 88 h\u00e3y li\u00ean h\u1ec7 v\u1edbi ch\u00fang t\u00f4i.<\/span><\/p>\n","protected":false},"excerpt":{"rendered":"<p>V\u1ec1 ch\u00fang t\u00f4i, gi\u1edbi thi\u1ec7u \u0111\u1ea1i l\u00fd ch\u00ednh th\u1ee9c c\u1ee7a NEW 88 &#8211; n\u01a1i h\u1ed9i t\u1ee5 \u0111\u1ea7y \u0111\u1ee7 nh\u1eefng y\u1ebfu t\u1ed1 m\u00e0 b\u1ea1n \u0111ang t\u00ecm ki\u1ebfm. Trong b\u00e0i vi\u1ebft n\u00e0y, b\u1ea1n s\u1ebd hi\u1ec3u r\u00f5 h\u01a1n v\u1ec1 cam k\u1ebft ch\u1ea5t l\u01b0\u1ee3ng, ti\u00eau chu\u1ea9n d\u1ecbch v\u1ee5 v\u00e0 nh\u1eefng l\u1ee3i th\u1ebf v\u01b0\u1ee3t tr\u1ed9i m\u00e0 New 88vn.top mang l\u1ea1i. [&#8230;]\n","protected":false},"author":1,"featured_media":1181,"parent":0,"menu_order":0,"comment_status":"closed","ping_status":"closed","template":"","meta":{"footnotes":""},"class_list":["post-1174","page","type-page","status-publish","has-post-thumbnail","hentry"],"_links":{"self":[{"href":"https:\/\/new88home.com\/index.php\/wp-json\/wp\/v2\/pages\/1174","targetHints":{"allow":["GET"]}}],"collection":[{"href":"https:\/\/new88home.com\/index.php\/wp-json\/wp\/v2\/pages"}],"about":[{"href":"https:\/\/new88home.com\/index.php\/wp-json\/wp\/v2\/types\/page"}],"author":[{"embeddable":true,"href":"https:\/\/new88home.com\/index.php\/wp-json\/wp\/v2\/users\/1"}],"replies":[{"embeddable":true,"href":"https:\/\/new88home.com\/index.php\/wp-json\/wp\/v2\/comments?post=1174"}],"version-history":[{"count":0,"href":"https:\/\/new88home.com\/index.php\/wp-json\/wp\/v2\/pages\/1174\/revisions"}],"wp:featuredmedia":[{"embeddable":true,"href":"https:\/\/new88home.com\/index.php\/wp-json\/wp\/v2\/media\/1181"}],"wp:attachment":[{"href":"https:\/\/new88home.com\/index.php\/wp-json\/wp\/v2\/media?parent=1174"}],"curies":[{"name":"wp","href":"https:\/\/api.w.org\/{rel}","templated":true}]}}