{"id":1203,"date":"2025-12-26T09:31:13","date_gmt":"2025-12-26T09:31:13","guid":{"rendered":"https:\/\/new88home.com\/index.php\/ceo-tac-gia\/"},"modified":"2025-12-26T09:31:13","modified_gmt":"2025-12-26T09:31:13","slug":"ceo-tac-gia","status":"publish","type":"page","link":"https:\/\/new88home.com\/index.php\/ceo-tac-gia\/","title":{"rendered":"Ceo t\u00e1c gi\u1ea3 Ph\u1ea1m H\u1ed3ng Th\u00e1i &#8211; Ng\u01b0\u1eddi ki\u1ebfn t\u1ea1o n\u00ean New88.com"},"content":{"rendered":"<p><a href=\"https:\/\/new88home.com\/\/ceo-tac-gia\/\" target=\"_blank\" rel=\"noopener\"><b>CEO t\u00e1c gi\u1ea3<\/b><\/a><span style=\"font-weight: 400;\"> Ph\u1ea1m H\u1ed3ng Th\u00e1i l\u00e0 c\u00e1i t\u00ean kh\u00f4ng c\u00f2n xa l\u1ea1 trong l\u00e0ng gi\u1ea3i tr\u00ed tr\u1ef1c tuy\u1ebfn Vi\u1ec7t Nam v\u00e0 ch\u00e2u \u00c1. \u00d4ng ch\u00ednh l\u00e0 b\u1ed9 n\u00e3o, tr\u00e1i tim v\u00e0 linh h\u1ed3n d\u1eabn d\u1eaft nh\u00e0 c\u00e1i <a href=\"https:\/\/new88home.com\/\/\" target=\"_blank\" rel=\"noopener\"><strong>New88<\/strong><\/a> v\u01b0\u01a1n l\u00ean tr\u1edf th\u00e0nh m\u1ed9t trong nh\u1eefng s\u00e2n ch\u01a1i c\u00e1 c\u01b0\u1ee3c h\u00e0ng \u0111\u1ea7u hi\u1ec7n nay. H\u00e0nh tr\u00ecnh x\u00e2y d\u1ef1ng v\u00e0 ph\u00e1t tri\u1ec3n New88vn.top c\u1ee7a \u00f4ng kh\u00f4ng ch\u1ec9 l\u00e0 c\u00e2u chuy\u1ec7n kinh doanh th\u00e0nh c\u00f4ng m\u00e0 c\u00f2n l\u00e0 ngu\u1ed3n c\u1ea3m h\u1ee9ng b\u1ea5t t\u1eadn cho nh\u1eefng ai \u1ea5p \u1ee7 \u0111am m\u00ea v\u00e0 kh\u00e1t v\u1ecdng chinh ph\u1ee5c \u0111\u1ec9nh cao trong l\u0129nh v\u1ef1c gi\u1ea3i tr\u00ed \u0111\u1ea7y c\u1ea1nh tranh n\u00e0y.\u00a0<\/span><\/p>\n<h2><span class=\"ez-toc-section\" id=\"ceo-tac-gia-pham-hong-thai-%e2%80%93-nha-lanh-dao-tai-nang\"><\/span><b>Ceo t\u00e1c gi\u1ea3 Ph\u1ea1m H\u1ed3ng Th\u00e1i \u2013 Nh\u00e0 l\u00e3nh \u0111\u1ea1o t\u00e0i n\u0103ng<\/b><span class=\"ez-toc-section-end\"><\/span><\/h2>\n<p><span style=\"font-weight: 400;\"><strong>CEO t\u00e1c gi\u1ea3<\/strong> Ph\u1ea1m H\u1ed3ng Th\u00e1i l\u00e0 m\u1ed9t nh\u00e0 l\u00e3nh \u0111\u1ea1o tr\u1ebb tu\u1ed5i nh\u01b0ng \u0111\u1ea7y b\u1ea3n l\u0129nh v\u00e0 t\u1ea7m nh\u00ecn xa tr\u00f4ng r\u1ed9ng. Sinh ra v\u00e0 l\u1edbn l\u00ean trong m\u1ed9t m\u00f4i tr\u01b0\u1eddng n\u0103ng \u0111\u1ed9ng, \u00f4ng s\u1edbm nh\u1eadn ra ti\u1ec1m n\u0103ng to l\u1edbn c\u1ee7a th\u1ecb tr\u01b0\u1eddng gi\u1ea3i tr\u00ed tr\u1ef1c tuy\u1ebfn. V\u1edbi ni\u1ec1m \u0111am m\u00ea ch\u00e1y b\u1ecfng v\u00e0 kh\u00e1t khao mang \u0111\u1ebfn cho c\u1ed9ng \u0111\u1ed3ng ng\u01b0\u1eddi ch\u01a1i m\u1ed9t s\u00e2n ch\u01a1i c\u00e1 c\u01b0\u1ee3c ch\u1ea5t l\u01b0\u1ee3ng, uy t\u00edn v\u00e0 \u0111\u1eb3ng c\u1ea5p qu\u1ed1c t\u1ebf, \u00f4ng \u0111\u00e3 d\u1ea5n th\u00e2n v\u00e0o h\u00e0nh tr\u00ecnh kh\u1edfi nghi\u1ec7p \u0111\u1ea7y th\u1eed th\u00e1ch.<\/span><\/p>\n<p><span style=\"font-weight: 400;\">Sau khi t\u1ed1t nghi\u1ec7p t\u1eeb m\u1ed9t tr\u01b0\u1eddng \u0111\u1ea1i h\u1ecdc danh ti\u1ebfng v\u1edbi ki\u1ebfn th\u1ee9c chuy\u00ean s\u00e2u v\u1ec1 c\u00f4ng ngh\u1ec7 v\u00e0 qu\u1ea3n tr\u1ecb kinh doanh, <strong>CEO t\u00e1c gi\u1ea3<\/strong> Ph\u1ea1m H\u1ed3ng Th\u00e1i \u0111\u00e3 t\u00edch l\u0169y kinh nghi\u1ec7m qu\u00fd b\u00e1u qua nhi\u1ec1u v\u1ecb tr\u00ed quan tr\u1ecdng t\u1ea1i c\u00e1c t\u1eadp \u0111o\u00e0n gi\u1ea3i tr\u00ed l\u1edbn. Ch\u00ednh nh\u1eefng tr\u1ea3i nghi\u1ec7m th\u1ef1c t\u1ebf n\u00e0y \u0111\u00e3 trang b\u1ecb cho \u00f4ng n\u1ec1n t\u1ea3ng v\u1eefng ch\u1eafc \u0111\u1ec3 hi\u1ec7n th\u1ef1c h\u00f3a gi\u1ea5c m\u01a1 x\u00e2y d\u1ef1ng m\u1ed9t th\u01b0\u01a1ng hi\u1ec7u nh\u00e0 c\u00e1i mang \u0111\u1eadm d\u1ea5u \u1ea5n c\u00e1 nh\u00e2n v\u00e0 \u0111\u00e1p \u1ee9ng m\u1ecdi nhu c\u1ea7u kh\u1eaft khe c\u1ee7a ng\u01b0\u1eddi ch\u01a1i.<\/span><\/p>\n<p><span style=\"font-weight: 400;\">N\u0103m 2018, <strong>CEO t\u00e1c gi\u1ea3<\/strong> Ph\u1ea1m H\u1ed3ng Th\u00e1i \u0111\u00e3 ch\u00ednh th\u1ee9c \u0111\u1eb7t n\u1ec1n m\u00f3ng cho s\u1ef1 ra \u0111\u1eddi c\u1ee7a New88. V\u1edbi m\u1ee5c ti\u00eau ki\u1ebfn t\u1ea1o m\u1ed9t kh\u00f4ng gian gi\u1ea3i tr\u00ed tr\u1ef1c tuy\u1ebfn to\u00e0n di\u1ec7n, n\u01a1i ng\u01b0\u1eddi ch\u01a1i c\u00f3 th\u1ec3 t\u1eadn h\u01b0\u1edfng nh\u1eefng s\u1ea3n ph\u1ea9m v\u00e0 d\u1ecbch v\u1ee5 ch\u1ea5t l\u01b0\u1ee3ng h\u00e0ng \u0111\u1ea7u, \u00f4ng \u0111\u00e3 d\u00e0nh tr\u1ecdn t\u00e2m huy\u1ebft v\u00e0 tr\u00ed tu\u1ec7 \u0111\u1ec3 x\u00e2y d\u1ef1ng New88 tr\u1edf th\u00e0nh m\u1ed9t c\u00e1i t\u00ean \u0111\u01b0\u1ee3c h\u00e0ng tri\u1ec7u ng\u01b0\u1eddi ch\u01a1i tin t\u01b0\u1edfng v\u00e0 l\u1ef1a ch\u1ecdn.<\/span><\/p>\n<figure id=\"attachment_899\" aria-describedby=\"caption-attachment-899\" style=\"width: 1024px\" class=\"wp-caption aligncenter\"><img loading=\"lazy\" decoding=\"async\" class=\"wp-image-899\" title=\"Ceo t\u00e1c gi\u1ea3 Ph\u1ea1m H\u1ed3ng Th\u00e1i l\u00e0 nh\u00e0 l\u00e3nh \u0111\u1ea1o c\u1ee7a New88\" src=\"http:\/\/new88home.com\/wp-content\/uploads\/2025\/12\/ceo-tac-gia-pham-hong-thai-la-nha-lanh-dao-cua-new88.webp\" alt=\"Ceo t\u00e1c gi\u1ea3 Ph\u1ea1m H\u1ed3ng Th\u00e1i l\u00e0 nh\u00e0 l\u00e3nh \u0111\u1ea1o c\u1ee7a New88\" width=\"1024\" height=\"512\"><figcaption id=\"caption-attachment-899\" class=\"wp-caption-text\">Ceo t\u00e1c gi\u1ea3 Ph\u1ea1m H\u1ed3ng Th\u00e1i l\u00e0 nh\u00e0 l\u00e3nh \u0111\u1ea1o c\u1ee7a New88<\/figcaption><\/figure>\n<h2><span class=\"ez-toc-section\" id=\"hanh-trinh-kien-tao-thuong-hieu-new88com\"><\/span><b>H\u00e0nh tr\u00ecnh ki\u1ebfn t\u1ea1o th\u01b0\u01a1ng hi\u1ec7u New88.com<\/b><span class=\"ez-toc-section-end\"><\/span><\/h2>\n<p><span style=\"font-weight: 400;\">\u0110\u1ec3 New88 c\u00f3 \u0111\u01b0\u1ee3c v\u1ecb th\u1ebf v\u1eefng ch\u1eafc nh\u01b0 ng\u00e0y h\u00f4m nay, <strong>CEO t\u00e1c gi\u1ea3<\/strong> Ph\u1ea1m H\u1ed3ng Th\u00e1i \u0111\u00e3 tr\u1ea3i qua m\u1ed9t qu\u00e1 tr\u00ecnh l\u00e0m vi\u1ec7c kh\u00f4ng ng\u1eebng ngh\u1ec9, v\u1edbi s\u1ef1 s\u00e1ng t\u1ea1o, \u0111\u1ed5i m\u1edbi v\u00e0 tinh th\u1ea7n d\u00e1m ngh\u0129 d\u00e1m l\u00e0m. \u00d4ng \u0111\u00e3 d\u1eabn d\u1eaft New88 v\u01b0\u1ee3t qua nhi\u1ec1u kh\u00f3 kh\u0103n v\u00e0 th\u00e1ch th\u1ee9c \u0111\u1ec3 kh\u1eb3ng \u0111\u1ecbnh v\u1ecb th\u1ebf c\u1ee7a m\u00ecnh tr\u00ean th\u1ecb tr\u01b0\u1eddng gi\u1ea3i tr\u00ed tr\u1ef1c tuy\u1ebfn \u0111\u1ea7y c\u1ea1nh tranh.<\/span><\/p>\n<h3><span class=\"ez-toc-section\" id=\"xay-dung-chien-luoc-dua-tren-tam-nhin-dai-han\"><\/span><b>X\u00e2y d\u1ef1ng chi\u1ebfn l\u01b0\u1ee3c d\u1ef1a tr\u00ean t\u1ea7m nh\u00ecn d\u00e0i h\u1ea1n<\/b><span class=\"ez-toc-section-end\"><\/span><\/h3>\n<p><span style=\"font-weight: 400;\">Ngay t\u1eeb nh\u1eefng ng\u00e0y \u0111\u1ea7u th\u00e0nh l\u1eadp New88, <strong>CEO t\u00e1c gi\u1ea3<\/strong> Ph\u1ea1m H\u1ed3ng Th\u00e1i \u0111\u00e3 x\u00e1c \u0111\u1ecbnh r\u00f5 t\u1ea7m quan tr\u1ecdng c\u1ee7a vi\u1ec7c x\u00e2y d\u1ef1ng m\u1ed9t th\u01b0\u01a1ng hi\u1ec7u m\u1ea1nh m\u1ebd v\u00e0 kh\u00e1c bi\u1ec7t. \u00d4ng t\u1eadp trung v\u00e0o vi\u1ec7c t\u1ea1o d\u1ef1ng m\u1ed9t h\u00ecnh \u1ea3nh New88 chuy\u00ean nghi\u1ec7p, uy t\u00edn v\u00e0 lu\u00f4n \u0111\u1eb7t l\u1ee3i \u00edch c\u1ee7a ng\u01b0\u1eddi ch\u01a1i l\u00ean h\u00e0ng \u0111\u1ea7u. C\u00e1c ho\u1ea1t \u0111\u1ed9ng x\u00e2y d\u1ef1ng th\u01b0\u01a1ng hi\u1ec7u \u0111\u01b0\u1ee3c tri\u1ec3n khai m\u1ed9t c\u00e1ch b\u00e0i b\u1ea3n, t\u1eeb vi\u1ec7c thi\u1ebft k\u1ebf logo \u1ea5n t\u01b0\u1ee3ng, x\u00e2y d\u1ef1ng th\u00f4ng \u0111i\u1ec7p truy\u1ec1n th\u00f4ng nh\u1ea5t qu\u00e1n, \u0111\u1ebfn vi\u1ec7c qu\u1ea3ng b\u00e1 h\u00ecnh \u1ea3nh New88 tr\u00ean c\u00e1c k\u00eanh truy\u1ec1n th\u00f4ng tr\u1ef1c tuy\u1ebfn v\u00e0 ngo\u1ea1i tuy\u1ebfn.<\/span><\/p>\n<p><span style=\"font-weight: 400;\"><strong>CEO t\u00e1c gi\u1ea3<\/strong> Ph\u1ea1m H\u1ed3ng Th\u00e1i c\u0169ng \u0111\u1eb7c bi\u1ec7t ch\u00fa tr\u1ecdng \u0111\u1ebfn vi\u1ec7c cung c\u1ea5p c\u00e1c s\u1ea3n ph\u1ea9m v\u00e0 d\u1ecbch v\u1ee5 ch\u1ea5t l\u01b0\u1ee3ng cao, \u0111\u00e1p \u1ee9ng m\u1ecdi nhu c\u1ea7u gi\u1ea3i tr\u00ed \u0111a d\u1ea1ng c\u1ee7a ng\u01b0\u1eddi ch\u01a1i. S\u1ef1 \u0111\u1ea7u t\u01b0 v\u00e0o c\u00f4ng ngh\u1ec7 hi\u1ec7n \u0111\u1ea1i, giao di\u1ec7n th\u00e2n thi\u1ec7n, v\u00e0 tr\u1ea3i nghi\u1ec7m ng\u01b0\u1eddi d\u00f9ng t\u1ed1i \u01b0u \u0111\u00e3 gi\u00fap New88 t\u1ea1o \u0111\u01b0\u1ee3c \u1ea5n t\u01b0\u1ee3ng m\u1ea1nh m\u1ebd v\u00e0 thu h\u00fat \u0111\u00f4ng \u0111\u1ea3o ng\u01b0\u1eddi ch\u01a1i tham gia.<\/span><\/p>\n<figure id=\"attachment_898\" aria-describedby=\"caption-attachment-898\" style=\"width: 1024px\" class=\"wp-caption aligncenter\"><img loading=\"lazy\" decoding=\"async\" class=\"wp-image-898\" title=\"CEO nh\u00e0 c\u00e1i x\u00e2y d\u1ef1ng chi\u1ebfn l\u01b0\u1ee3c d\u00e0i h\u1ea1n\" src=\"http:\/\/new88home.com\/wp-content\/uploads\/2025\/12\/ceo-nha-cai-xay-dung-chien-luoc-dai-han.webp\" alt=\"CEO nh\u00e0 c\u00e1i x\u00e2y d\u1ef1ng chi\u1ebfn l\u01b0\u1ee3c d\u00e0i h\u1ea1n\" width=\"1024\" height=\"512\"><figcaption id=\"caption-attachment-898\" class=\"wp-caption-text\">CEO nh\u00e0 c\u00e1i x\u00e2y d\u1ef1ng chi\u1ebfn l\u01b0\u1ee3c d\u00e0i h\u1ea1n<\/figcaption><\/figure>\n<blockquote><\/blockquote>\n<h3><span class=\"ez-toc-section\" id=\"khang-dinh-uy-tin-tu-san-choi-hang-dau-hien-nay\"><\/span><b>Kh\u1eb3ng \u0111\u1ecbnh uy t\u00edn t\u1eeb s\u00e2n ch\u01a1i h\u00e0ng \u0111\u1ea7u hi\u1ec7n nay<\/b><span class=\"ez-toc-section-end\"><\/span><\/h3>\n<p><span style=\"font-weight: 400;\">Sau khi x\u00e2y d\u1ef1ng th\u00e0nh c\u00f4ng th\u01b0\u01a1ng hi\u1ec7u New88, <strong>CEO t\u00e1c gi\u1ea3<\/strong> Ph\u1ea1m H\u1ed3ng Th\u00e1i ti\u1ebfp t\u1ee5c \u0111\u1eb7t ra nh\u1eefng m\u1ee5c ti\u00eau cao h\u01a1n trong vi\u1ec7c kh\u1eb3ng \u0111\u1ecbnh uy t\u00edn v\u00e0 x\u00e2y d\u1ef1ng ni\u1ec1m tin v\u1eefng ch\u1eafc t\u1eeb ph\u00eda ng\u01b0\u1eddi ch\u01a1i. \u00d4ng lu\u00f4n t\u00e2m ni\u1ec7m r\u1eb1ng, s\u1ef1 tin t\u01b0\u1edfng c\u1ee7a kh\u00e1ch h\u00e0ng l\u00e0 t\u00e0i s\u1ea3n qu\u00fd gi\u00e1 nh\u1ea5t c\u1ee7a New88. \u0110\u1ec3 \u0111\u1ea1t \u0111\u01b0\u1ee3c \u0111i\u1ec1u n\u00e0y, <strong>CEO t\u00e1c gi\u1ea3<\/strong> Ph\u1ea1m H\u1ed3ng Th\u00e1i \u0111\u00e3 tri\u1ec3n khai nhi\u1ec1u bi\u1ec7n ph\u00e1p hi\u1ec7u qu\u1ea3:<\/span><\/p>\n<ul>\n<li style=\"font-weight: 400;\" aria-level=\"1\"><span style=\"font-weight: 400;\">Cung c\u1ea5p s\u00e2n ch\u01a1i minh b\u1ea1ch v\u00e0 an to\u00e0n: New88 \u0111\u01b0\u1ee3c c\u1ea5p ph\u00e9p ho\u1ea1t \u0111\u1ed9ng h\u1ee3p ph\u00e1p b\u1edfi c\u00e1c t\u1ed5 ch\u1ee9c uy t\u00edn, \u0111\u1ea3m b\u1ea3o m\u1ed9t m\u00f4i tr\u01b0\u1eddng c\u00e1 c\u01b0\u1ee3c c\u00f4ng b\u1eb1ng v\u00e0 minh b\u1ea1ch. H\u1ec7 th\u1ed1ng b\u1ea3o m\u1eadt ti\u00ean ti\u1ebfn \u0111\u01b0\u1ee3c \u00e1p d\u1ee5ng \u0111\u1ec3 b\u1ea3o v\u1ec7 th\u00f4ng tin c\u00e1 nh\u00e2n v\u00e0 t\u00e0i kho\u1ea3n c\u1ee7a ng\u01b0\u1eddi ch\u01a1i m\u1ed9t c\u00e1ch tuy\u1ec7t \u0111\u1ed1i.<\/span><\/li>\n<li style=\"font-weight: 400;\" aria-level=\"1\"><span style=\"font-weight: 400;\">\u0110a d\u1ea1ng h\u00f3a s\u1ea3n ph\u1ea9m v\u00e0 n\u00e2ng cao ch\u1ea5t l\u01b0\u1ee3ng d\u1ecbch v\u1ee5: New88 kh\u00f4ng ng\u1eebng m\u1edf r\u1ed9ng kho game v\u1edbi h\u00e0ng lo\u1ea1t c\u00e1c s\u1ea3n ph\u1ea9m c\u00e1 c\u01b0\u1ee3c h\u1ea5p d\u1eabn nh\u01b0 th\u1ec3 thao, casino tr\u1ef1c tuy\u1ebfn, game b\u00e0i, slot game, esports, v\u00e0 l\u00f4 \u0111\u1ec1. Ch\u1ea5t l\u01b0\u1ee3ng d\u1ecbch v\u1ee5 kh\u00e1ch h\u00e0ng lu\u00f4n \u0111\u01b0\u1ee3c <strong>CEO t\u00e1c gi\u1ea3<\/strong> Ph\u1ea1m H\u1ed3ng Th\u00e1i \u0111\u1eb7t l\u00ean h\u00e0ng \u0111\u1ea7u, v\u1edbi \u0111\u1ed9i ng\u0169 h\u1ed7 tr\u1ee3 chuy\u00ean nghi\u1ec7p, nhi\u1ec7t t\u00ecnh v\u00e0 s\u1eb5n s\u00e0ng gi\u1ea3i \u0111\u00e1p m\u1ecdi th\u1eafc m\u1eafc c\u1ee7a ng\u01b0\u1eddi ch\u01a1i 24\/7.<\/span><\/li>\n<li style=\"font-weight: 400;\" aria-level=\"1\"><span style=\"font-weight: 400;\">T\u1ed1i \u01b0u h\u00f3a quy tr\u00ecnh giao d\u1ecbch: <strong>CEO t\u00e1c gi\u1ea3<\/strong> Ph\u1ea1m H\u1ed3ng Th\u00e1i lu\u00f4n ch\u00fa tr\u1ecdng \u0111\u1ebfn vi\u1ec7c \u0111\u01a1n gi\u1ea3n h\u00f3a v\u00e0 t\u1ed1i \u01b0u h\u00f3a quy tr\u00ecnh n\u1ea1p v\u00e0 r\u00fat ti\u1ec1n t\u1ea1i <a href=\"https:\/\/new88home.com\/\/\" target=\"_blank\" rel=\"noopener\"><strong>https:\/\/new88home.com\/<\/strong><\/a>. Vi\u1ec7c h\u1ed7 tr\u1ee3 \u0111a d\u1ea1ng c\u00e1c ph\u01b0\u01a1ng th\u1ee9c thanh to\u00e1n an to\u00e0n v\u00e0 ti\u1ec7n l\u1ee3i gi\u00fap ng\u01b0\u1eddi ch\u01a1i th\u1ef1c hi\u1ec7n giao d\u1ecbch m\u1ed9t c\u00e1ch nhanh ch\u00f3ng v\u00e0 d\u1ec5 d\u00e0ng.<\/span><\/li>\n<\/ul>\n<figure id=\"attachment_901\" aria-describedby=\"caption-attachment-901\" style=\"width: 1024px\" class=\"wp-caption aligncenter\"><img loading=\"lazy\" decoding=\"async\" class=\"wp-image-901\" title=\"Nh\u00e0 c\u00e1i kh\u1eb3ng \u0111\u1ecbnh uy t\u00edn cho s\u00e2n ch\u01a1i\" src=\"http:\/\/new88home.com\/wp-content\/uploads\/2025\/12\/nha-cai-khang-dinh-uy-tin-cho-san-choi.webp\" alt=\"Nh\u00e0 c\u00e1i kh\u1eb3ng \u0111\u1ecbnh uy t\u00edn cho s\u00e2n ch\u01a1i\" width=\"1024\" height=\"512\"><figcaption id=\"caption-attachment-901\" class=\"wp-caption-text\">Nh\u00e0 c\u00e1i kh\u1eb3ng \u0111\u1ecbnh uy t\u00edn cho s\u00e2n ch\u01a1i<\/figcaption><\/figure>\n<h3><span class=\"ez-toc-section\" id=\"dinh-huong-cua-ceo-cho-new88\"><\/span><b>\u0110\u1ecbnh h\u01b0\u1edbng c\u1ee7a CEO cho New88<\/b><span class=\"ez-toc-section-end\"><\/span><\/h3>\n<p><span style=\"font-weight: 400;\">V\u1edbi nh\u1eefng th\u00e0nh c\u00f4ng \u0111\u00e3 \u0111\u1ea1t \u0111\u01b0\u1ee3c, <strong>CEO t\u00e1c gi\u1ea3<\/strong> Ph\u1ea1m H\u1ed3ng Th\u00e1i kh\u00f4ng ng\u1eebng h\u01b0\u1edbng t\u1edbi nh\u1eefng m\u1ee5c ti\u00eau ph\u00e1t tri\u1ec3n cao h\u01a1n cho New88 trong t\u01b0\u01a1ng lai. T\u1ea7m nh\u00ecn c\u1ee7a \u00f4ng l\u00e0 \u0111\u01b0a New88 tr\u1edf th\u00e0nh m\u1ed9t th\u01b0\u01a1ng hi\u1ec7u gi\u1ea3i tr\u00ed tr\u1ef1c tuy\u1ebfn mang t\u1ea7m qu\u1ed1c t\u1ebf, kh\u00f4ng ch\u1ec9 m\u1ea1nh m\u1ebd v\u1ec1 quy m\u00f4 m\u00e0 c\u00f2n n\u1ed5i b\u1eadt v\u1ec1 ch\u1ea5t l\u01b0\u1ee3ng s\u1ea3n ph\u1ea9m v\u00e0 d\u1ecbch v\u1ee5.<\/span><\/p>\n<p><span style=\"font-weight: 400;\"><strong>CEO t\u00e1c gi\u1ea3<\/strong> Ph\u1ea1m H\u1ed3ng Th\u00e1i ti\u1ebfp t\u1ee5c \u0111\u1ecbnh h\u01b0\u1edbng New88 t\u1eadp trung v\u00e0o vi\u1ec7c \u0111\u1ed5i m\u1edbi c\u00f4ng ngh\u1ec7, mang \u0111\u1ebfn nh\u1eefng tr\u1ea3i nghi\u1ec7m c\u00e1 c\u01b0\u1ee3c ti\u00ean ti\u1ebfn v\u00e0 \u0111\u1ed9c \u0111\u00e1o cho ng\u01b0\u1eddi ch\u01a1i. S\u1ef1 \u0111\u1ea7u t\u01b0 v\u00e0o c\u00e1c n\u1ec1n t\u1ea3ng di \u0111\u1ed9ng, \u1ee9ng d\u1ee5ng th\u00f4ng minh, v\u00e0 c\u00e1c t\u00ednh n\u0103ng t\u01b0\u01a1ng t\u00e1c m\u1edbi s\u1ebd gi\u00fap New88 ti\u1ebfp c\u1eadn \u0111\u01b0\u1ee3c nhi\u1ec1u \u0111\u1ed1i t\u01b0\u1ee3ng ng\u01b0\u1eddi ch\u01a1i h\u01a1n v\u00e0 \u0111\u00e1p \u1ee9ng xu h\u01b0\u1edbng ph\u00e1t tri\u1ec3n c\u1ee7a th\u1ecb tr\u01b0\u1eddng.<\/span><\/p>\n<p><span style=\"font-weight: 400;\">V\u1edbi s\u1ef1 l\u00e3nh \u0111\u1ea1o t\u00e0i ba v\u00e0 t\u1ea7m nh\u00ecn chi\u1ebfn l\u01b0\u1ee3c c\u1ee7a <strong>CEO t\u00e1c gi\u1ea3<\/strong> Ph\u1ea1m H\u1ed3ng Th\u00e1i, New88 h\u1ee9a h\u1eb9n s\u1ebd ti\u1ebfp t\u1ee5c g\u1eb7t h\u00e1i \u0111\u01b0\u1ee3c nhi\u1ec1u th\u00e0nh c\u00f4ng h\u01a1n n\u1eefa trong t\u01b0\u01a1ng lai, kh\u1eb3ng \u0111\u1ecbnh v\u1ecb th\u1ebf l\u00e0 m\u1ed9t trong nh\u1eefng nh\u00e0 c\u00e1i h\u00e0ng \u0111\u1ea7u v\u00e0 l\u00e0 \u0111i\u1ec3m \u0111\u1ebfn l\u00fd t\u01b0\u1edfng cho nh\u1eefng ai \u0111am m\u00ea th\u1ebf gi\u1edbi gi\u1ea3i tr\u00ed tr\u1ef1c tuy\u1ebfn.<\/span><\/p>\n<figure id=\"attachment_902\" aria-describedby=\"caption-attachment-902\" style=\"width: 1024px\" class=\"wp-caption aligncenter\"><img loading=\"lazy\" decoding=\"async\" class=\"wp-image-902\" title=\"S\u00e2n ch\u01a1i ph\u00e1t tri\u1ec3n m\u1ea1nh m\u1ebd d\u01b0\u1edbi s\u1ef1 ch\u1ec9 \u0111\u1ea1o c\u1ee7a Ceo New88\" src=\"http:\/\/new88home.com\/wp-content\/uploads\/2025\/12\/san-choi-phat-trien-manh-me-duoi-su-chi-dao-cua-ceo-new88.webp\" alt=\"S\u00e2n ch\u01a1i ph\u00e1t tri\u1ec3n m\u1ea1nh m\u1ebd d\u01b0\u1edbi s\u1ef1 ch\u1ec9 \u0111\u1ea1o c\u1ee7a Ceo New88\" width=\"1024\" height=\"512\"><figcaption id=\"caption-attachment-902\" class=\"wp-caption-text\">S\u00e2n ch\u01a1i ph\u00e1t tri\u1ec3n m\u1ea1nh m\u1ebd d\u01b0\u1edbi s\u1ef1 ch\u1ec9 \u0111\u1ea1o c\u1ee7a Ceo New88<\/figcaption><\/figure>\n<h2><span class=\"ez-toc-section\" id=\"ket-luan\"><\/span><b>K\u1ebft lu\u1eadn<\/b><span class=\"ez-toc-section-end\"><\/span><\/h2>\n<p><span style=\"font-weight: 400;\"><strong>CEO t\u00e1c gi\u1ea3<\/strong> Ph\u1ea1m H\u1ed3ng Th\u00e1i kh\u00f4ng ch\u1ec9 l\u00e0 ng\u01b0\u1eddi s\u00e1ng l\u1eadp v\u00e0 \u0111i\u1ec1u h\u00e0nh New88 m\u00e0 c\u00f2n l\u00e0 m\u1ed9t ngu\u1ed3n c\u1ea3m h\u1ee9ng l\u1edbn cho c\u1ed9ng \u0111\u1ed3ng kh\u1edfi nghi\u1ec7p v\u00e0 nh\u1eefng ng\u01b0\u1eddi tr\u1ebb c\u00f3 kh\u00e1t v\u1ecdng v\u01b0\u01a1n l\u00ean. B\u1eb1ng s\u1ef1 t\u00e0i n\u0103ng, b\u1ea3n l\u0129nh v\u00e0 t\u00e2m huy\u1ebft, \u00f4ng \u0111\u00e3 x\u00e2y d\u1ef1ng New88 tr\u1edf th\u00e0nh m\u1ed9t bi\u1ec3u t\u01b0\u1ee3ng th\u00e0nh c\u00f4ng trong l\u0129nh v\u1ef1c gi\u1ea3i tr\u00ed tr\u1ef1c tuy\u1ebfn.\u00a0<\/span><\/p>\n","protected":false},"excerpt":{"rendered":"<p>CEO t\u00e1c gi\u1ea3 Ph\u1ea1m H\u1ed3ng Th\u00e1i l\u00e0 c\u00e1i t\u00ean kh\u00f4ng c\u00f2n xa l\u1ea1 trong l\u00e0ng gi\u1ea3i tr\u00ed tr\u1ef1c tuy\u1ebfn Vi\u1ec7t Nam v\u00e0 ch\u00e2u \u00c1. \u00d4ng ch\u00ednh l\u00e0 b\u1ed9 n\u00e3o, tr\u00e1i tim v\u00e0 linh h\u1ed3n d\u1eabn d\u1eaft nh\u00e0 c\u00e1i New88 v\u01b0\u01a1n l\u00ean tr\u1edf th\u00e0nh m\u1ed9t trong nh\u1eefng s\u00e2n ch\u01a1i c\u00e1 c\u01b0\u1ee3c h\u00e0ng \u0111\u1ea7u hi\u1ec7n nay. H\u00e0nh [&#8230;]\n","protected":false},"author":1,"featured_media":1208,"parent":0,"menu_order":0,"comment_status":"closed","ping_status":"closed","template":"","meta":{"footnotes":""},"class_list":["post-1203","page","type-page","status-publish","has-post-thumbnail","hentry"],"_links":{"self":[{"href":"https:\/\/new88home.com\/index.php\/wp-json\/wp\/v2\/pages\/1203","targetHints":{"allow":["GET"]}}],"collection":[{"href":"https:\/\/new88home.com\/index.php\/wp-json\/wp\/v2\/pages"}],"about":[{"href":"https:\/\/new88home.com\/index.php\/wp-json\/wp\/v2\/types\/page"}],"author":[{"embeddable":true,"href":"https:\/\/new88home.com\/index.php\/wp-json\/wp\/v2\/users\/1"}],"replies":[{"embeddable":true,"href":"https:\/\/new88home.com\/index.php\/wp-json\/wp\/v2\/comments?post=1203"}],"version-history":[{"count":0,"href":"https:\/\/new88home.com\/index.php\/wp-json\/wp\/v2\/pages\/1203\/revisions"}],"wp:featuredmedia":[{"embeddable":true,"href":"https:\/\/new88home.com\/index.php\/wp-json\/wp\/v2\/media\/1208"}],"wp:attachment":[{"href":"https:\/\/new88home.com\/index.php\/wp-json\/wp\/v2\/media?parent=1203"}],"curies":[{"name":"wp","href":"https:\/\/api.w.org\/{rel}","templated":true}]}}