{"id":1204,"date":"2025-12-26T09:31:13","date_gmt":"2025-12-26T09:31:13","guid":{"rendered":"https:\/\/new88home.com\/index.php\/lien-he-new88\/"},"modified":"2025-12-26T09:31:13","modified_gmt":"2025-12-26T09:31:13","slug":"lien-he-new88","status":"publish","type":"page","link":"https:\/\/new88home.com\/index.php\/lien-he-new88\/","title":{"rendered":"Li\u00ean h\u1ec7 New88: K\u1ebft n\u1ed1i nhanh ch\u00f3ng, gi\u1ea3i \u0111\u00e1p th\u1eafc m\u1eafc 24\/7"},"content":{"rendered":"<p><a href=\"https:\/\/new88home.com\/\/lien-he-new88\/\" target=\"_blank\" rel=\"noopener\"><b>Li\u00ean h\u1ec7 <\/b><\/a><span style=\"font-weight: 400;\"> kh\u00f4ng ch\u1ec9 l\u00e0 m\u1ed9t k\u00eanh h\u1ed7 tr\u1ee3 kh\u00e1ch h\u00e0ng th\u00f4ng th\u01b0\u1eddng, m\u00e0 c\u00f2n l\u00e0 minh ch\u1ee9ng cho s\u1ef1 chuy\u00ean nghi\u1ec7p v\u00e0 t\u1eadn t\u00e2m m\u00e0 nh\u00e0 c\u00e1i <strong><a href=\"https:\/\/new88home.com\/\/\">new88<\/a><\/strong> \u0111\u1eb7t v\u00e0o tr\u1ea3i nghi\u1ec7m c\u1ee7a ng\u01b0\u1eddi ch\u01a1i. B\u1ea5t k\u1ef3 th\u1eafc m\u1eafc hay s\u1ef1 c\u1ed1 n\u00e0o b\u1ea1n g\u1eb7p ph\u1ea3i trong qu\u00e1 tr\u00ecnh kh\u00e1m ph\u00e1 th\u1ebf gi\u1edbi gi\u1ea3i tr\u00ed \u0111\u1ec1u c\u00f3 th\u1ec3 \u0111\u01b0\u1ee3c gi\u1ea3i \u0111\u00e1p m\u1ed9t c\u00e1ch nhanh ch\u00f3ng v\u00e0 hi\u1ec7u qu\u1ea3 th\u00f4ng qua c\u00e1c k\u00eanh li\u00ean h\u1ec7 \u0111a d\u1ea1ng.<\/span><\/p>\n<h2><span class=\"ez-toc-section\" id=\"chinh-sach-lien-he-new88-ho-tro-khach-hang-toan-dien\"><\/span><b>Ch\u00ednh s\u00e1ch li\u00ean h\u1ec7 New88 h\u1ed7 tr\u1ee3 kh\u00e1ch h\u00e0ng to\u00e0n di\u1ec7n<\/b><span class=\"ez-toc-section-end\"><\/span><\/h2>\n<p><span style=\"font-weight: 400;\">Nh\u1eb1m mang \u0111\u1ebfn tr\u1ea3i nghi\u1ec7m m\u01b0\u1ee3t m\u00e0 v\u00e0 kh\u00f4ng gi\u00e1n \u0111o\u1ea1n cho t\u1ea5t c\u1ea3 ng\u01b0\u1eddi ch\u01a1i, nh\u00e0 c\u00e1i \u0111\u00e3 x\u00e2y d\u1ef1ng m\u1ed9t ch\u00ednh s\u00e1ch h\u1ed7 tr\u1ee3 kh\u00e1ch h\u00e0ng chu \u0111\u00e1o v\u00e0 to\u00e0n di\u1ec7n. \u0110i\u1ec1u n\u00e0y \u0111\u01b0\u1ee3c th\u1ec3 hi\u1ec7n r\u00f5 n\u00e9t qua vi\u1ec7c thi\u1ebft l\u1eadp \u0111a d\u1ea1ng c\u00e1c h\u00ecnh th\u1ee9c<\/span><b style=\"font-size: 14.4px;\">\u00a0li\u00ean h\u1ec7 <\/b>New88<span style=\"font-size: 14.4px;\">\u00a0c\u00f9ng v\u1edbi \u0111\u1ed9i ng\u0169 Ch\u0103m s\u00f3c Kh\u00e1ch h\u00e0ng (CSKH) \u0111\u01b0\u1ee3c tuy\u1ec3n ch\u1ecdn v\u00e0 \u0111\u00e0o t\u1ea1o b\u00e0i b\u1ea3n.<\/span><\/p>\n<figure id=\"attachment_1296\" aria-describedby=\"caption-attachment-1296\" style=\"width: 1024px\" class=\"wp-caption aligncenter\"><img loading=\"lazy\" decoding=\"async\" class=\"wp-image-1296\" title=\"lien he new88 phuc vu nguoi choi moi luc moi noi\" src=\"http:\/\/new88home.com\/wp-content\/uploads\/2025\/12\/lien-he-new88-phuc-vu-nguoi-choi-moi-luc-moi-noi.webp\" alt=\"lien he new88 phuc vu nguoi choi moi luc moi noi\" width=\"1024\" height=\"512\"><figcaption id=\"caption-attachment-1296\" class=\"wp-caption-text\">lien he new88 phuc vu nguoi choi moi luc moi noi<\/figcaption><\/figure>\n<p><span style=\"font-weight: 400;\">Nh\u00e0 c\u00e1i hi\u1ec3u r\u1eb1ng vi\u1ec7c gi\u1ea3i quy\u1ebft k\u1ecbp th\u1eddi m\u1ecdi v\u1ea5n \u0111\u1ec1 c\u1ee7a kh\u00e1ch h\u00e0ng l\u00e0 y\u1ebfu t\u1ed1 then ch\u1ed1t \u0111\u1ec3 t\u1ea1o d\u1ef1ng ni\u1ec1m tin v\u00e0 s\u1ef1 h\u00e0i l\u00f2ng. Do \u0111\u00f3, \u0111\u1ed9i ng\u0169 CSKH c\u1ee7a nh\u00e0 c\u00e1i lu\u00f4n t\u00fac tr\u1ef1c 24 gi\u1edd m\u1ed7i ng\u00e0y, 7 ng\u00e0y m\u1ed7i tu\u1ea7n, s\u1eb5n s\u00e0ng ti\u1ebfp nh\u1eadn v\u00e0 x\u1eed l\u00fd m\u1ecdi th\u1eafc m\u1eafc, y\u00eau c\u1ea7u h\u1ed7 tr\u1ee3 c\u1ee7a b\u1ea1n m\u1ed9t c\u00e1ch nhanh ch\u00f3ng v\u00e0 hi\u1ec7u qu\u1ea3 nh\u1ea5t. Ch\u1ec9 c\u1ea7n b\u1ea1n ch\u1ee7 \u0111\u1ed9ng li\u00ean h\u1ec7 th\u00f4ng qua c\u00e1c k\u00eanh \u0111\u01b0\u1ee3c cung c\u1ea5p, \u0111\u1ed9i ng\u0169 h\u1ed7 tr\u1ee3 vi\u00ean chuy\u00ean nghi\u1ec7p s\u1ebd ngay l\u1eadp t\u1ee9c ph\u1ea3n h\u1ed3i v\u00e0 \u0111\u01b0a ra gi\u1ea3i ph\u00e1p t\u1ed1i \u01b0u.<\/span><\/p>\n<h2><span class=\"ez-toc-section\" id=\"cac-phuong-thuc-lien-he-new88-tien-loi-va-nhanh-chong\"><\/span><b>C\u00e1c ph\u01b0\u01a1ng th\u1ee9c li\u00ean h\u1ec7 New88 ti\u1ec7n l\u1ee3i v\u00e0 nhanh ch\u00f3ng<\/b><span class=\"ez-toc-section-end\"><\/span><\/h2>\n<p><span style=\"font-weight: 400;\">Hi\u1ec7n t\u1ea1i, nh\u00e0 c\u00e1i cung c\u1ea5p ba ph\u01b0\u01a1ng th\u1ee9c <\/span><b>li\u00ean h\u1ec7<\/b> New88<span style=\"font-weight: 400;\"> ch\u00ednh, \u0111\u01b0\u1ee3c \u0111\u00e1nh gi\u00e1 cao v\u1ec1 t\u00ednh ti\u1ec7n l\u1ee3i v\u00e0 t\u1ed1c \u0111\u1ed9 ph\u1ea3n h\u1ed3i. D\u00f9 b\u1ea1n \u01b0a th\u00edch h\u00ecnh th\u1ee9c giao ti\u1ebfp n\u00e0o, nh\u00e0 c\u00e1i \u0111\u1ec1u c\u00f3 k\u00eanh ph\u00f9 h\u1ee3p \u0111\u1ec3 b\u1ea1n k\u1ebft n\u1ed1i v\u00e0 nh\u1eadn \u0111\u01b0\u1ee3c s\u1ef1 h\u1ed7 tr\u1ee3 c\u1ea7n thi\u1ebft.<\/span><\/p>\n<figure id=\"attachment_1297\" aria-describedby=\"caption-attachment-1297\" style=\"width: 1024px\" class=\"wp-caption aligncenter\"><img loading=\"lazy\" decoding=\"async\" class=\"wp-image-1297\" title=\"new88 ho tro da dang cac kenh lien he khac nhau de ban co the lua chon\" src=\"http:\/\/new88home.com\/wp-content\/uploads\/2025\/12\/new88-ho-tro-da-dang-cac-kenh-lien-he-khac-nhau-de-ban-co-the-lua-chon.webp\" alt=\"new88 ho tro da dang cac kenh lien he khac nhau de ban co the lua chon\" width=\"1024\" height=\"512\"><figcaption id=\"caption-attachment-1297\" class=\"wp-caption-text\">new88 ho tro da dang cac kenh lien he khac nhau de ban co the lua chon<\/figcaption><\/figure>\n<h3><span class=\"ez-toc-section\" id=\"hotline\"><\/span><b><i>Hotline<\/i><\/b><span class=\"ez-toc-section-end\"><\/span><\/h3>\n<p><span style=\"font-weight: 400;\">K\u00eanh <\/span><b>li\u00ean h\u1ec7 <\/b>New88<span style=\"font-weight: 400;\"> qua hotline \u0111\u01b0\u1ee3c xem l\u00e0 ph\u01b0\u01a1ng th\u1ee9c h\u1ed7 tr\u1ee3 nhanh ch\u00f3ng nh\u1ea5t m\u00e0 nh\u00e0 c\u00e1i \u0111ang tri\u1ec3n khai. V\u1edbi h\u00ecnh th\u1ee9c n\u00e0y, b\u1ea5t k\u1ef3 ai, k\u1ec3 c\u1ea3 nh\u1eefng ng\u01b0\u1eddi ch\u01b0a ph\u1ea3i l\u00e0 th\u00e0nh vi\u00ean ch\u00ednh th\u1ee9c c\u1ee7a nh\u00e0 c\u00e1i, \u0111\u1ec1u c\u00f3 th\u1ec3 d\u1ec5 d\u00e0ng k\u1ebft n\u1ed1i.<\/span><\/p>\n<p><span style=\"font-weight: 400;\">Ch\u1ec9 v\u1edbi m\u1ed9t cu\u1ed9c g\u1ecdi \u0111\u01a1n gi\u1ea3n, b\u1ea1n s\u1ebd \u0111\u01b0\u1ee3c k\u1ebft n\u1ed1i tr\u1ef1c ti\u1ebfp v\u1edbi \u0111\u1ed9i ng\u0169 h\u1ed7 tr\u1ee3 vi\u00ean chuy\u00ean nghi\u1ec7p, s\u1eb5n s\u00e0ng l\u1eafng nghe v\u00e0 gi\u1ea3i quy\u1ebft m\u1ecdi v\u1ea5n \u0111\u1ec1 c\u1ee7a b\u1ea1n trong th\u1eddi gian ng\u1eafn nh\u1ea5t. \u0110\u00e2y l\u00e0 l\u1ef1a ch\u1ecdn l\u00fd t\u01b0\u1edfng cho nh\u1eefng tr\u01b0\u1eddng h\u1ee3p c\u1ea7n \u0111\u01b0\u1ee3c h\u1ed7 tr\u1ee3 kh\u1ea9n c\u1ea5p ho\u1eb7c mu\u1ed1n trao \u0111\u1ed5i tr\u1ef1c ti\u1ebfp.<\/span><\/p>\n<h3><span class=\"ez-toc-section\" id=\"live-chat\"><\/span><b><i>Live Chat<\/i><\/b><span class=\"ez-toc-section-end\"><\/span><\/h3>\n<p><span style=\"font-weight: 400;\">Ngo\u00e0i hotline, b\u1ea1n c\u0169ng c\u00f3 th\u1ec3 li\u00ean h\u1ec7 m\u1ed9t c\u00e1ch d\u1ec5 d\u00e0ng th\u00f4ng qua k\u00eanh Live Chat tr\u1ef1c tuy\u1ebfn. Ph\u01b0\u01a1ng th\u1ee9c n\u00e0y r\u1ea5t ph\u1ed5 bi\u1ebfn t\u1ea1i nhi\u1ec1u nh\u00e0 c\u00e1i nh\u1edd thao t\u00e1c \u0111\u01a1n gi\u1ea3n v\u00e0 t\u00ednh ti\u1ec7n l\u1ee3i cao.<\/span><\/p>\n<p><span style=\"font-weight: 400;\">\u0110\u1ec3 <\/span><b>li\u00ean h\u1ec7 <\/b>New88<span style=\"font-weight: 400;\"> qua Live Chat, b\u1ea1n ch\u1ec9 c\u1ea7n truy c\u1eadp v\u00e0o trang ch\u1ee7 ho\u1eb7c s\u1ea3nh game c\u1ee7a nh\u00e0 c\u00e1i v\u00e0 t\u00ecm \u0111\u1ebfn m\u1ee5c \u201cLive Chat\u201d ho\u1eb7c bi\u1ec3u t\u01b0\u1ee3ng chat tr\u1ef1c tuy\u1ebfn. Sau \u0111\u00f3, b\u1ea1n ch\u1ecdn v\u1ea5n \u0111\u1ec1 m\u00e0 m\u00ecnh \u0111ang g\u1eb7p ph\u1ea3i ho\u1eb7c \u0111\u01a1n gi\u1ea3n l\u00e0 b\u1eaft \u0111\u1ea7u tr\u00f2 chuy\u1ec7n v\u1edbi nh\u00e2n vi\u00ean h\u1ed7 tr\u1ee3. B\u1ea1n c\u00f3 th\u1ec3 tr\u00ecnh b\u00e0y chi ti\u1ebft v\u1ea5n \u0111\u1ec1 c\u1ee7a m\u00ecnh qua khung chat v\u00e0 nh\u1eadn \u0111\u01b0\u1ee3c ph\u1ea3n h\u1ed3i, h\u01b0\u1edbng d\u1eabn tr\u1ef1c ti\u1ebfp t\u1eeb \u0111\u1ed9i ng\u0169 CSKH c\u1ee7a New88.<\/span><\/p>\n<h3><span class=\"ez-toc-section\" id=\"fanpage-facebook\"><\/span><b><i>Fanpage Facebook<\/i><\/b><span class=\"ez-toc-section-end\"><\/span><\/h3>\n<p><span style=\"font-weight: 400;\">Trang Fanpage ch\u00ednh th\u1ee9c c\u1ee7a nh\u00e0 c\u00e1i kh\u00f4ng ch\u1ec9 l\u00e0 n\u01a1i c\u1eadp nh\u1eadt nh\u1eefng th\u00f4ng tin m\u1edbi nh\u1ea5t v\u1ec1 c\u00e1c ch\u01b0\u01a1ng tr\u00ecnh khuy\u1ebfn m\u00e3i, s\u1ef1 ki\u1ec7n h\u1ea5p d\u1eabn m\u00e0 c\u00f2n l\u00e0 m\u1ed9t k\u00eanh <\/span><b>li\u00ean h\u1ec7 <\/b>New88 <span style=\"font-weight: 400;\">hi\u1ec7u qu\u1ea3. Nh\u00e0 c\u00e1i c\u00f3 \u0111\u1ed9i ng\u0169 qu\u1ea3n tr\u1ecb vi\u00ean (admin) lu\u00f4n s\u1eb5n s\u00e0ng h\u1ed7 tr\u1ee3 v\u00e0 ti\u1ebfp nh\u1eadn tin nh\u1eafn c\u1ee7a ng\u01b0\u1eddi ch\u01a1i g\u1eedi \u0111\u1ebfn.<\/span><\/p>\n<p><span style=\"font-weight: 400;\">\u0110\u1ec3 li\u00ean h\u1ec7 qua Fanpage Facebook, b\u1ea1n ch\u1ec9 c\u1ea7n t\u00ecm ki\u1ebfm trang ch\u00ednh th\u1ee9c c\u1ee7a nh\u00e0 c\u00e1i tr\u00ean n\u1ec1n t\u1ea3ng m\u1ea1ng x\u00e3 h\u1ed9i n\u00e0y v\u00e0 nh\u1ea5n v\u00e0o m\u1ee5c \u201cNh\u1eafn tin\u201d \u0111\u1ec3 tr\u00ecnh b\u00e0y tr\u1ef1c ti\u1ebfp v\u1ea5n \u0111\u1ec1 c\u1ee7a m\u00ecnh. \u01afu \u0111i\u1ec3m c\u1ee7a ph\u01b0\u01a1ng th\u1ee9c n\u00e0y l\u00e0 b\u1ea1n c\u00f3 th\u1ec3 tho\u1ea3i m\u00e1i trao \u0111\u1ed5i v\u1edbi admin m\u00e0 kh\u00f4ng c\u1ea7n ph\u1ea3i truy c\u1eadp tr\u1ef1c ti\u1ebfp v\u00e0o s\u1ea3nh game, \u0111\u1ed3ng th\u1eddi c\u0169ng c\u00f3 th\u1ec3 theo d\u00f5i \u0111\u01b0\u1ee3c tr\u1ea1ng th\u00e1i tin nh\u1eafn c\u1ee7a m\u00ecnh \u0111\u00e3 \u0111\u01b0\u1ee3c nh\u1eadn v\u00e0 xem hay ch\u01b0a.<\/span><\/p>\n<blockquote><\/blockquote>\n<h2><span class=\"ez-toc-section\" id=\"nhung-luu-y-quan-trong-khi-lien-he-new88\"><\/span><b>Nh\u1eefng l\u01b0u \u00fd quan tr\u1ecdng khi li\u00ean h\u1ec7 New88<\/b><span class=\"ez-toc-section-end\"><\/span><\/h2>\n<p><span style=\"font-weight: 400;\">\u0110\u1ec3 qu\u00e1 tr\u00ecnh <\/span><b>li\u00ean h\u1ec7<\/b> New88<span style=\"font-weight: 400;\"> di\u1ec5n ra su\u00f4n s\u1ebb v\u00e0 hi\u1ec7u qu\u1ea3, ng\u01b0\u1eddi ch\u01a1i c\u1ea7n l\u01b0u \u00fd m\u1ed9t s\u1ed1 \u0111i\u1ec3m quan tr\u1ecdng sau:<\/span><\/p>\n<figure id=\"attachment_1298\" aria-describedby=\"caption-attachment-1298\" style=\"width: 1024px\" class=\"wp-caption aligncenter\"><img loading=\"lazy\" decoding=\"async\" class=\"wp-image-1298\" title=\"ban can cung cap day du thong tin truoc khi lien he\" src=\"http:\/\/new88home.com\/wp-content\/uploads\/2025\/12\/ban-can-cung-cap-day-du-thong-tin-truoc-khi-lien-he.webp\" alt=\"ban can cung cap day du thong tin truoc khi lien he\" width=\"1024\" height=\"512\"><figcaption id=\"caption-attachment-1298\" class=\"wp-caption-text\">ban can cung cap day du thong tin truoc khi lien he<\/figcaption><\/figure>\n<ul>\n<li style=\"font-weight: 400;\" aria-level=\"1\"><span style=\"font-weight: 400;\">Cung c\u1ea5p th\u00f4ng tin ch\u00ednh x\u00e1c: Khi li\u00ean h\u1ec7, h\u00e3y \u0111\u1ea3m b\u1ea3o b\u1ea1n cung c\u1ea5p \u0111\u1ea7y \u0111\u1ee7 v\u00e0 ch\u00ednh x\u00e1c c\u00e1c th\u00f4ng tin li\u00ean quan \u0111\u1ebfn v\u1ea5n \u0111\u1ec1 m\u00ecnh \u0111ang g\u1eb7p ph\u1ea3i. \u0110i\u1ec1u n\u00e0y gi\u00fap nh\u00e2n vi\u00ean h\u1ed7 tr\u1ee3 d\u1ec5 d\u00e0ng x\u00e1c \u0111\u1ecbnh v\u00e0 \u0111\u01b0a ra gi\u1ea3i ph\u00e1p ph\u00f9 h\u1ee3p.<\/span><\/li>\n<li style=\"font-weight: 400;\" aria-level=\"1\"><span style=\"font-weight: 400;\">Tr\u00ecnh b\u00e0y v\u1ea5n \u0111\u1ec1 r\u00f5 r\u00e0ng: H\u00e3y di\u1ec5n \u0111\u1ea1t v\u1ea5n \u0111\u1ec1 c\u1ee7a b\u1ea1n m\u1ed9t c\u00e1ch ng\u1eafn g\u1ecdn, s\u00fac t\u00edch v\u00e0 \u0111i th\u1eb3ng v\u00e0o tr\u1ecdng t\u00e2m. Tr\u00e1nh tr\u00ecnh b\u00e0y d\u00e0i d\u00f2ng, lan man g\u00e2y kh\u00f3 kh\u0103n cho nh\u00e2n vi\u00ean h\u1ed7 tr\u1ee3 trong vi\u1ec7c n\u1eafm b\u1eaft th\u00f4ng tin.<\/span><\/li>\n<li style=\"font-weight: 400;\" aria-level=\"1\"><span style=\"font-weight: 400;\">Gi\u1eef th\u00e1i \u0111\u1ed9 l\u1ecbch s\u1ef1 v\u00e0 t\u00f4n tr\u1ecdng: Lu\u00f4n trao \u0111\u1ed5i v\u1edbi nh\u00e2n vi\u00ean CSKH c\u1ee7a nh\u00e0 c\u00e1i b\u1eb1ng th\u00e1i \u0111\u1ed9 l\u1ecbch s\u1ef1, th\u00e2n thi\u1ec7n v\u00e0 t\u00f4n tr\u1ecdng.<\/span><\/li>\n<li style=\"font-weight: 400;\" aria-level=\"1\"><span style=\"font-weight: 400;\">S\u1eed d\u1ee5ng ng\u00f4n ng\u1eef v\u0103n minh: Tr\u00e1nh s\u1eed d\u1ee5ng nh\u1eefng ng\u00f4n t\u1eeb th\u00f4 t\u1ee5c, thi\u1ebfu v\u0103n h\u00f3a ho\u1eb7c c\u00f3 t\u00ednh ch\u1ea5t x\u00fac ph\u1ea1m.<\/span><\/li>\n<li style=\"font-weight: 400;\" aria-level=\"1\"><span style=\"font-weight: 400;\">Ki\u00ean nh\u1eabn ch\u1edd \u0111\u1ee3i ph\u1ea3n h\u1ed3i: Trong tr\u01b0\u1eddng h\u1ee3p b\u1ea1n ch\u01b0a nh\u1eadn \u0111\u01b0\u1ee3c ph\u1ea3n h\u1ed3i ngay l\u1eadp t\u1ee9c t\u1eeb nh\u00e0 c\u00e1i, h\u00e3y ki\u00ean nh\u1eabn ch\u1edd \u0111\u1ee3i. \u0110\u1ed9i ng\u0169 CSKH c\u1ee7a nh\u00e0 c\u00e1i ph\u1ea3i x\u1eed l\u00fd m\u1ed9t l\u01b0\u1ee3ng l\u1edbn y\u00eau c\u1ea7u m\u1ed7i ng\u00e0y v\u00e0 s\u1ebd c\u1ed1 g\u1eafng gi\u1ea3i quy\u1ebft t\u1eebng tr\u01b0\u1eddng h\u1ee3p m\u1ed9t c\u00e1ch t\u1ed1t nh\u1ea5t.<\/span><\/li>\n<li style=\"font-weight: 400;\" aria-level=\"1\"><span style=\"font-weight: 400;\">Tr\u00e1nh spam tin nh\u1eafn: G\u1eedi qu\u00e1 nhi\u1ec1u tin nh\u1eafn li\u00ean t\u1ee5c c\u00f3 th\u1ec3 g\u00e2y qu\u00e1 t\u1ea3i cho h\u1ec7 th\u1ed1ng v\u00e0 l\u00e0m ch\u1eadm qu\u00e1 tr\u00ecnh x\u1eed l\u00fd y\u00eau c\u1ea7u c\u1ee7a b\u1ea1n c\u0169ng nh\u01b0 nh\u1eefng ng\u01b0\u1eddi ch\u01a1i kh\u00e1c.<\/span><\/li>\n<li style=\"font-weight: 400;\" aria-level=\"1\"><span style=\"font-weight: 400;\">L\u01b0u \u00fd v\u1ec1 c\u01b0\u1edbc ph\u00ed hotline: Khi <\/span><b>li\u00ean h\u1ec7 <\/b>New88<span style=\"font-weight: 400;\"> qua hotline, c\u01b0\u1edbc ph\u00ed cu\u1ed9c g\u1ecdi s\u1ebd \u0111\u01b0\u1ee3c t\u00ednh theo quy \u0111\u1ecbnh c\u1ee7a nh\u00e0 m\u1ea1ng b\u1ea1n \u0111ang s\u1eed d\u1ee5ng. H\u00e3y \u0111\u1ea3m b\u1ea3o t\u00e0i kho\u1ea3n c\u1ee7a b\u1ea1n c\u00f3 \u0111\u1ee7 s\u1ed1 d\u01b0 \u0111\u1ec3 cu\u1ed9c g\u1ecdi kh\u00f4ng b\u1ecb gi\u00e1n \u0111o\u1ea1n.<\/span><\/li>\n<\/ul>\n<h2><span class=\"ez-toc-section\" id=\"faq-%e2%80%93-giai-dap-cac-thac-mac-thuong-gap-khi-lien-he-new88\"><\/span><b>FAQ \u2013 Gi\u1ea3i \u0111\u00e1p c\u00e1c th\u1eafc m\u1eafc th\u01b0\u1eddng g\u1eb7p khi li\u00ean h\u1ec7 New88<\/b><span class=\"ez-toc-section-end\"><\/span><\/h2>\n<p><span style=\"font-weight: 400;\">Nh\u00e0 c\u00e1i \u0111\u00e3 t\u1ed5ng h\u1ee3p m\u1ed9t s\u1ed1 c\u00e2u h\u1ecfi th\u01b0\u1eddng g\u1eb7p li\u00ean quan \u0111\u1ebfn ch\u00ednh s\u00e1ch <\/span><b>li\u00ean h\u1ec7 <\/b>New88 <span style=\"font-weight: 400;\">\u0111\u1ec3 gi\u00fap ng\u01b0\u1eddi ch\u01a1i hi\u1ec3u r\u00f5 h\u01a1n v\u1ec1 d\u1ecbch v\u1ee5 h\u1ed7 tr\u1ee3 c\u1ee7a nh\u00e0 c\u00e1i.<\/span><\/p>\n<figure id=\"attachment_1299\" aria-describedby=\"caption-attachment-1299\" style=\"width: 1024px\" class=\"wp-caption aligncenter\"><img loading=\"lazy\" decoding=\"async\" class=\"wp-image-1299\" title=\"nhung cau hoi thuong gap khi lien he truc tiep toi nha cai\" src=\"http:\/\/new88home.com\/wp-content\/uploads\/2025\/12\/nhung-cau-hoi-thuong-gap-khi-lien-he-truc-tiep-toi-nha-cai.webp\" alt=\"nhung cau hoi thuong gap khi lien he truc tiep toi nha cai\" width=\"1024\" height=\"512\"><figcaption id=\"caption-attachment-1299\" class=\"wp-caption-text\">nhung cau hoi thuong gap khi lien he truc tiep toi nha cai<\/figcaption><\/figure>\n<h3><span class=\"ez-toc-section\" id=\"toi-co-the-lien-he-trong-nhung-truong-hop-nao\"><\/span><b><i>T\u00f4i c\u00f3 th\u1ec3 li\u00ean h\u1ec7 trong nh\u1eefng tr\u01b0\u1eddng h\u1ee3p n\u00e0o?<\/i><\/b><span class=\"ez-toc-section-end\"><\/span><\/h3>\n<p><span style=\"font-weight: 400;\">\u0110\u1ed9i ng\u0169 CSKH c\u1ee7a nh\u00e0 c\u00e1i \u0111\u01b0\u1ee3c thi\u1ebft l\u1eadp \u0111\u1ec3 h\u1ed7 tr\u1ee3 ng\u01b0\u1eddi ch\u01a1i gi\u1ea3i quy\u1ebft m\u1ecdi v\u1ea5n \u0111\u1ec1 ph\u00e1t sinh trong qu\u00e1 tr\u00ecnh tr\u1ea3i nghi\u1ec7m, bao g\u1ed3m:<\/span><\/p>\n<ul>\n<li style=\"font-weight: 400;\" aria-level=\"1\"><span style=\"font-weight: 400;\">C\u00e1c v\u1ea5n \u0111\u1ec1 li\u00ean quan \u0111\u1ebfn \u0111\u0103ng k\u00fd, \u0111\u0103ng nh\u1eadp t\u00e0i kho\u1ea3n t\u1ea1i <strong><a href=\"https:\/\/new88home.com\/\/\" target=\"_blank\" rel=\"noopener\">https:\/\/new88home.com\/\/<\/a>.<\/strong><\/span><\/li>\n<li style=\"font-weight: 400;\" aria-level=\"1\"><span style=\"font-weight: 400;\">H\u1ed7 tr\u1ee3 v\u1ec1 c\u00e1c giao d\u1ecbch n\u1ea1p v\u00e0 r\u00fat ti\u1ec1n.<\/span><\/li>\n<li style=\"font-weight: 400;\" aria-level=\"1\"><span style=\"font-weight: 400;\">Gi\u1ea3i \u0111\u00e1p th\u1eafc m\u1eafc v\u1ec1 quy tr\u00ecnh c\u00e0i \u0111\u1eb7t v\u00e0 s\u1eed d\u1ee5ng \u1ee9ng d\u1ee5ng New88 tr\u00ean c\u00e1c thi\u1ebft b\u1ecb kh\u00e1c nhau.<\/span><\/li>\n<li style=\"font-weight: 400;\" aria-level=\"1\"><span style=\"font-weight: 400;\">H\u1ed7 tr\u1ee3 khi ng\u01b0\u1eddi ch\u01a1i qu\u00ean m\u1eadt kh\u1ea9u t\u00e0i kho\u1ea3n ho\u1eb7c g\u1eb7p c\u00e1c v\u1ea5n \u0111\u1ec1 v\u1ec1 x\u00e1c th\u1ef1c th\u00f4ng tin.<\/span><\/li>\n<li style=\"font-weight: 400;\" aria-level=\"1\"><span style=\"font-weight: 400;\">Th\u00f4ng b\u00e1o v\u00e0 gi\u1ea3i th\u00edch v\u1ec1 c\u00e1c s\u1ef1 c\u1ed1 gi\u00e1n \u0111o\u1ea1n d\u1ecbch v\u1ee5 ho\u1eb7c b\u1ea3o tr\u00ec h\u1ec7 th\u1ed1ng t\u1eeb ph\u00eda nh\u00e0 c\u00e1i.<\/span><\/li>\n<li style=\"font-weight: 400;\" aria-level=\"1\"><span style=\"font-weight: 400;\">Ti\u1ebfp nh\u1eadn v\u00e0 x\u1eed l\u00fd c\u00e1c khi\u1ebfu n\u1ea1i, ph\u1ea3n \u00e1nh v\u1ec1 nh\u1eefng h\u00e0nh vi c\u00f3 d\u1ea5u hi\u1ec7u gian l\u1eadn ho\u1eb7c l\u1eeba \u0111\u1ea3o.<\/span><\/li>\n<\/ul>\n<h3><span class=\"ez-toc-section\" id=\"toi-co-the-lien-he-new88-vao-cuoi-tuan-hoac-ngay-le-khong\"><\/span><b><i>T\u00f4i c\u00f3 th\u1ec3 li\u00ean h\u1ec7 New88 v\u00e0o cu\u1ed1i tu\u1ea7n ho\u1eb7c ng\u00e0y l\u1ec5 kh\u00f4ng?<\/i><\/b><span class=\"ez-toc-section-end\"><\/span><\/h3>\n<p><span style=\"font-weight: 400;\">C\u00e2u tr\u1ea3 l\u1eddi l\u00e0 ho\u00e0n to\u00e0n c\u00f3. Nh\u00e0 c\u00e1i cam k\u1ebft cung c\u1ea5p d\u1ecbch v\u1ee5 ch\u0103m s\u00f3c kh\u00e1ch h\u00e0ng 24\/7, bao g\u1ed3m c\u1ea3 nh\u1eefng ng\u00e0y cu\u1ed1i tu\u1ea7n v\u00e0 l\u1ec5, T\u1ebft. M\u1ee5c ti\u00eau c\u1ee7a nh\u00e0 c\u00e1i l\u00e0 mang \u0111\u1ebfn tr\u1ea3i nghi\u1ec7m gi\u1ea3i tr\u00ed tr\u1ecdn v\u1eb9n nh\u1ea5t cho ng\u01b0\u1eddi ch\u01a1i, v\u00ec v\u1eady \u0111\u1eebng ng\u1ea7n ng\u1ea1i <\/span><b>li\u00ean h\u1ec7 <\/b>New88<span style=\"font-weight: 400;\"> b\u1ea5t c\u1ee9 khi n\u00e0o b\u1ea1n c\u1ea7n s\u1ef1 h\u1ed7 tr\u1ee3.<\/span><\/p>\n<h3><span class=\"ez-toc-section\" id=\"nhung-van-de-nao-nhan-vien-ho-tro-cua-nha-cai-se-tu-choi-giai-quyet\"><\/span><b><i>Nh\u1eefng v\u1ea5n \u0111\u1ec1 n\u00e0o nh\u00e2n vi\u00ean h\u1ed7 tr\u1ee3 c\u1ee7a nh\u00e0 c\u00e1i s\u1ebd t\u1eeb ch\u1ed1i gi\u1ea3i quy\u1ebft?<\/i><\/b><span class=\"ez-toc-section-end\"><\/span><\/h3>\n<p><span style=\"font-weight: 400;\">Trong m\u1ed9t s\u1ed1 tr\u01b0\u1eddng h\u1ee3p, \u0111\u1ed9i ng\u0169 h\u1ed7 tr\u1ee3 c\u1ee7a nh\u00e0 c\u00e1i c\u00f3 th\u1ec3 t\u1eeb ch\u1ed1i gi\u1ea3i quy\u1ebft c\u00e1c v\u1ea5n \u0111\u1ec1 ph\u00e1t sinh t\u1eeb ph\u00eda ng\u01b0\u1eddi ch\u01a1i, ch\u1eb3ng h\u1ea1n nh\u01b0:<\/span><\/p>\n<ul>\n<li style=\"font-weight: 400;\" aria-level=\"1\"><span style=\"font-weight: 400;\">Ng\u01b0\u1eddi ch\u01a1i c\u1ed1 \u00fd cung c\u1ea5p th\u00f4ng tin c\u00e1 nh\u00e2n kh\u00f4ng ch\u00ednh x\u00e1c khi \u0111\u0103ng k\u00fd t\u00e0i kho\u1ea3n.<\/span><\/li>\n<li style=\"font-weight: 400;\" aria-level=\"1\"><span style=\"font-weight: 400;\">C\u00e1c h\u00e0nh vi gian l\u1eadn trong qu\u00e1 tr\u00ecnh c\u00e1 c\u01b0\u1ee3c.<\/span><\/li>\n<li style=\"font-weight: 400;\" aria-level=\"1\"><span style=\"font-weight: 400;\">Vi\u1ec7c ng\u01b0\u1eddi ch\u01a1i ti\u1ebft l\u1ed9 th\u00f4ng tin t\u00e0i kho\u1ea3n cho ng\u01b0\u1eddi kh\u00e1c.<\/span><\/li>\n<li style=\"font-weight: 400;\" aria-level=\"1\"><span style=\"font-weight: 400;\">C\u00e1c v\u1ea5n \u0111\u1ec1 ph\u00e1t sinh do l\u1ed7i t\u1eeb thi\u1ebft b\u1ecb ho\u1eb7c k\u1ebft n\u1ed1i m\u1ea1ng c\u1ee7a ng\u01b0\u1eddi ch\u01a1i.<\/span><\/li>\n<\/ul>\n<h2><span class=\"ez-toc-section\" id=\"ket-luan\"><\/span><b>K\u1ebft lu\u1eadn<\/b><span class=\"ez-toc-section-end\"><\/span><\/h2>\n<p><span style=\"font-weight: 400;\">Ch\u00ednh s\u00e1ch <\/span><b>li\u00ean h\u1ec7 <\/b>New88<span style=\"font-weight: 400;\"> \u0111\u01b0\u1ee3c x\u00e2y d\u1ef1ng v\u1edbi m\u1ee5c ti\u00eau t\u1ed1i th\u01b0\u1ee3ng l\u00e0 mang \u0111\u1ebfn s\u1ef1 h\u1ed7 tr\u1ee3 t\u1eadn t\u00ecnh v\u00e0 hi\u1ec7u qu\u1ea3 nh\u1ea5t cho m\u1ecdi ng\u01b0\u1eddi ch\u01a1i. Hy v\u1ecdng r\u1eb1ng nh\u1eefng th\u00f4ng tin chi ti\u1ebft v\u1ec1 c\u00e1c ph\u01b0\u01a1ng th\u1ee9c li\u00ean h\u1ec7 v\u00e0 nh\u1eefng l\u01b0u \u00fd quan tr\u1ecdng trong qu\u00e1 tr\u00ecnh k\u1ebft n\u1ed1i s\u1ebd gi\u00fap b\u1ea1n l\u1ef1a ch\u1ecdn \u0111\u01b0\u1ee3c k\u00eanh ph\u00f9 h\u1ee3p v\u00e0 gi\u1ea3i quy\u1ebft m\u1ecdi th\u1eafc m\u1eafc m\u1ed9t c\u00e1ch nhanh ch\u00f3ng.\u00a0<\/span><\/p>\n","protected":false},"excerpt":{"rendered":"<p>Li\u00ean h\u1ec7 kh\u00f4ng ch\u1ec9 l\u00e0 m\u1ed9t k\u00eanh h\u1ed7 tr\u1ee3 kh\u00e1ch h\u00e0ng th\u00f4ng th\u01b0\u1eddng, m\u00e0 c\u00f2n l\u00e0 minh ch\u1ee9ng cho s\u1ef1 chuy\u00ean nghi\u1ec7p v\u00e0 t\u1eadn t\u00e2m m\u00e0 nh\u00e0 c\u00e1i new88 \u0111\u1eb7t v\u00e0o tr\u1ea3i nghi\u1ec7m c\u1ee7a ng\u01b0\u1eddi ch\u01a1i. B\u1ea5t k\u1ef3 th\u1eafc m\u1eafc hay s\u1ef1 c\u1ed1 n\u00e0o b\u1ea1n g\u1eb7p ph\u1ea3i trong qu\u00e1 tr\u00ecnh kh\u00e1m ph\u00e1 th\u1ebf gi\u1edbi gi\u1ea3i [&#8230;]\n","protected":false},"author":1,"featured_media":1211,"parent":0,"menu_order":0,"comment_status":"closed","ping_status":"closed","template":"","meta":{"footnotes":""},"class_list":["post-1204","page","type-page","status-publish","has-post-thumbnail","hentry"],"_links":{"self":[{"href":"https:\/\/new88home.com\/index.php\/wp-json\/wp\/v2\/pages\/1204","targetHints":{"allow":["GET"]}}],"collection":[{"href":"https:\/\/new88home.com\/index.php\/wp-json\/wp\/v2\/pages"}],"about":[{"href":"https:\/\/new88home.com\/index.php\/wp-json\/wp\/v2\/types\/page"}],"author":[{"embeddable":true,"href":"https:\/\/new88home.com\/index.php\/wp-json\/wp\/v2\/users\/1"}],"replies":[{"embeddable":true,"href":"https:\/\/new88home.com\/index.php\/wp-json\/wp\/v2\/comments?post=1204"}],"version-history":[{"count":0,"href":"https:\/\/new88home.com\/index.php\/wp-json\/wp\/v2\/pages\/1204\/revisions"}],"wp:featuredmedia":[{"embeddable":true,"href":"https:\/\/new88home.com\/index.php\/wp-json\/wp\/v2\/media\/1211"}],"wp:attachment":[{"href":"https:\/\/new88home.com\/index.php\/wp-json\/wp\/v2\/media?parent=1204"}],"curies":[{"name":"wp","href":"https:\/\/api.w.org\/{rel}","templated":true}]}}