{"id":1206,"date":"2025-12-26T09:31:13","date_gmt":"2025-12-26T09:31:13","guid":{"rendered":"https:\/\/new88home.com\/index.php\/mien-tru-trach-nhiem\/"},"modified":"2025-12-26T09:31:13","modified_gmt":"2025-12-26T09:31:13","slug":"mien-tru-trach-nhiem","status":"publish","type":"page","link":"https:\/\/new88home.com\/index.php\/mien-tru-trach-nhiem\/","title":{"rendered":"Mi\u1ec5n tr\u1eeb tr\u00e1ch nhi\u1ec7m NEW88 quan tr\u1ecdng, c\u1ea7n \u0111\u1ecdc ngay"},"content":{"rendered":"<p><i><span style=\"font-weight: 400;\">Vi\u1ec7c n\u1eafm v\u1eefng c\u00e1c quy \u0111\u1ecbnh, \u0111\u1eb7c bi\u1ec7t l\u00e0 ch\u00ednh s\u00e1ch <\/span><\/i><a href=\"https:\/\/new88home.com\/\/mien-tru-trach-nhiem\/\" target=\"_blank\" rel=\"noopener\"><strong><i>mi\u1ec5n tr\u1eeb tr\u00e1ch nhi\u1ec7m <\/i><\/strong><\/a><i>NEW88<\/i><i><span style=\"font-weight: 400;\">, l\u00e0 \u0111i\u1ec1u v\u00f4 c\u00f9ng thi\u1ebft y\u1ebfu. \u0110\u00e2y kh\u00f4ng ch\u1ec9 l\u00e0 nh\u1eefng d\u00f2ng ch\u1eef kh\u00f4 khan, m\u00e0 l\u00e0 n\u1ec1n t\u1ea3ng v\u1eefng ch\u1eafc gi\u00fap b\u1ea3o v\u1ec7 quy\u1ec1n l\u1ee3i c\u1ee7a ch\u00ednh b\u1ea1n, \u0111\u1ed3ng th\u1eddi \u0111\u1ea3m b\u1ea3o m\u1ed9t kh\u00f4ng gian c\u00e1 c\u01b0\u1ee3c c\u00f4ng b\u1eb1ng, minh b\u1ea1ch. Vi\u1ec7c t\u00ecm hi\u1ec3u k\u1ef9 l\u01b0\u1ee1ng c\u00e1c \u0111i\u1ec1u kho\u1ea3n <strong><a href=\"https:\/\/new88home.com\/\/\" target=\"_blank\" rel=\"noopener\">new88<\/a><\/strong> n\u00e0y gi\u1ed1ng nh\u01b0 m\u1ed9t chuy\u1ebfn phi\u00eau l\u01b0u, gi\u00fap b\u1ea1n l\u01b0\u1eddng tr\u01b0\u1edbc nh\u1eefng t\u00ecnh hu\u1ed1ng c\u00f3 th\u1ec3 x\u1ea3y ra v\u00e0 t\u1eadn h\u01b0\u1edfng h\u00e0nh tr\u00ecnh m\u1ed9t c\u00e1ch tr\u1ecdn v\u1eb9n nh\u1ea5t.<\/span><\/i><\/p>\n<h2><span class=\"ez-toc-section\" id=\"tai-sao-viec-doc-ky-mien-tru-trach-nhiem-new88-lai-quan-trong\"><\/span><b>T\u1ea1i sao vi\u1ec7c \u0111\u1ecdc k\u1ef9 mi\u1ec5n tr\u1eeb tr\u00e1ch nhi\u1ec7m NEW88 l\u1ea1i quan tr\u1ecdng?<\/b><span class=\"ez-toc-section-end\"><\/span><\/h2>\n<p><span style=\"font-weight: 400;\">Ch\u00ednh s\u00e1ch <strong>mi\u1ec5n tr\u1eeb tr\u00e1ch nhi\u1ec7m<\/strong> NEW88 \u0111\u01b0\u1ee3c x\u00e2y d\u1ef1ng nh\u01b0 m\u1ed9t b\u1ea3n th\u1ecfa thu\u1eadn r\u00f5 r\u00e0ng, ph\u00e2n \u0111\u1ecbnh quy\u1ec1n h\u1ea1n c\u0169ng nh\u01b0 ngh\u0129a v\u1ee5 gi\u1eefa nh\u00e0 c\u00e1i v\u00e0 ng\u01b0\u1eddi tham gia. Vi\u1ec7c b\u1ea1n d\u00e0nh th\u1eddi gian nghi\u00ean c\u1ee9u k\u1ef9 l\u01b0\u1ee1ng t\u00e0i li\u1ec7u n\u00e0y mang l\u1ea1i nhi\u1ec1u l\u1ee3i \u00edch thi\u1ebft th\u1ef1c.<\/span><\/p>\n<p><span style=\"font-weight: 400;\">Tr\u01b0\u1edbc h\u1ebft, <b>mi\u1ec5n tr\u1eeb tr\u00e1ch nhi\u1ec7m<\/b> gi\u00fap b\u1ea1n hi\u1ec3u r\u00f5 nh\u1eefng tr\u01b0\u1eddng h\u1ee3p n\u00e0o nh\u00e0 c\u00e1i s\u1ebd kh\u00f4ng ch\u1ecbu tr\u00e1ch nhi\u1ec7m \u0111\u1ed1i v\u1edbi c\u00e1c r\u1ee7i ro ho\u1eb7c t\u1ed5n th\u1ea5t ph\u00e1t sinh. V\u00ed d\u1ee5, n\u1ebfu ng\u01b0\u1eddi ch\u01a1i cung c\u1ea5p th\u00f4ng tin \u0111\u0103ng k\u00fd kh\u00f4ng ch\u00ednh x\u00e1c ho\u1eb7c t\u1ef1 \u00fd chia s\u1ebb t\u00e0i kho\u1ea3n cho b\u00ean th\u1ee9 ba d\u1eabn \u0111\u1ebfn tranh ch\u1ea5p, NEW88 c\u00f3 th\u1ec3 s\u1ebd kh\u00f4ng can thi\u1ec7p gi\u1ea3i quy\u1ebft. \u0110i\u1ec1u n\u00e0y gi\u00fap ng\u01b0\u1eddi ch\u01a1i ch\u1ee7 \u0111\u1ed9ng h\u01a1n trong vi\u1ec7c b\u1ea3o v\u1ec7 t\u00e0i s\u1ea3n c\u0169ng nh\u01b0 th\u00f4ng tin c\u00e1 nh\u00e2n c\u1ee7a m\u00ecnh.\u00a0<\/span><\/p>\n<p><span style=\"font-weight: 400;\">Th\u1ee9 hai, vi\u1ec7c n\u1eafm b\u1eaft c\u00e1c quy \u0111\u1ecbnh mi\u1ec5n tr\u1eeb gi\u00fap b\u1ea1n tr\u00e1nh \u0111\u01b0\u1ee3c nh\u1eefng hi\u1ec3u l\u1ea7m kh\u00f4ng \u0111\u00e1ng c\u00f3, t\u1eeb \u0111\u00f3 x\u00e2y d\u1ef1ng m\u1ed1i quan h\u1ec7 tin c\u1eady v\u00e0 b\u1ec1n v\u1eefng v\u1edbi nh\u00e0 c\u00e1i. T\u01b0\u01a1ng t\u1ef1 nh\u01b0 vi\u1ec7c \u0111\u1ecdc k\u1ef9 h\u01b0\u1edbng d\u1eabn an to\u00e0n tr\u01b0\u1edbc khi tham gia m\u1ed9t tr\u00f2 ch\u01a1i c\u1ea3m gi\u00e1c m\u1ea1nh, vi\u1ec7c hi\u1ec3u r\u00f5 ch\u00ednh s\u00e1ch mi\u1ec5n tr\u1eeb gi\u00fap b\u1ea1n \u201cch\u01a1i\u201d an to\u00e0n h\u01a1n.<\/span><\/p>\n<figure id=\"attachment_1301\" aria-describedby=\"caption-attachment-1301\" style=\"width: 1024px\" class=\"wp-caption aligncenter\"><img loading=\"lazy\" decoding=\"async\" class=\"wp-image-1301\" title=\"hoi vien chinh thuc can doc ky chinh sach mien tru trach nhiem new88\" src=\"http:\/\/new88home.com\/wp-content\/uploads\/2025\/12\/hoi-vien-chinh-thuc-can-doc-ky-chinh-sach-mien-tru-trach-nhiem-new88.webp\" alt=\"hoi vien chinh thuc can doc ky chinh sach mien tru trach nhiem new88\" width=\"1024\" height=\"512\"><figcaption id=\"caption-attachment-1301\" class=\"wp-caption-text\">hoi vien chinh thuc can doc ky chinh sach mien tru trach nhiem new88<\/figcaption><\/figure>\n<h2><span class=\"ez-toc-section\" id=\"nhung-diem-cot-loi-trong-chinh-sach-mien-tru-new88\"><\/span><b>Nh\u1eefng \u0111i\u1ec3m c\u1ed1t l\u00f5i trong ch\u00ednh s\u00e1ch mi\u1ec5n tr\u1eeb NEW88<\/b><span class=\"ez-toc-section-end\"><\/span><\/h2>\n<p><span style=\"font-weight: 400;\">Ch\u00ednh s\u00e1ch <\/span><b>mi\u1ec5n tr\u1eeb tr\u00e1ch nhi\u1ec7m <\/b>NEW88<span style=\"font-weight: 400;\"> bao g\u1ed3m nhi\u1ec1u kh\u00eda c\u1ea1nh quan tr\u1ecdng, m\u1ed7i \u0111i\u1ec1u kho\u1ea3n \u0111\u1ec1u nh\u1eb1m m\u1ee5c \u0111\u00edch t\u1ea1o ra m\u1ed9t s\u00e2n ch\u01a1i r\u00f5 r\u00e0ng v\u1ec1 m\u1eb7t ph\u00e1p l\u00fd. \u0110\u1ec3 ng\u01b0\u1eddi ch\u01a1i c\u00f3 c\u00e1i nh\u00ecn t\u1ed5ng quan, ch\u00fang ta s\u1ebd c\u00f9ng \u0111i\u1ec3m qua c\u00e1c n\u1ed9i dung ch\u00ednh.<\/span><\/p>\n<h3><span class=\"ez-toc-section\" id=\"ve-tinh-chinh-xac-cua-cung-cap-thong-tin\"><\/span><b>V\u1ec1 t\u00ednh ch\u00ednh x\u00e1c c\u1ee7a cung c\u1ea5p th\u00f4ng tin\u00a0<\/b><span class=\"ez-toc-section-end\"><\/span><\/h3>\n<p><span style=\"font-weight: 400;\"><a href=\"https:\/\/new88home.com\/\/\" target=\"_blank\" rel=\"noopener\"><strong>https:\/\/new88home.com\/\/<\/strong><\/a> lu\u00f4n n\u1ed7 l\u1ef1c \u0111\u1ea3m b\u1ea3o r\u1eb1ng m\u1ecdi th\u00f4ng tin, t\u1ef7 l\u1ec7 c\u01b0\u1ee3c v\u00e0 k\u1ebft qu\u1ea3 \u0111\u01b0\u1ee3c c\u00f4ng b\u1ed1 tr\u00ean n\u1ec1n t\u1ea3ng l\u00e0 ch\u00ednh x\u00e1c v\u00e0 c\u1eadp nh\u1eadt nh\u1ea5t. Tuy nhi\u00ean, kh\u00f4ng th\u1ec3 lo\u1ea1i tr\u1eeb ho\u00e0n to\u00e0n kh\u1ea3 n\u0103ng x\u1ea3y ra l\u1ed7i k\u1ef9 thu\u1eadt ho\u1eb7c sai s\u00f3t do y\u1ebfu t\u1ed1 con ng\u01b0\u1eddi. Do \u0111\u00f3, nh\u00e0 c\u00e1i c\u00f3 quy\u1ec1n \u0111i\u1ec1u ch\u1ec9nh ho\u1eb7c h\u1ee7y b\u1ecf c\u00e1c giao d\u1ecbch b\u1ecb \u1ea3nh h\u01b0\u1edfng b\u1edfi nh\u1eefng sai s\u00f3t n\u00e0y m\u00e0 kh\u00f4ng c\u1ea7n b\u00e1o tr\u01b0\u1edbc. Ng\u01b0\u1eddi ch\u01a1i c\u1ea7n hi\u1ec3u r\u1eb1ng, vi\u1ec7c d\u1ef1a v\u00e0o th\u00f4ng tin tr\u00ean website \u0111\u1ec3 \u0111\u01b0a ra quy\u1ebft \u0111\u1ecbnh c\u00e1 c\u01b0\u1ee3c l\u00e0 thu\u1ed9c v\u1ec1 tr\u00e1ch nhi\u1ec7m c\u00e1 nh\u00e2n. Gi\u1ed1ng nh\u01b0 khi b\u1ea1n tham kh\u1ea3o b\u1ea3n \u0111\u1ed3 tr\u01b0\u1edbc chuy\u1ebfn \u0111i, b\u1ea1n c\u1ea7n t\u1ef1 m\u00ecnh ki\u1ec3m tra v\u00e0 \u0111\u1ed1i chi\u1ebfu nhi\u1ec1u ngu\u1ed3n \u0111\u1ec3 \u0111\u1ea3m b\u1ea3o t\u00ednh \u0111\u00fang \u0111\u1eafn.<\/span><\/p>\n<h3><span class=\"ez-toc-section\" id=\"rui-ro-tiem-an-khi-tham-gia-ca-cuoc-new88\"><\/span><b>R\u1ee7i ro ti\u1ec1m \u1ea9n khi tham gia c\u00e1 c\u01b0\u1ee3c NEW88<\/b><span class=\"ez-toc-section-end\"><\/span><\/h3>\n<p><b>Mi\u1ec5n tr\u1eeb tr\u00e1ch nhi\u1ec7m <\/b>NEW88<span style=\"font-weight: 400;\"> n\u00eau r\u00f5 r\u1eb1ng nh\u00e0 c\u00e1i kh\u00f4ng ch\u1ecbu tr\u00e1ch nhi\u1ec7m cho b\u1ea5t k\u1ef3 t\u1ed5n th\u1ea5t t\u00e0i ch\u00ednh n\u00e0o m\u00e0 ng\u01b0\u1eddi ch\u01a1i c\u00f3 th\u1ec3 g\u1eb7p ph\u1ea3i do quy\u1ebft \u0111\u1ecbnh c\u00e1 c\u01b0\u1ee3c c\u1ee7a m\u00ecnh. Ng\u01b0\u1eddi ch\u01a1i ph\u1ea3i ho\u00e0n to\u00e0n t\u1ef1 \u00fd th\u1ee9c \u0111\u01b0\u1ee3c r\u1eb1ng vi\u1ec7c th\u1eafng thua l\u00e0 m\u1ed9t ph\u1ea7n c\u1ee7a tr\u00f2 ch\u01a1i v\u00e0 ch\u1ec9 n\u00ean tham gia v\u1edbi s\u1ed1 ti\u1ec1n trong kh\u1ea3 n\u0103ng chi tr\u1ea3 c\u1ee7a m\u00ecnh. Vi\u1ec7c ch\u01a1i c\u00f3 tr\u00e1ch nhi\u1ec7m, ki\u1ec3m so\u00e1t ng\u00e2n s\u00e1ch l\u00e0 y\u1ebfu t\u1ed1 then ch\u1ed1t \u0111\u1ec3 b\u1ea1n tr\u1ea3i nghi\u1ec7m gi\u1ea3i tr\u00ed \u0111\u01b0\u1ee3c vui v\u1ebb, tr\u00e1nh nh\u1eefng h\u1ec7 l\u1ee5y kh\u00f4ng mong mu\u1ed1n.<\/span><\/p>\n<figure id=\"attachment_1303\" aria-describedby=\"caption-attachment-1303\" style=\"width: 1024px\" class=\"wp-caption aligncenter\"><img loading=\"lazy\" decoding=\"async\" class=\"wp-image-1303\" title=\"nguoi choi nen y thuc viec ca cuoc tai new88 se co thang va thua (1)\" src=\"http:\/\/new88home.com\/wp-content\/uploads\/2025\/12\/nguoi-choi-nen-y-thuc-viec-ca-cuoc-tai-new88-se-co-thang-va-thua-1-1.webp\" alt=\"nguoi choi nen y thuc viec ca cuoc tai new88 se co thang va thua (1)\" width=\"1024\" height=\"512\"><figcaption id=\"caption-attachment-1303\" class=\"wp-caption-text\">nguoi choi nen y thuc viec ca cuoc tai new88 se co thang va thua<\/figcaption><\/figure>\n<h3><span class=\"ez-toc-section\" id=\"su-co-ky-thuat-va-gian-doan-dich-vu-tai-nha-cai\"><\/span><b>S\u1ef1 c\u1ed1 k\u1ef9 thu\u1eadt v\u00e0 gi\u00e1n \u0111o\u1ea1n d\u1ecbch v\u1ee5 t\u1ea1i nh\u00e0 c\u00e1i<\/b><span class=\"ez-toc-section-end\"><\/span><\/h3>\n<p><span style=\"font-weight: 400;\">Trong qu\u00e1 tr\u00ecnh v\u1eadn h\u00e0nh m\u1ed9t n\u1ec1n t\u1ea3ng tr\u1ef1c tuy\u1ebfn ph\u1ee9c t\u1ea1p nh\u01b0 NEW88, c\u00e1c s\u1ef1 c\u1ed1 k\u1ef9 thu\u1eadt nh\u01b0 l\u1ed7i m\u00e1y ch\u1ee7, gi\u00e1n \u0111o\u1ea1n \u0111\u01b0\u1eddng truy\u1ec1n, ho\u1eb7c t\u1ea5n c\u00f4ng m\u1ea1ng,\u2026 T\u1ea5t c\u1ea3 nh\u1eefng \u0111i\u1ec1u n\u00e0y r\u1ea5t kh\u00f3 tr\u00e1nh kh\u1ecfi tuy\u1ec7t \u0111\u1ed1i, m\u1eb7c d\u00f9 nh\u00e0 c\u00e1i \u0111\u00e3 \u00e1p d\u1ee5ng nhi\u1ec1u bi\u1ec7n ph\u00e1p b\u1ea3o v\u1ec7.\u00a0<\/span><\/p>\n<p><span style=\"font-weight: 400;\">Ch\u00ednh s\u00e1ch <\/span><b>mi\u1ec5n tr\u1eeb tr\u00e1ch nhi\u1ec7m <\/b><span style=\"font-weight: 400;\">s\u1ebd quy \u0111\u1ecbnh r\u00f5 r\u1eb1ng NEW88 kh\u00f4ng ch\u1ecbu tr\u00e1ch nhi\u1ec7m cho c\u00e1c thi\u1ec7t h\u1ea1i ph\u00e1t sinh t\u1eeb nh\u1eefng s\u1ef1 c\u1ed1 kh\u00e1ch quan n\u00e0y. Tr\u1eeb khi \u0111\u00f3 l\u00e0 l\u1ed7i tr\u1ef1c ti\u1ebfp v\u00e0 nghi\u00eam tr\u1ecdng t\u1eeb ph\u00eda nh\u00e0 c\u00e1i. \u0110i\u1ec1u n\u00e0y t\u01b0\u01a1ng t\u1ef1 nh\u01b0 vi\u1ec7c m\u1ed9t chuy\u1ebfn bay c\u00f3 th\u1ec3 b\u1ecb ho\u00e3n do th\u1eddi ti\u1ebft x\u1ea5u, h\u00e0nh kh\u00e1ch c\u1ea7n ch\u1ea5p nh\u1eadn v\u00e0 th\u00f4ng c\u1ea3m.<\/span><\/p>\n<blockquote><\/blockquote>\n<h2><span class=\"ez-toc-section\" id=\"nghia-vu-va-trach-nhiem-cua-nguoi-choi-tai-mien-tru-trach-nhiem-new88\"><\/span><b>Ngh\u0129a v\u1ee5 v\u00e0 tr\u00e1ch nhi\u1ec7m c\u1ee7a ng\u01b0\u1eddi ch\u01a1i t\u1ea1i mi\u1ec5n tr\u1eeb tr\u00e1ch nhi\u1ec7m NEW88<\/b><span class=\"ez-toc-section-end\"><\/span><\/h2>\n<p><span style=\"font-weight: 400;\">B\u00ean c\u1ea1nh vi\u1ec7c t\u00ecm hi\u1ec3u v\u1ec1 nh\u1eefng gi\u1edbi h\u1ea1n tr\u00e1ch nhi\u1ec7m c\u1ee7a nh\u00e0 c\u00e1i, ng\u01b0\u1eddi ch\u01a1i c\u0169ng c\u1ea7n nh\u1eadn th\u1ee9c r\u00f5 v\u1ec1 ngh\u0129a v\u1ee5 c\u1ee7a b\u1ea3n th\u00e2n khi tham gia v\u00e0o c\u1ed9ng \u0111\u1ed3ng NEW88. S\u1ef1 h\u1ee3p t\u00e1c n\u00e0y \u0111\u1ea3m b\u1ea3o m\u1ed9t m\u00f4i tr\u01b0\u1eddng gi\u1ea3i tr\u00ed c\u00f4ng b\u1eb1ng v\u00e0 an to\u00e0n cho t\u1ea5t c\u1ea3 m\u1ecdi ng\u01b0\u1eddi.<\/span><\/p>\n<p><span style=\"font-weight: 400;\">Ng\u01b0\u1eddi ch\u01a1i c\u00f3 tr\u00e1ch nhi\u1ec7m cung c\u1ea5p th\u00f4ng tin c\u00e1 nh\u00e2n ch\u00ednh x\u00e1c v\u00e0 \u0111\u1ea7y \u0111\u1ee7 khi \u0111\u0103ng k\u00fd t\u00e0i kho\u1ea3n, \u0111\u1ed3ng th\u1eddi t\u1ef1 b\u1ea3o m\u1eadt th\u00f4ng tin \u0111\u0103ng nh\u1eadp c\u1ee7a m\u00ecnh. M\u1ecdi h\u00e0nh vi gian l\u1eadn, th\u00f4ng \u0111\u1ed3ng, s\u1eed d\u1ee5ng ph\u1ea7n m\u1ec1m tr\u00e1i ph\u00e9p ho\u1eb7c vi ph\u1ea1m c\u00e1c \u0111i\u1ec1u kho\u1ea3n s\u1eed d\u1ee5ng \u0111\u1ec1u s\u1ebd d\u1eabn \u0111\u1ebfn vi\u1ec7c t\u00e0i kho\u1ea3n b\u1ecb x\u1eed l\u00fd v\u00e0 NEW88 \u0111\u01b0\u1ee3c mi\u1ec5n tr\u1eeb m\u1ecdi tr\u00e1ch nhi\u1ec7m li\u00ean quan.\u00a0<\/span><\/p>\n<p><span style=\"font-weight: 400;\">V\u00ed d\u1ee5, vi\u1ec7c m\u1ed9t ng\u01b0\u1eddi ch\u01a1i s\u1eed d\u1ee5ng nhi\u1ec1u t\u00e0i kho\u1ea3n \u0111\u1ec3 tr\u1ee5c l\u1ee3i t\u1eeb khuy\u1ebfn m\u00e3i l\u00e0 h\u00e0nh vi vi ph\u1ea1m v\u00e0 s\u1ebd b\u1ecb x\u1eed l\u00fd nghi\u00eam. H\u01a1n n\u1eefa, ng\u01b0\u1eddi ch\u01a1i ph\u1ea3i \u0111\u1ea3m b\u1ea3o m\u00ecnh \u0111\u1ee7 tu\u1ed5i v\u1ecb th\u00e0nh ni\u00ean theo quy \u0111\u1ecbnh ph\u00e1p lu\u1eadt \u0111\u1ec3 tham gia c\u00e1 c\u01b0\u1ee3c.<\/span><\/p>\n<figure id=\"attachment_1304\" aria-describedby=\"caption-attachment-1304\" style=\"width: 1024px\" class=\"wp-caption aligncenter\"><img loading=\"lazy\" decoding=\"async\" class=\"wp-image-1304\" title=\"thong tin nguoi choi cung cap cho new88 can chinh xac day du\" src=\"http:\/\/new88home.com\/wp-content\/uploads\/2025\/12\/thong-tin-nguoi-choi-cung-cap-cho-new88-can-chinh-xac-day-du.webp\" alt=\"thong tin nguoi choi cung cap cho new88 can chinh xac day du\" width=\"1024\" height=\"512\"><figcaption id=\"caption-attachment-1304\" class=\"wp-caption-text\">thong tin nguoi choi cung cap cho new88 can chinh xac day du<\/figcaption><\/figure>\n<h2><span class=\"ez-toc-section\" id=\"cac-truong-hop-cu-the-new88-duoc-mien-tru-trach-nhiem\"><\/span><b>C\u00e1c tr\u01b0\u1eddng h\u1ee3p c\u1ee5 th\u1ec3 NEW88 \u0111\u01b0\u1ee3c mi\u1ec5n tr\u1eeb tr\u00e1ch nhi\u1ec7m<\/b><span class=\"ez-toc-section-end\"><\/span><\/h2>\n<table border=\"1px\">\n<tbody>\n<tr>\n<td><b>Tr\u01b0\u1eddng h\u1ee3p mi\u1ec5n tr\u1eeb tr\u00e1ch nhi\u1ec7m t\u1ea1i NEW88<\/b><\/td>\n<td><b>M\u00f4 t\u1ea3 chi ti\u1ebft<\/b><\/td>\n<\/tr>\n<tr>\n<td><b>Th\u00f4ng tin \u0111\u0103ng k\u00fd sai l\u1ec7ch<\/b><\/td>\n<td><span style=\"font-weight: 400;\">Ng\u01b0\u1eddi ch\u01a1i c\u1ed1 t\u00ecnh cung c\u1ea5p th\u00f4ng tin c\u00e1 nh\u00e2n kh\u00f4ng \u0111\u00fang s\u1ef1 th\u1eadt (tu\u1ed5i, t\u00ean, \u0111\u1ecba ch\u1ec9) nh\u1eb1m m\u1ee5c \u0111\u00edch gian l\u1eadn ho\u1eb7c l\u00e1ch lu\u1eadt.<\/span><\/td>\n<\/tr>\n<tr>\n<td><b>Vi ph\u1ea1m \u0111i\u1ec1u kho\u1ea3n s\u1eed d\u1ee5ng<\/b><\/td>\n<td><span style=\"font-weight: 400;\">Bao g\u1ed3m vi\u1ec7c s\u1eed d\u1ee5ng nhi\u1ec1u t\u00e0i kho\u1ea3n, c\u01b0\u1ee3c nh\u00f3m, l\u1ea1m d\u1ee5ng khuy\u1ebfn m\u00e3i. Ho\u1eb7c b\u1ea5t k\u1ef3 h\u00e0nh vi n\u00e0o \u0111i ng\u01b0\u1ee3c l\u1ea1i quy \u0111\u1ecbnh chung c\u1ee7a <\/span><b>mi\u1ec5n tr\u1eeb tr\u00e1ch nhi\u1ec7m<\/b><span style=\"font-weight: 400;\"> NEW88.<\/span><\/td>\n<\/tr>\n<tr>\n<td><b>S\u1eed d\u1ee5ng app gian l\u1eadn\/can thi\u1ec7p h\u1ec7 th\u1ed1ng<\/b><\/td>\n<td><span style=\"font-weight: 400;\">C\u1ed1 \u00fd d\u00f9ng tool hack, bot, ho\u1eb7c c\u00e1c ph\u1ea7n m\u1ec1m b\u00ean th\u1ee9 ba \u0111\u1ec3 thay \u0111\u1ed5i k\u1ebft qu\u1ea3 tr\u00f2 ch\u01a1i ho\u1eb7c g\u00e2y \u1ea3nh h\u01b0\u1edfng \u0111\u1ebfn ho\u1ea1t \u0111\u1ed9ng c\u1ee7a nh\u00e0 c\u00e1i.<\/span><\/td>\n<\/tr>\n<tr>\n<td><b>H\u00e0nh vi r\u1eeda ti\u1ec1n ho\u1eb7c c\u00e1c ho\u1ea1t \u0111\u1ed9ng phi ph\u00e1p<\/b><\/td>\n<td><span style=\"font-weight: 400;\">S\u1eed d\u1ee5ng t\u00e0i kho\u1ea3n NEW88 \u0111\u1ec3 th\u1ef1c hi\u1ec7n c\u00e1c giao d\u1ecbch li\u00ean quan \u0111\u1ebfn r\u1eeda ti\u1ec1n, t\u00e0i tr\u1ee3 kh\u1ee7ng b\u1ed1 ho\u1eb7c c\u00e1c ho\u1ea1t \u0111\u1ed9ng b\u1ea5t h\u1ee3p ph\u00e1p kh\u00e1c.<\/span><\/td>\n<\/tr>\n<tr>\n<td><b>T\u1ef1 \u00fd ti\u1ebft l\u1ed9 th\u00f4ng tin c\u1ee7a t\u00e0i kho\u1ea3n NEW88<\/b><\/td>\n<td><span style=\"font-weight: 400;\">Ng\u01b0\u1eddi ch\u01a1i l\u00e0m l\u1ed9 th\u00f4ng tin \u0111\u0103ng nh\u1eadp (t\u00ean t\u00e0i kho\u1ea3n, m\u1eadt kh\u1ea9u) cho ng\u01b0\u1eddi kh\u00e1c. D\u1eabn \u0111\u1ebfn vi\u1ec7c t\u00e0i kho\u1ea3n b\u1ecb chi\u1ebfm \u0111o\u1ea1t ho\u1eb7c l\u1ea1m d\u1ee5ng.<\/span><\/td>\n<\/tr>\n<tr>\n<td><b>L\u1ed7i k\u1ebft n\u1ed1i m\u1ea1ng t\u1eeb ph\u00eda ng\u01b0\u1eddi ch\u01a1i<\/b><\/td>\n<td><span style=\"font-weight: 400;\">C\u00e1c v\u1ea5n \u0111\u1ec1 v\u1ec1 \u0111\u01b0\u1eddng truy\u1ec1n internet kh\u00f4ng \u1ed5n \u0111\u1ecbnh, thi\u1ebft b\u1ecb c\u00e1 nh\u00e2n b\u1ecb l\u1ed7i khi\u1ebfn vi\u1ec7c \u0111\u1eb7t c\u01b0\u1ee3c, giao d\u1ecbch b\u1ecb gi\u00e1n \u0111o\u1ea1n ho\u1eb7c th\u1ea5t b\u1ea1i.<\/span><\/td>\n<\/tr>\n<tr>\n<td><b>Quy\u1ebft \u0111\u1ecbnh c\u00e1 c\u01b0\u1ee3c c\u00e1 nh\u00e2n<\/b><\/td>\n<td><span style=\"font-weight: 400;\">NEW88 kh\u00f4ng ch\u1ecbu tr\u00e1ch nhi\u1ec7m v\u1ec1 c\u00e1c kho\u1ea3n thua c\u01b0\u1ee3c c\u1ee7a ng\u01b0\u1eddi ch\u01a1i, v\u00ec \u0111\u00e2y l\u00e0 quy\u1ebft \u0111\u1ecbnh v\u00e0 r\u1ee7i ro t\u1ef1 nguy\u1ec7n c\u1ee7a m\u1ed7i c\u00e1 nh\u00e2n.<\/span><\/td>\n<\/tr>\n<\/tbody>\n<\/table>\n<h2><\/h2>\n<figure id=\"attachment_1305\" aria-describedby=\"caption-attachment-1305\" style=\"width: 1024px\" class=\"wp-caption aligncenter\"><img loading=\"lazy\" decoding=\"async\" class=\"wp-image-1305\" title=\"nam ro cac truong hop new88 ap dung chinh sach mien tru\" src=\"http:\/\/new88home.com\/wp-content\/uploads\/2025\/12\/nam-ro-cac-truong-hop-new88-ap-dung-chinh-sach-mien-tru.webp\" alt=\"nam ro cac truong hop new88 ap dung chinh sach mien tru\" width=\"1024\" height=\"512\"><figcaption id=\"caption-attachment-1305\" class=\"wp-caption-text\">nam ro cac truong hop new88 ap dung chinh sach mi\u1ec5n tr\u1eeb tr\u00e1ch nhi\u1ec7m<\/figcaption><\/figure>\n<p><span style=\"font-weight: 400;\">Vi\u1ec7c t\u00ecm hi\u1ec3u k\u1ef9 l\u01b0\u1ee1ng v\u00e0 tu\u00e2n th\u1ee7 c\u00e1c \u0111i\u1ec1u kho\u1ea3n trong ch\u00ednh s\u00e1ch <\/span><b>mi\u1ec5n tr\u1eeb tr\u00e1ch nhi\u1ec7m <\/b>NEW88<span style=\"font-weight: 400;\"> kh\u00f4ng ch\u1ec9 l\u00e0 ngh\u0129a v\u1ee5 m\u00e0 c\u00f2n l\u00e0 quy\u1ec1n l\u1ee3i c\u1ee7a m\u1ed7i ng\u01b0\u1eddi ch\u01a1i. N\u00f3 gi\u1ed1ng nh\u01b0 vi\u1ec7c b\u1ea1n trang b\u1ecb cho m\u00ecnh ki\u1ebfn th\u1ee9c v\u00e0 k\u1ef9 n\u0103ng c\u1ea7n thi\u1ebft tr\u01b0\u1edbc m\u1ed7i chuy\u1ebfn \u0111i, gi\u00fap h\u00e0nh tr\u00ecnh kh\u00e1m ph\u00e1 th\u1ebf gi\u1edbi gi\u1ea3i tr\u00ed tr\u1ef1c tuy\u1ebfn tr\u1edf n\u00ean an to\u00e0n, minh b\u1ea1ch v\u00e0 th\u00fa v\u1ecb h\u01a1n. H\u00e3y l\u00e0 m\u1ed9t ng\u01b0\u1eddi ch\u01a1i th\u00f4ng th\u00e1i \u0111\u1ec3 m\u1ed7i kho\u1ea3nh kh\u1eafc t\u1ea1i NEW88 \u0111\u1ec1u l\u00e0 nh\u1eefng gi\u00e2y ph\u00fat th\u01b0 gi\u00e3n tr\u1ecdn v\u1eb9n.<\/span><\/p>\n<p>\u00a0<\/p>\n","protected":false},"excerpt":{"rendered":"<p>Vi\u1ec7c n\u1eafm v\u1eefng c\u00e1c quy \u0111\u1ecbnh, \u0111\u1eb7c bi\u1ec7t l\u00e0 ch\u00ednh s\u00e1ch mi\u1ec5n tr\u1eeb tr\u00e1ch nhi\u1ec7m NEW88, l\u00e0 \u0111i\u1ec1u v\u00f4 c\u00f9ng thi\u1ebft y\u1ebfu. \u0110\u00e2y kh\u00f4ng ch\u1ec9 l\u00e0 nh\u1eefng d\u00f2ng ch\u1eef kh\u00f4 khan, m\u00e0 l\u00e0 n\u1ec1n t\u1ea3ng v\u1eefng ch\u1eafc gi\u00fap b\u1ea3o v\u1ec7 quy\u1ec1n l\u1ee3i c\u1ee7a ch\u00ednh b\u1ea1n, \u0111\u1ed3ng th\u1eddi \u0111\u1ea3m b\u1ea3o m\u1ed9t kh\u00f4ng gian c\u00e1 c\u01b0\u1ee3c c\u00f4ng [&#8230;]\n","protected":false},"author":1,"featured_media":1209,"parent":0,"menu_order":0,"comment_status":"closed","ping_status":"closed","template":"","meta":{"footnotes":""},"class_list":["post-1206","page","type-page","status-publish","has-post-thumbnail","hentry"],"_links":{"self":[{"href":"https:\/\/new88home.com\/index.php\/wp-json\/wp\/v2\/pages\/1206","targetHints":{"allow":["GET"]}}],"collection":[{"href":"https:\/\/new88home.com\/index.php\/wp-json\/wp\/v2\/pages"}],"about":[{"href":"https:\/\/new88home.com\/index.php\/wp-json\/wp\/v2\/types\/page"}],"author":[{"embeddable":true,"href":"https:\/\/new88home.com\/index.php\/wp-json\/wp\/v2\/users\/1"}],"replies":[{"embeddable":true,"href":"https:\/\/new88home.com\/index.php\/wp-json\/wp\/v2\/comments?post=1206"}],"version-history":[{"count":0,"href":"https:\/\/new88home.com\/index.php\/wp-json\/wp\/v2\/pages\/1206\/revisions"}],"wp:featuredmedia":[{"embeddable":true,"href":"https:\/\/new88home.com\/index.php\/wp-json\/wp\/v2\/media\/1209"}],"wp:attachment":[{"href":"https:\/\/new88home.com\/index.php\/wp-json\/wp\/v2\/media?parent=1206"}],"curies":[{"name":"wp","href":"https:\/\/api.w.org\/{rel}","templated":true}]}}