{"id":1207,"date":"2025-12-26T09:31:14","date_gmt":"2025-12-26T09:31:14","guid":{"rendered":"https:\/\/new88home.com\/index.php\/chong-nghien-co-bac\/"},"modified":"2025-12-26T09:31:14","modified_gmt":"2025-12-26T09:31:14","slug":"chong-nghien-co-bac","status":"publish","type":"page","link":"https:\/\/new88home.com\/index.php\/chong-nghien-co-bac\/","title":{"rendered":"Ch\u1ed1ng nghi\u1ec7n c\u1edd b\u1ea1c New88: gi\u00fap b\u1ea1n kh\u00f4ng sa v\u00e0o thua l\u1ed7."},"content":{"rendered":"<p><a href=\"https:\/\/new88home.com\/\/chong-nghien-co-bac\/\" target=\"_blank\" rel=\"noopener\"><b><i>Ch\u1ed1ng nghi\u1ec7n c\u1edd b\u1ea1c<\/i><\/b><\/a><i><span style=\"font-weight: 400;\"> New88 \u0111\u01b0\u1ee3c nhi\u1ec1u ng\u01b0\u1eddi ch\u01a1i c\u00e1 c\u01b0\u1ee3c online quan t\u00e2m. C\u00f3 nhi\u1ec1u ng\u01b0\u1eddi ch\u01a1i kh\u00f4ng ki\u1ec3m so\u00e1t b\u1ea3n th\u00e2n \u0111\u00e3 r\u01a1i v\u00e0o v\u00f2ng xo\u00e1y nghi\u1ec7n c\u1edd b\u1ea1c tr\u1ef1c tuy\u1ebfn. D\u1eabn \u0111\u1ebfn h\u1eadu qu\u1ea3 n\u1eb7ng n\u1ec1 c\u1ea3 v\u1ec1 t\u00e0i ch\u00ednh, tinh th\u1ea7n v\u00e0 c\u00e1c m\u1ed1i quan h\u1ec7 x\u00e3 h\u1ed9i. B\u00e0i vi\u1ebft n\u00e0y <\/span><\/i><a href=\"https:\/\/new88home.com\/\/\" target=\"_blank\" rel=\"noopener\"><strong><i>New88<\/i><\/strong><\/a><i><span style=\"font-weight: 400;\"> s\u1ebd gi\u00fap b\u1ea1n nh\u1eadn di\u1ec7n s\u1edbm c\u00e1c d\u1ea5u hi\u1ec7u c\u1ee7a nghi\u1ec7n c\u1edd b\u1ea1c, ph\u00e2n t\u00edch nguy\u00ean nh\u00e2n, h\u1eadu qu\u1ea3, \u0111\u1ed3ng th\u1eddi \u0111\u01b0a ra nh\u1eefng gi\u1ea3i ph\u00e1p hi\u1ec7u qu\u1ea3, gi\u00fap b\u1ea1n vui ch\u01a1i m\u1ed9t c\u00e1ch l\u00e0nh m\u1ea1nh, an to\u00e0n v\u00e0 c\u00f3 tr\u00e1ch nhi\u1ec7m.<\/span><\/i><\/p>\n<h2><span class=\"ez-toc-section\" id=\"nhan-biet-dau-hieu-nghien-co-bac-online\"><\/span><b>Nh\u1eadn bi\u1ebft d\u1ea5u hi\u1ec7u nghi\u1ec7n c\u1edd b\u1ea1c online<\/b><span class=\"ez-toc-section-end\"><\/span><\/h2>\n<p><span style=\"font-weight: 400;\">Kh\u00f4ng ph\u1ea3i ai ch\u01a1i c\u00e1 c\u01b0\u1ee3c tr\u1ef1c tuy\u1ebfn c\u0169ng l\u00e0 con b\u1ea1c. Tuy nhi\u00ean, c\u00f3 m\u1ed9t s\u1ed1 d\u1ea5u hi\u1ec7u ph\u1ed5 bi\u1ebfn c\u1ea3nh b\u00e1o b\u1ea1n \u0111ang b\u1eaft \u0111\u1ea7u l\u1ec7 thu\u1ed9c v\u00e0o c\u1edd b\u1ea1c. H\u00e3y n\u1eafm ngay nh\u1eefng d\u1ea5u hi\u1ec7u n\u00e0y \u0111\u1ec3 c\u00f3 th\u1ec3 <\/span><b>ch\u1ed1ng nghi\u1ec7n c\u1edd b\u1ea1c <\/b><span style=\"font-weight: 400;\">t\u1eeb s\u1edbm nh\u00e9!<\/span><\/p>\n<figure id=\"attachment_894\" aria-describedby=\"caption-attachment-894\" style=\"width: 1024px\" class=\"wp-caption aligncenter\"><img loading=\"lazy\" decoding=\"async\" class=\"wp-image-894\" title=\"Nh\u1eefng d\u1ea5u hi\u1ec7u nghi\u1ec7n c\u1edd b\u1ea1c m\u00e0 b\u1ea1n kh\u00f4ng \u0111\u01b0\u1ee3c b\u1ecf qua\" src=\"http:\/\/new88home.com\/wp-content\/uploads\/2025\/12\/nhung-dau-hieu-nghien-co-bac-ma-ban-khong-duoc-bo-qua.webp\" alt=\"Nh\u1eefng d\u1ea5u hi\u1ec7u nghi\u1ec7n c\u1edd b\u1ea1c m\u00e0 b\u1ea1n kh\u00f4ng \u0111\u01b0\u1ee3c b\u1ecf qua\" width=\"1024\" height=\"512\"><figcaption id=\"caption-attachment-894\" class=\"wp-caption-text\">Nh\u1eefng d\u1ea5u hi\u1ec7u nghi\u1ec7n c\u1edd b\u1ea1c m\u00e0 b\u1ea1n kh\u00f4ng \u0111\u01b0\u1ee3c b\u1ecf qua<\/figcaption><\/figure>\n<ul>\n<li style=\"font-weight: 400;\" aria-level=\"1\"><span style=\"font-weight: 400;\">Lu\u00f4n ngh\u0129 v\u1ec1 tr\u00f2 ch\u01a1i: D\u00f9 \u0111ang l\u00e0m vi\u1ec7c, \u0103n u\u1ed1ng hay sinh ho\u1ea1t, \u0111\u1ea7u \u00f3c b\u1ea1n lu\u00f4n h\u01b0\u1edbng \u0111\u1ebfn c\u00e1c k\u00e8o c\u01b0\u1ee3c, k\u1ebft qu\u1ea3 tr\u1eadn \u0111\u1ea5u, \u0111\u00e1 g\u00e0,\u2026<\/span><\/li>\n<li style=\"font-weight: 400;\" aria-level=\"1\"><span style=\"font-weight: 400;\">C\u01b0\u1ee3c ti\u1ec1n v\u01b0\u1ee3t qu\u00e1 kh\u1ea3 n\u0103ng t\u00e0i ch\u00ednh: D\u00f9ng c\u1ea3 ti\u1ec1n sinh ho\u1ea1t, m\u01b0\u1ee3n n\u1ee3, vay n\u00f3ng \u0111\u1ec3 ti\u1ebfp t\u1ee5c ch\u01a1i.<\/span><\/li>\n<li style=\"font-weight: 400;\" aria-level=\"1\"><span style=\"font-weight: 400;\">T\u00e2m l\u00fd th\u1ea5t th\u01b0\u1eddng: Khi th\u1eafng th\u00ec ph\u1ea5n kh\u00edch qu\u00e1 m\u1ee9c, khi thua th\u00ec cay c\u00fa, tr\u1ea7m c\u1ea3m, m\u1ea5t ng\u1ee7.<\/span><\/li>\n<li style=\"font-weight: 400;\" aria-level=\"1\"><span style=\"font-weight: 400;\">Kh\u00f4ng th\u1ec3 d\u1eebng l\u1ea1i: D\u00f9 thua li\u00ean t\u1ee5c nh\u01b0ng v\u1eabn c\u1ed1 g\u1ee1 g\u1ea1c b\u1eb1ng c\u00e1ch ch\u01a1i ti\u1ebfp.<\/span><\/li>\n<li style=\"font-weight: 400;\" aria-level=\"1\"><span style=\"font-weight: 400;\">\u1ea2nh h\u01b0\u1edfng \u0111\u1ebfn c\u00f4ng vi\u1ec7c, gia \u0111\u00ecnh: L\u01a1 l\u00e0 tr\u00e1ch nhi\u1ec7m, n\u1ee3 n\u1ea7n ch\u1ed3ng ch\u1ea5t, m\u00e2u thu\u1eabn v\u1edbi ng\u01b0\u1eddi th\u00e2n.<\/span><\/li>\n<\/ul>\n<h2><span class=\"ez-toc-section\" id=\"nguyen-nhan-dan-den-nghien-co-bac-ban-can-nam-ro\"><\/span><b>Nguy\u00ean nh\u00e2n d\u1eabn \u0111\u1ebfn nghi\u1ec7n c\u1edd b\u1ea1c b\u1ea1n c\u1ea7n n\u1eafm r\u00f5<\/b><span class=\"ez-toc-section-end\"><\/span><\/h2>\n<p><span style=\"font-weight: 400;\">Tr\u01b0\u1edbc khi t\u00ecm hi\u1ec3u v\u1ec1 c\u00e1ch <\/span><b>ch\u1ed1ng nghi\u1ec7n c\u1edd b\u1ea1c<\/b><span style=\"font-weight: 400;\"> th\u00ec b\u1ea1n c\u1ea7n ph\u1ea3i bi\u1ebft \u0111\u01b0\u1ee3c nguy\u00ean nh\u00e2n d\u1eabn \u0111\u1ebfn t\u00ecnh tr\u1ea1ng n\u00e0y. Nghi\u1ec7n c\u1edd b\u1ea1c kh\u00f4ng x\u1ea3y ra m\u1ed9t c\u00e1ch \u0111\u1ed9t ng\u1ed9t, m\u00e0 l\u00e0 k\u1ebft qu\u1ea3 c\u1ee7a nhi\u1ec1u y\u1ebfu t\u1ed1 k\u1ebft h\u1ee3p, t\u1eeb t\u00e2m l\u00fd c\u00e1 nh\u00e2n \u0111\u1ebfn m\u00f4i tr\u01b0\u1eddng xung quanh. D\u01b0\u1edbi \u0111\u00e2y l\u00e0 nh\u1eefng nguy\u00ean nh\u00e2n ph\u1ed5 bi\u1ebfn d\u1eabn \u0111\u1ebfn t\u00ecnh tr\u1ea1ng nghi\u1ec7n c\u1edd b\u1ea1c, \u0111\u1eb7c bi\u1ec7t l\u00e0 trong m\u00f4i tr\u01b0\u1eddng tr\u1ef1c tuy\u1ebfn nh\u01b0 New88:<\/span><\/p>\n<h3><span class=\"ez-toc-section\" id=\"tam-ly-nguoi-choi-%e2%80%9cmuon-lam-giau-nhanh%e2%80%9d\"><\/span><b><i>T\u00e2m l\u00fd ng\u01b0\u1eddi ch\u01a1i\u00a0 \u201cmu\u1ed1n l\u00e0m gi\u00e0u nhanh\u201d<\/i><\/b><span class=\"ez-toc-section-end\"><\/span><\/h3>\n<p><span style=\"font-weight: 400;\">Nhi\u1ec1u ng\u01b0\u1eddi tham gia c\u00e1 c\u01b0\u1ee3c t\u1ea1i New88 \u0111\u1ed5i \u0111\u1eddi nhanh ch\u00f3ng. Kh\u00f4ng nh\u1eefng v\u1eady, <\/span>t\u00e2m l\u00fd trong c\u00e1 c\u01b0\u1ee3c online<span style=\"font-weight: 400;\"> \u0111\u00f3 l\u00e0 khi c\u00f3 c\u1ea3m gi\u00e1c th\u1eafng v\u00e0i l\u1ea7n \u0111\u1ea7u d\u1ec5 t\u1ea1o \u1ea3o t\u01b0\u1edfng r\u1eb1ng m\u00ecnh c\u00f3 \u201cduy\u00ean\u201d v\u1edbi \u0111\u1ecf \u0111en. T\u1eeb \u0111\u00f3 d\u1eabn \u0111\u1ebfn l\u00fan s\u00e2u v\u00e0o tr\u00f2 ch\u01a1i m\u00e0 kh\u00f4ng nh\u1eadn ra.\u00a0<\/span><\/p>\n<h3><span class=\"ez-toc-section\" id=\"cam-giac-hung-phan-va-kich-thich-moi-khi-thang-cuoc\"><\/span><b><i>C\u1ea3m gi\u00e1c h\u01b0ng ph\u1ea5n v\u00e0 k\u00edch th\u00edch m\u1ed7i khi th\u1eafng c\u01b0\u1ee3c<\/i><\/b><span class=\"ez-toc-section-end\"><\/span><\/h3>\n<p><span style=\"font-weight: 400;\">Khi th\u1eafng c\u01b0\u1ee3c, ng\u01b0\u1eddi ch\u01a1i c\u00f3 \u0111\u01b0\u1ee3c cho m\u00ecnh c\u1ea3m gi\u00e1c vui v\u1ebb, k\u00edch th\u00edch. Ch\u00ednh v\u00ec th\u1ebf, h\u1ecd \u0111\u00e3 b\u1ecb cu\u1ed1n v\u00e0o vi\u1ec7c \u201ct\u00ecm l\u1ea1i c\u1ea3m gi\u00e1c th\u1eafng\u201d, n\u00ean ti\u1ebfp t\u1ee5c ch\u01a1i \u0111\u1ec3 \u0111\u01b0\u1ee3c th\u1ecfa m\u00e3n c\u1ea3m x\u00fac, b\u1ea5t ch\u1ea5p r\u1ee7i ro. Do \u0111\u00f3, vi\u1ec7c<\/span><b> ch\u1ed1ng nghi\u1ec7n c\u1edd b\u1ea1c<\/b><span style=\"font-weight: 400;\"> c\u0169ng g\u1eb7p nhi\u1ec1u kh\u00f3 kh\u0103n \u0111\u1ed1i v\u1edbi nh\u1eefng \u0111\u1ed1i t\u01b0\u1ee3ng n\u00e0y.\u00a0<\/span><\/p>\n<h3><span class=\"ez-toc-section\" id=\"de-dang-tham-gia-choi-game-truc-tuyen\"><\/span><b><i>D\u1ec5 d\u00e0ng tham gia ch\u01a1i game tr\u1ef1c tuy\u1ebfn<\/i><\/b><span class=\"ez-toc-section-end\"><\/span><\/h3>\n<p><span style=\"font-weight: 400;\">V\u1edbi c\u00e1c n\u1ec1n t\u1ea3ng nh\u01b0 New88, ng\u01b0\u1eddi ch\u01a1i ch\u1ec9 c\u1ea7n v\u00e0i thao t\u00e1c l\u00e0 c\u00f3 th\u1ec3 n\u1ea1p ti\u1ec1n v\u00e0 \u0111\u1eb7t c\u01b0\u1ee3c. S\u1ef1 ti\u1ec7n l\u1ee3i n\u00e0y v\u00f4 t\u00ecnh l\u00e0m cho vi\u1ec7c \u201cch\u01a1i m\u1ed9t ch\u00fat cho vui\u201d d\u1ec5 chuy\u1ec3n th\u00e0nh th\u00f3i quen h\u1eb1ng ng\u00e0y.<\/span><\/p>\n<figure id=\"attachment_896\" aria-describedby=\"caption-attachment-896\" style=\"width: 1024px\" class=\"wp-caption aligncenter\"><img loading=\"lazy\" decoding=\"async\" class=\"wp-image-896\" title=\"Nh\u1eefng nguy\u00ean nh\u00e2n ch\u00ednh khi\u1ebfn ng\u01b0\u1eddi ch\u01a1i nghi\u1ec7n c\u1edd b\u1ea1c\u00a0\" src=\"http:\/\/new88home.com\/wp-content\/uploads\/2025\/12\/nhung-nguyen-nhan-chinh-khien-nguoi-choi-nghien-co-bac.webp\" alt=\"Nh\u1eefng nguy\u00ean nh\u00e2n ch\u00ednh khi\u1ebfn ng\u01b0\u1eddi ch\u01a1i nghi\u1ec7n c\u1edd b\u1ea1c\u00a0\" width=\"1024\" height=\"512\"><figcaption id=\"caption-attachment-896\" class=\"wp-caption-text\">Nh\u1eefng nguy\u00ean nh\u00e2n ch\u00ednh khi\u1ebfn ng\u01b0\u1eddi ch\u01a1i nghi\u1ec7n c\u1edd b\u1ea1c<\/figcaption><\/figure>\n<h3><span class=\"ez-toc-section\" id=\"nguoi-choi-game-truc-tuyen-thieu-kiem-soat-ban-than-minh\"><\/span><b><i>Ng\u01b0\u1eddi ch\u01a1i game tr\u1ef1c tuy\u1ebfn thi\u1ebfu ki\u1ec3m so\u00e1t b\u1ea3n th\u00e2n m\u00ecnh<\/i><\/b><span class=\"ez-toc-section-end\"><\/span><\/h3>\n<p><span style=\"font-weight: 400;\">C\u00f3 kh\u00f4ng \u00edt ng\u01b0\u1eddi ch\u01a1i \u0111\u00e3 kh\u00f4ng \u0111\u1eb7t gi\u1edbi h\u1ea1n th\u1eddi gian, ti\u1ec1n b\u1ea1c, kh\u00f4ng ghi nh\u1eadn l\u00e3i\/l\u1ed7. \u0110\u00e2y ch\u00ednh l\u00e0 bi\u1ec3u hi\u1ec7n c\u1ee7a thi\u1ebfu k\u1ef7 lu\u1eadt, v\u00e0 l\u00e0 m\u1ea3nh \u0111\u1ea5t m\u00e0u m\u1ee1 cho nghi\u1ec7n c\u1edd b\u1ea1c h\u00ecnh th\u00e0nh.<\/span><\/p>\n<h3><span class=\"ez-toc-section\" id=\"nguoi-choi-game-bi-tac-dong-tu-xa-hoi-ban-be\"><\/span><b><i>Ng\u01b0\u1eddi ch\u01a1i game b\u1ecb t\u00e1c \u0111\u1ed9ng t\u1eeb x\u00e3 h\u1ed9i, b\u1ea1n b\u00e8<\/i><\/b><span class=\"ez-toc-section-end\"><\/span><\/h3>\n<p><span style=\"font-weight: 400;\">Khi nh\u00f3m b\u1ea1n c\u00f3 th\u00f3i quen c\u00e1 c\u01b0\u1ee3c, ng\u01b0\u1eddi ch\u01a1i r\u1ea5t d\u1ec5 b\u1ecb l\u00f4i k\u00e9o. T\u1eeb \u0111\u00f3, h\u1ecd \u0111\u00e3 xem \u0111\u00e2y nh\u01b0 m\u1ed9t h\u00ecnh th\u1ee9c gi\u1ea3i tr\u00ed b\u00ecnh th\u01b0\u1eddng, d\u1ea7n d\u1ea7n sa v\u00e0o nghi\u1ec7n.<\/span><\/p>\n<h2><span class=\"ez-toc-section\" id=\"nhung-hau-qua-nghiem-trong-cua-viec-nghien-co-bac-truc-tuyen\"><\/span><b>Nh\u1eefng h\u1eadu qu\u1ea3 nghi\u00eam tr\u1ecdng c\u1ee7a vi\u1ec7c nghi\u1ec7n c\u1edd b\u1ea1c tr\u1ef1c tuy\u1ebfn<\/b><span class=\"ez-toc-section-end\"><\/span><\/h2>\n<p><span style=\"font-weight: 400;\">Vi\u1ec7c l\u00fan s\u00e2u v\u00e0o nh\u1eefng tr\u00f2 ch\u01a1i \u0111\u1ecf \u0111en s\u1ebd mang \u0111\u1ebfn nhi\u1ec1u h\u1eadu qu\u1ea3 n\u1eb7ng n\u1ec1. B\u1ea1n c\u1ea7n ph\u1ea3i bi\u1ebft \u0111\u1ebfn nh\u1eefng h\u1eadu qu\u1ea3 n\u00e0y \u0111\u1ec3 c\u00f3 h\u00e0nh vi r\u0103n re, nghi\u00eam kh\u1eafc b\u1ea3n th\u00e2n, <\/span><b>ch\u1ed1ng nghi\u1ec7n c\u1edd b\u1ea1c<\/b><span style=\"font-weight: 400;\"> ngay t\u1eeb ban \u0111\u1ea7u.\u00a0<\/span><\/p>\n<ul>\n<li style=\"font-weight: 400;\" aria-level=\"1\"><span style=\"font-weight: 400;\">M\u1ed9t ng\u01b0\u1eddi nghi\u1ec7n c\u1edd b\u1ea1c c\u00f3 th\u1ec3 ti\u00eau h\u1ebft ti\u1ec1n ti\u1ebft ki\u1ec7m c\u1ee7a m\u00ecnh. Kh\u00f4ng nh\u1eefng v\u1eady, c\u00f3 nh\u1eefng ng\u01b0\u1eddi ch\u01a1i c\u00f2n c\u1ea7m c\u1ed1 t\u00e0i s\u1ea3n, vay n\u1eb7ng l\u00e3i, th\u1eadm ch\u00ed ph\u1ea1m ph\u00e1p \u0111\u1ec3 c\u00f3 ti\u1ec1n ch\u01a1i ti\u1ebfp.<\/span><\/li>\n<li style=\"font-weight: 400;\" aria-level=\"1\"><span style=\"font-weight: 400;\">\u00c1p l\u1ef1c n\u1ee3 n\u1ea7n, c\u1ea3m gi\u00e1c t\u1ed9i l\u1ed7i, th\u1ea5t v\u1ecdng, tr\u1ea7m c\u1ea3m l\u00e0 h\u1ec7 qu\u1ea3 kh\u00f4ng th\u1ec3 tr\u00e1nh kh\u1ecfi. Nhi\u1ec1u tr\u01b0\u1eddng h\u1ee3p nghi\u00eam tr\u1ecdng d\u1eabn \u0111\u1ebfn r\u1ed1i lo\u1ea1n t\u00e2m th\u1ea7n ho\u1eb7c t\u1ef1 t\u1eed.<\/span><\/li>\n<li style=\"font-weight: 400;\" aria-level=\"1\"><span style=\"font-weight: 400;\">Khi ng\u01b0\u1eddi th\u00e2n ph\u00e1t hi\u1ec7n b\u1ea1n sa \u0111\u00e0 v\u00e0o c\u1edd b\u1ea1c, m\u00e2u thu\u1eabn gia \u0111\u00ecnh t\u0103ng cao. Nhi\u1ec1u ng\u01b0\u1eddi m\u1ea5t v\u1ee3 ho\u1eb7c ch\u1ed3ng, con c\u00e1i quay l\u01b0ng, m\u1ea5t l\u00f2ng tin v\u0129nh vi\u1ec5n.<\/span><\/li>\n<li style=\"font-weight: 400;\" aria-level=\"1\"><span style=\"font-weight: 400;\">Ng\u01b0\u1eddi nghi\u1ec7n c\u1edd b\u1ea1c c\u00f3 th\u1ec3 m\u1ea5t vi\u1ec7c, ph\u00e1 s\u1ea3n, b\u1ecb x\u00e3 h\u1ed9i xa l\u00e1nh, m\u1ea5t uy t\u00edn trong c\u1ed9ng \u0111\u1ed3ng v\u00e0 b\u1ea1n b\u00e8.<\/span><\/li>\n<\/ul>\n<figure id=\"attachment_893\" aria-describedby=\"caption-attachment-893\" style=\"width: 1024px\" class=\"wp-caption aligncenter\"><img loading=\"lazy\" decoding=\"async\" class=\"wp-image-893\" title=\"Khi nghi\u1ec7n c\u1edd b\u1ea1c d\u1eabn \u0111\u1ebfn nhi\u1ec1u h\u1eadu qu\u1ea3 v\u00f4 c\u00f9ng nghi\u00eam tr\u1ecdng.\u00a0\" src=\"http:\/\/new88home.com\/wp-content\/uploads\/2025\/12\/khi-nghien-co-bac-dan-den-nhieu-he-qua-nghiem-trong.webp\" alt=\"Khi nghi\u1ec7n c\u1edd b\u1ea1c d\u1eabn \u0111\u1ebfn nhi\u1ec1u h\u1eadu qu\u1ea3 v\u00f4 c\u00f9ng nghi\u00eam tr\u1ecdng.\u00a0\" width=\"1024\" height=\"512\"><figcaption id=\"caption-attachment-893\" class=\"wp-caption-text\">Khi nghi\u1ec7n c\u1edd b\u1ea1c d\u1eabn \u0111\u1ebfn nhi\u1ec1u h\u1eadu qu\u1ea3 v\u00f4 c\u00f9ng nghi\u00eam tr\u1ecdng.<\/figcaption><\/figure>\n<h2><span class=\"ez-toc-section\" id=\"chinh-sach-choi-co-trach-nhiem-khi-choi-ca-cuoc-tai-nha-cai-new88\"><\/span><b>Ch\u00ednh s\u00e1ch ch\u01a1i c\u00f3 tr\u00e1ch nhi\u1ec7m khi ch\u01a1i c\u00e1 c\u01b0\u1ee3c t\u1ea1i nh\u00e0 c\u00e1i New88<\/b><span class=\"ez-toc-section-end\"><\/span><\/h2>\n<p><span style=\"font-weight: 400;\">D\u00f9 l\u00e0 m\u1ed9t nh\u00e0 c\u00e1i tr\u1ef1c tuy\u1ebfn, nh\u01b0ng New88 c\u00f3 ch\u00ednh s\u00e1ch \u201cCh\u01a1i c\u00f3 tr\u00e1ch nhi\u1ec7m\u201d r\u00f5 r\u00e0ng. T\u1eeb \u0111\u00f3, s\u1ebd gi\u00fap cho ng\u01b0\u1eddi ch\u01a1i c\u00e1 c\u01b0\u1ee3c c\u00f3 \u0111\u01b0\u1ee3c nh\u1eefng tr\u1ea3i nghi\u1ec7m ch\u01a1i game th\u00fa v\u1ecb, an to\u00e0n. \u0110\u1eb7c bi\u1ec7t, h\u1ecd s\u1ebd <\/span><b>ch\u1ed1ng nghi\u1ec7n c\u1edd b\u1ea1c <\/b><span style=\"font-weight: 400;\">v\u00e0 coi \u0111\u00e2y l\u00e0 s\u00e2n ch\u01a1i gi\u1ea3i tr\u00ed m\u1ed7i khi mu\u1ed1n \u0111\u01b0\u1ee3c th\u01b0 gi\u00e3n, gi\u1ea3m stress.\u00a0<\/span><\/p>\n<ul>\n<li style=\"font-weight: 400;\" aria-level=\"1\"><span style=\"font-weight: 400;\">Nh\u00e0 c\u00e1i s\u1ebd t\u1ef1 \u0111\u1ed9ng gi\u1edbi h\u1ea1n t\u00e0i kho\u1ea3n. Ch\u00ednh v\u00ec th\u1ebf, ng\u01b0\u1eddi ch\u01a1i c\u00f3 th\u1ec3 \u0111\u1eb7t gi\u1edbi h\u1ea1n n\u1ea1p ti\u1ec1n trong ng\u00e0y? Th\u1eddi gian tham gia ch\u01a1i game trong ng\u00e0y? \u0110\u01b0a ra h\u1ea1n m\u1ee9c thua l\u1ed7?<\/span><\/li>\n<li style=\"font-weight: 400;\" aria-level=\"1\"><span style=\"font-weight: 400;\">Sau m\u1ed7i kho\u1ea3ng th\u1eddi gian nh\u1ea5t \u0111\u1ecbnh, h\u1ec7 th\u1ed1ng nh\u1eafc nh\u1edf ng\u01b0\u1eddi ch\u01a1i n\u00ean ngh\u1ec9 ng\u01a1i. T\u1eeb \u0111\u00f3, b\u1ea1n s\u1ebd bi\u1ebft \u0111\u01b0\u1ee3c m\u00ecnh \u0111\u00e3 qu\u00e1 th\u1eddi gian ch\u01a1i game cho ph\u00e9p v\u00e0 n\u00ean d\u1eebng l\u1ea1i.\u00a0<\/span><\/li>\n<li style=\"font-weight: 400;\" aria-level=\"1\"><span style=\"font-weight: 400;\">C\u00e1ch <\/span><b>ch\u1ed1ng nghi\u1ec7n c\u1edd b\u1ea1c<\/b><span style=\"font-weight: 400;\"> cho ng\u01b0\u1eddi ch\u01a1i m\u00e0 New88 mang \u0111\u1ebfn \u0111\u00f3 l\u00e0 n\u1ebfu b\u1ea1n c\u1ea3m th\u1ea5y m\u00ecnh ch\u01a1i qu\u00e1 m\u1ee9c. L\u00fac n\u00e0y, b\u1ea1n c\u00f3 th\u1ec3 y\u00eau c\u1ea7u kh\u00f3a t\u00e0i kho\u1ea3n m\u1ed9t th\u1eddi gian nh\u1ea5t \u0111\u1ecbnh.<\/span><\/li>\n<li style=\"font-weight: 400;\" aria-level=\"1\"><span style=\"font-weight: 400;\">\u0110\u1ed9i ng\u0169 CSKH c\u00f3 th\u1ec3 t\u01b0 v\u1ea5n nh\u1eb9 nh\u00e0ng, h\u01b0\u1edbng ng\u01b0\u1eddi ch\u01a1i \u0111\u1ebfn l\u1ef1a ch\u1ecdn ch\u01a1i game l\u00e0nh m\u1ea1nh, tr\u00e1nh \u0111\u01b0\u1ee3c c\u00e1c r\u1ee7i ro kh\u00f4ng mong mu\u1ed1n khi tham gia ch\u01a1i game.<\/span><\/li>\n<\/ul>\n<blockquote><\/blockquote>\n<h2><span class=\"ez-toc-section\" id=\"giai-phap-chong-nghien-co-bac-online-hieu-qua\"><\/span><b>Gi\u1ea3i ph\u00e1p ch\u1ed1ng nghi\u1ec7n c\u1edd b\u1ea1c online hi\u1ec7u qu\u1ea3<\/b><span class=\"ez-toc-section-end\"><\/span><\/h2>\n<p><span style=\"font-weight: 400;\">Kh\u00f4ng ri\u00eang g\u00ec b\u1ea1n m\u00e0 r\u1ea5t nhi\u1ec1u c\u01b0\u1ee3c th\u1ee7 t\u1ea1i New88 c\u0169ng mong mu\u1ed1n t\u00ecm cho m\u00ecnh nh\u1eefng gi\u1ea3i ph\u00e1p <\/span><b>ch\u1ed1ng nghi\u1ec7n c\u1edd b\u1ea1c<\/b><span style=\"font-weight: 400;\"> hi\u1ec7u qu\u1ea3. D\u01b0\u1edbi \u0111\u00e2y l\u00e0 nh\u1eefng ph\u01b0\u01a1ng ph\u00e1p h\u1eefu \u00edch b\u1ea1n c\u00f3 th\u1ec3 \u00e1p d\u1ee5ng theo.\u00a0<\/span><\/p>\n<figure id=\"attachment_895\" aria-describedby=\"caption-attachment-895\" style=\"width: 1024px\" class=\"wp-caption aligncenter\"><img loading=\"lazy\" decoding=\"async\" class=\"wp-image-895\" title=\"Nh\u1eefng gi\u1ea3i ph\u00e1p hay ch\u1ed1ng nghi\u1ec7n c\u1edd b\u1ea1c hi\u1ec7u qu\u1ea3 nh\u1ea5t.\u00a0\" src=\"http:\/\/new88home.com\/wp-content\/uploads\/2025\/12\/nhung-giaphap-hay-chong-nghien-co-bac-hieu-qua-nhat.webp\" alt=\"Nh\u1eefng gi\u1ea3i ph\u00e1p hay ch\u1ed1ng nghi\u1ec7n c\u1edd b\u1ea1c hi\u1ec7u qu\u1ea3 nh\u1ea5t.\u00a0\" width=\"1024\" height=\"512\"><figcaption id=\"caption-attachment-895\" class=\"wp-caption-text\">Nh\u1eefng gi\u1ea3i ph\u00e1p hay ch\u1ed1ng nghi\u1ec7n c\u1edd b\u1ea1c hi\u1ec7u qu\u1ea3 nh\u1ea5t.<\/figcaption><\/figure>\n<ul>\n<li style=\"font-weight: 400;\" aria-level=\"1\"><span style=\"font-weight: 400;\">C\u00e1ch <\/span><b>ch\u1ed1ng nghi\u1ec7n c\u1edd b\u1ea1c<\/b><span style=\"font-weight: 400;\"> tr\u1ef1c tuy\u1ebfn \u0111\u00f3 l\u00e0 ch\u1ec9 ch\u01a1i khi c\u00f3 th\u1eddi gian r\u1ea3nh v\u00e0 t\u00e2m l\u00fd \u1ed5n \u0111\u1ecbnh. Ng\u01b0\u1eddi ch\u01a1i game n\u00ean \u0111\u1eb7t gi\u1edbi h\u1ea1n t\u00e0i ch\u00ednh c\u1ee5 th\u1ec3, d\u00f9 th\u1eafng hay thua c\u0169ng kh\u00f4ng ch\u01a1i qu\u00e1 30 ph\u00fat.<\/span><\/li>\n<li style=\"font-weight: 400;\" aria-level=\"1\"><span style=\"font-weight: 400;\">H\u00e3y th\u1ef1c hi\u1ec7n ghi l\u1ea1i s\u1ed1 l\u1ea7n ch\u01a1i, s\u1ed1 ti\u1ec1n \u0111\u1eb7t c\u01b0\u1ee3c. T\u1eeb \u0111\u00f3, s\u1ebd gi\u00fap b\u1ea1n c\u00f3 c\u00e1i nh\u00ecn th\u1ef1c t\u1ebf v\u00e0 d\u1ec5 d\u00e0ng \u0111i\u1ec1u ch\u1ec9nh.<\/span><\/li>\n<li style=\"font-weight: 400;\" aria-level=\"1\"><span style=\"font-weight: 400;\">B\u1ea1n h\u00e3y tham gia th\u1ec3 thao, \u0111\u1ecdc s\u00e1ch, l\u00e0m vi\u1ec7c thi\u1ec7n nguy\u1ec7n ho\u1eb7c d\u00e0nh nhi\u1ec1u th\u1eddi gian cho gia \u0111\u00ecnh. T\u1eeb \u0111\u00f3, s\u1ebd gi\u00fap b\u1ea1n d\u1ea7n gi\u1ea3m ham mu\u1ed1n c\u00e1 c\u01b0\u1ee3c.<\/span><\/li>\n<li style=\"font-weight: 400;\" aria-level=\"1\"><span style=\"font-weight: 400;\">N\u1ebfu c\u1ea3m th\u1ea5y b\u1ea3n th\u00e2n kh\u00f4ng th\u1ec3 t\u1ef1 ki\u1ec3m so\u00e1t, h\u00e3y t\u00ecm \u0111\u1ebfn ng\u01b0\u1eddi th\u00e2n ho\u1eb7c chuy\u00ean gia t\u00e2m l\u00fd. \u0110\u1eebng ng\u1ea1i chia s\u1ebb v\u00ec \u0111\u00f3 l\u00e0 c\u00e1ch duy nh\u1ea5t \u0111\u1ec3 b\u1ea1n tho\u00e1t ra kh\u1ecfi nghi\u1ec7n c\u1edd b\u1ea1c.<\/span><\/li>\n<li style=\"font-weight: 400;\" aria-level=\"1\"><span style=\"font-weight: 400;\">\u0110\u00f4i khi gi\u1ea3i ph\u00e1p t\u1ed1t nh\u1ea5t l\u00e0 t\u1ea1m th\u1eddi tr\u00e1nh xa c\u00e1c y\u1ebfu t\u1ed1 k\u00edch th\u00edch. B\u1ea1n c\u00f3 th\u1ec3 th\u1ef1c hi\u1ec7n \u1ee1 \u1ee9ng d\u1ee5ng, r\u00fat h\u1ebft ti\u1ec1n kh\u1ecfi t\u00e0i kho\u1ea3n \u0111\u1ec3 b\u1ea3n th\u00e2n \u201cng\u1eaft k\u1ebft n\u1ed1i\u201d m\u1ed9t th\u1eddi gian.<\/span><\/li>\n<\/ul>\n<h2><span class=\"ez-toc-section\" id=\"ket-bai\"><\/span><b>K\u1ebft b\u00e0i<\/b><span class=\"ez-toc-section-end\"><\/span><\/h2>\n<p><span style=\"font-weight: 400;\">C\u1edd b\u1ea1c tr\u1ef1c tuy\u1ebfn kh\u00f4ng x\u1ea5u n\u1ebfu ng\u01b0\u1eddi ch\u01a1i bi\u1ebft ki\u1ec3m so\u00e1t b\u1ea3n th\u00e2n v\u00e0 xem \u0111\u00f3 l\u00e0 m\u1ed9t ho\u1ea1t \u0111\u1ed9ng gi\u1ea3i tr\u00ed ch\u1eebng m\u1ef1c. H\u00e3y ch\u01a1i v\u00ec ni\u1ec1m vui, kh\u00f4ng v\u00ec l\u00f2ng tham. Hy v\u1ecdng r\u1eb1ng, v\u1edbi nh\u1eefng c\u00e1ch <\/span><b>ch\u1ed1ng nghi\u1ec7n c\u1edd b\u1ea1c<\/b><span style=\"font-weight: 400;\"> m\u00e0 <a href=\"https:\/\/new88home.com\/\/\" target=\"_blank\" rel=\"noopener\"><strong>https:\/\/new88home.com\/<\/strong><\/a> chia s\u1ebb s\u1ebd gi\u00fap b\u1ea1n ch\u01a1i game hi\u1ec7u qu\u1ea3 v\u00e0 tr\u00e1nh r\u1ee7i ro kh\u00f4ng mong mu\u1ed1n.<\/span><\/p>\n","protected":false},"excerpt":{"rendered":"<p>Ch\u1ed1ng nghi\u1ec7n c\u1edd b\u1ea1c New88 \u0111\u01b0\u1ee3c nhi\u1ec1u ng\u01b0\u1eddi ch\u01a1i c\u00e1 c\u01b0\u1ee3c online quan t\u00e2m. C\u00f3 nhi\u1ec1u ng\u01b0\u1eddi ch\u01a1i kh\u00f4ng ki\u1ec3m so\u00e1t b\u1ea3n th\u00e2n \u0111\u00e3 r\u01a1i v\u00e0o v\u00f2ng xo\u00e1y nghi\u1ec7n c\u1edd b\u1ea1c tr\u1ef1c tuy\u1ebfn. D\u1eabn \u0111\u1ebfn h\u1eadu qu\u1ea3 n\u1eb7ng n\u1ec1 c\u1ea3 v\u1ec1 t\u00e0i ch\u00ednh, tinh th\u1ea7n v\u00e0 c\u00e1c m\u1ed1i quan h\u1ec7 x\u00e3 h\u1ed9i. B\u00e0i vi\u1ebft n\u00e0y [&#8230;]\n","protected":false},"author":1,"featured_media":1212,"parent":0,"menu_order":0,"comment_status":"closed","ping_status":"closed","template":"","meta":{"footnotes":""},"class_list":["post-1207","page","type-page","status-publish","has-post-thumbnail","hentry"],"_links":{"self":[{"href":"https:\/\/new88home.com\/index.php\/wp-json\/wp\/v2\/pages\/1207","targetHints":{"allow":["GET"]}}],"collection":[{"href":"https:\/\/new88home.com\/index.php\/wp-json\/wp\/v2\/pages"}],"about":[{"href":"https:\/\/new88home.com\/index.php\/wp-json\/wp\/v2\/types\/page"}],"author":[{"embeddable":true,"href":"https:\/\/new88home.com\/index.php\/wp-json\/wp\/v2\/users\/1"}],"replies":[{"embeddable":true,"href":"https:\/\/new88home.com\/index.php\/wp-json\/wp\/v2\/comments?post=1207"}],"version-history":[{"count":0,"href":"https:\/\/new88home.com\/index.php\/wp-json\/wp\/v2\/pages\/1207\/revisions"}],"wp:featuredmedia":[{"embeddable":true,"href":"https:\/\/new88home.com\/index.php\/wp-json\/wp\/v2\/media\/1212"}],"wp:attachment":[{"href":"https:\/\/new88home.com\/index.php\/wp-json\/wp\/v2\/media?parent=1207"}],"curies":[{"name":"wp","href":"https:\/\/api.w.org\/{rel}","templated":true}]}}