{"id":1233,"date":"2025-12-26T09:31:32","date_gmt":"2025-12-26T09:31:32","guid":{"rendered":"https:\/\/new88home.com\/index.php\/lo-de-new88\/"},"modified":"2025-12-26T09:31:32","modified_gmt":"2025-12-26T09:31:32","slug":"lo-de-new88","status":"publish","type":"page","link":"https:\/\/new88home.com\/index.php\/lo-de-new88\/","title":{"rendered":"L\u00f4 \u0111\u1ec1 New88: Kh\u00e1m ph\u00e1 thi\u00ean \u0111\u01b0\u1eddng c\u00e1 c\u01b0\u1ee3c \u0111\u1ec9nh cao"},"content":{"rendered":"<p><a href=\"https:\/\/new88home.com\/\/lo-de-new88\/\" target=\"_blank\" rel=\"noopener\"><b>L\u00f4 \u0111\u1ec1 <\/b><\/a><span style=\"font-weight: 400;\">m\u1edf ra m\u1ed9t th\u1ebf gi\u1edbi c\u00e1 c\u01b0\u1ee3c s\u1ed1 h\u1ecdc tr\u1ef1c tuy\u1ebfn \u0111\u1ea7y m\u00ea ho\u1eb7c, n\u01a1i nh\u1eefng con s\u1ed1 kh\u00f4ng ch\u1ec9 mang \u0111\u1ebfn hy v\u1ecdng v\u1ec1 v\u1eadn may m\u00e0 c\u00f2n l\u00e0 c\u00e1nh c\u1eeda d\u1eabn \u0111\u1ebfn nh\u1eefng tr\u1ea3i nghi\u1ec7m gi\u1ea3i tr\u00ed \u0111\u1ec9nh cao. N\u1ebfu b\u1ea1n l\u00e0 m\u1ed9t ng\u01b0\u1eddi \u0111am m\u00ea nh\u1eefng con s\u1ed1 v\u00e0 khao kh\u00e1t th\u1eed th\u00e1ch v\u1eadn m\u1ec7nh c\u1ee7a m\u00ecnh trong nh\u1eefng k\u00e8o c\u01b0\u1ee3c h\u1ea5p d\u1eabn th\u00ec <a href=\"https:\/\/new88home.com\/\/\" target=\"_blank\" rel=\"noopener\"><strong>new88<\/strong><\/a> \u0111\u00e2y ch\u00ednh l\u00e0 \u0111i\u1ec3m d\u1eebng ch\u00e2n l\u00fd t\u01b0\u1edfng. T\u1ea1i \u0111\u00e2y, c\u01a1 h\u1ed9i tr\u00fang th\u01b0\u1edfng l\u1edbn kh\u00f4ng c\u00f2n l\u00e0 gi\u1ea5c m\u01a1 xa v\u1eddi, m\u00e0 ho\u00e0n to\u00e0n n\u1eb1m trong t\u1ea7m tay b\u1ea1n, tr\u00ean m\u1ed9t n\u1ec1n t\u1ea3ng c\u00e1 c\u01b0\u1ee3c hi\u1ec7n \u0111\u1ea1i, minh b\u1ea1ch v\u00e0 tuy\u1ec7t \u0111\u1ed1i an to\u00e0n.<\/span><\/p>\n<h2><span class=\"ez-toc-section\" id=\"doi-net-ve-sanh-lo-de-new88\"><\/span><b>\u0110\u00f4i n\u00e9t v\u1ec1 s\u1ea3nh l\u00f4 \u0111\u1ec1 New88<\/b><span class=\"ez-toc-section-end\"><\/span><\/h2>\n<p><span style=\"font-weight: 400;\">Trong b\u1ed1i c\u1ea3nh th\u1ecb tr\u01b0\u1eddng c\u00e1 c\u01b0\u1ee3c tr\u1ef1c tuy\u1ebfn ng\u00e0y c\u00e0ng s\u00f4i \u0111\u1ed9ng, vi\u1ec7c t\u00ecm ki\u1ebfm m\u1ed9t \u0111\u1ecba ch\u1ec9 uy t\u00edn \u0111\u1ec3 th\u1ecfa m\u00e3n ni\u1ec1m \u0111am m\u00ea v\u1edbi nh\u1eefng con s\u1ed1 l\u00e0 \u0111i\u1ec1u v\u00f4 c\u00f9ng quan tr\u1ecdng. V\u00e0 <\/span><b>l\u00f4 \u0111\u1ec1 <\/b>New88<span style=\"font-weight: 400;\"> \u0111\u00e3 kh\u1eb3ng \u0111\u1ecbnh v\u1ecb th\u1ebf c\u1ee7a m\u00ecnh nh\u01b0 m\u1ed9t s\u00e2n ch\u01a1i c\u00e1 c\u01b0\u1ee3c s\u1ed1 h\u1ecdc h\u00e0ng \u0111\u1ea7u, \u0111\u01b0\u1ee3c \u0111\u00f4ng \u0111\u1ea3o c\u1ed9ng \u0111\u1ed3ng bet th\u1ee7 tin t\u01b0\u1edfng v\u00e0 l\u1ef1a ch\u1ecdn. V\u1edbi m\u1ed9t h\u1ec7 th\u1ed1ng c\u00f4ng ngh\u1ec7 ti\u00ean ti\u1ebfn, d\u1ecbch v\u1ee5 ch\u0103m s\u00f3c kh\u00e1ch h\u00e0ng t\u1eadn t\u00e2m v\u00e0 \u0111\u1eb7c bi\u1ec7t l\u00e0 t\u1ef7 l\u1ec7 tr\u1ea3 th\u01b0\u1edfng v\u00f4 c\u00f9ng c\u1ea1nh tranh, s\u1ea3nh c\u01b0\u1ee3c mang \u0111\u1ebfn m\u1ed9t tr\u1ea3i nghi\u1ec7m c\u00e1 c\u01b0\u1ee3c v\u01b0\u1ee3t tr\u1ed9i, kh\u00f4ng n\u01a1i n\u00e0o s\u00e1nh b\u1eb1ng.<\/span><\/p>\n<figure id=\"attachment_853\" aria-describedby=\"caption-attachment-853\" style=\"width: 1024px\" class=\"wp-caption aligncenter\"><img loading=\"lazy\" decoding=\"async\" class=\"wp-image-853\" title=\"S\u1ea3nh l\u00f4 \u0111\u1ec1 New88 s\u1ef1 l\u1ef1a ch\u1ecdn l\u00fd t\u01b0\u1edfng d\u00e0nh cho c\u00e1c \u0111\u1ec1 th\u1ee7\" src=\"http:\/\/new88home.com\/wp-content\/uploads\/2025\/12\/sanh-lo-de-new88-su-lua-chon-ly-tuong-danh-cho-cac-de-thu.webp\" alt=\"S\u1ea3nh l\u00f4 \u0111\u1ec1 New88 s\u1ef1 l\u1ef1a ch\u1ecdn l\u00fd t\u01b0\u1edfng d\u00e0nh cho c\u00e1c \u0111\u1ec1 th\u1ee7\" width=\"1024\" height=\"512\"><figcaption id=\"caption-attachment-853\" class=\"wp-caption-text\">S\u1ea3nh l\u00f4 \u0111\u1ec1 New88 s\u1ef1 l\u1ef1a ch\u1ecdn l\u00fd t\u01b0\u1edfng d\u00e0nh cho c\u00e1c \u0111\u1ec1 th\u1ee7<\/figcaption><\/figure>\n<h2><span class=\"ez-toc-section\" id=\"uu-diem-vuot-troi-cua-lo-de-tai-new88\"><\/span><b>\u01afu \u0111i\u1ec3m v\u01b0\u1ee3t tr\u1ed9i c\u1ee7a l\u00f4 \u0111\u1ec1 t\u1ea1i New88<\/b><span class=\"ez-toc-section-end\"><\/span><\/h2>\n<p><b>L\u00f4 \u0111\u1ec1<\/b> New88 <span style=\"font-weight: 400;\">kh\u00f4ng ng\u1eebng kh\u1eb3ng \u0111\u1ecbnh v\u1ecb th\u1ebf c\u1ee7a m\u00ecnh tr\u00ean th\u1ecb tr\u01b0\u1eddng c\u00e1 c\u01b0\u1ee3c tr\u1ef1c tuy\u1ebfn nh\u1edd nh\u1eefng \u01b0u \u0111i\u1ec3m kh\u00e1c bi\u1ec7t v\u00e0 v\u01b0\u1ee3t tr\u1ed9i, mang \u0111\u1ebfn cho ng\u01b0\u1eddi ch\u01a1i tr\u1ea3i nghi\u1ec7m t\u1ed1t nh\u1ea5t c\u00f3 th\u1ec3. D\u01b0\u1edbi \u0111\u00e2y l\u00e0 nh\u1eefng l\u00fd do t\u1ea1i sao s\u1ea3nh game tr\u1edf th\u00e0nh s\u1ef1 l\u1ef1a ch\u1ecdn h\u00e0ng \u0111\u1ea7u c\u1ee7a \u0111\u00f4ng \u0111\u1ea3o bet th\u1ee7:<\/span><\/p>\n<h3><span class=\"ez-toc-section\" id=\"ty-le-thuong-hap-dan\"><\/span><b><i>T\u1ef7 l\u1ec7 th\u01b0\u1edfng h\u1ea5p d\u1eabn<\/i><\/b><span class=\"ez-toc-section-end\"><\/span><\/h3>\n<p><span style=\"font-weight: 400;\">M\u1ed9t trong nh\u1eefng y\u1ebfu t\u1ed1 then ch\u1ed1t t\u1ea1o n\u00ean s\u1ee9c h\u00fat m\u1ea1nh m\u1ebd c\u1ee7a<strong> l\u00f4 \u0111\u1ec1<\/strong> ch\u00ednh l\u00e0 t\u1ef7 l\u1ec7 tr\u1ea3 th\u01b0\u1edfng c\u1ef1c k\u1ef3 h\u1ea5p d\u1eabn. So v\u1edbi nhi\u1ec1u nh\u00e0 c\u00e1i kh\u00e1c tr\u00ean th\u1ecb tr\u01b0\u1eddng New88 lu\u00f4n t\u1ef1 h\u00e0o mang \u0111\u1ebfn m\u1ee9c th\u01b0\u1edfng cao h\u01a1n \u0111\u00e1ng k\u1ec3, m\u1edf ra c\u01a1 h\u1ed9i nh\u00e2n \u0111\u00f4i, th\u1eadm ch\u00ed nh\u00e2n ba s\u1ed1 ti\u1ec1n c\u01b0\u1ee3c ban \u0111\u1ea7u c\u1ee7a ng\u01b0\u1eddi ch\u01a1i. D\u00f9 b\u1ea1n ch\u1ec9 b\u1eaft \u0111\u1ea7u v\u1edbi m\u1ed9t s\u1ed1 v\u1ed1n nh\u1ecf, v\u1eadn may v\u00e0 s\u1ef1 l\u1ef1a ch\u1ecdn ch\u00ednh x\u00e1c c\u00f3 th\u1ec3 mang v\u1ec1 nh\u1eefng kho\u1ea3n ti\u1ec1n th\u01b0\u1edfng kh\u1ed5ng l\u1ed3.<\/span><\/p>\n<h3><span class=\"ez-toc-section\" id=\"giao-dien-than-thien\"><\/span><b><i>Giao di\u1ec7n th\u00e2n thi\u1ec7n<\/i><\/b><span class=\"ez-toc-section-end\"><\/span><\/h3>\n<p><span style=\"font-weight: 400;\">Hi\u1ec3u \u0111\u01b0\u1ee3c t\u1ea7m quan tr\u1ecdng c\u1ee7a tr\u1ea3i nghi\u1ec7m ng\u01b0\u1eddi d\u00f9ng, s\u1ea3nh game \u0111\u00e3 \u0111\u1ea7u t\u01b0 v\u00e0o vi\u1ec7c thi\u1ebft k\u1ebf m\u1ed9t giao di\u1ec7n \u0111\u01a1n gi\u1ea3n, tr\u1ef1c quan v\u00e0 v\u00f4 c\u00f9ng d\u1ec5 s\u1eed d\u1ee5ng. Ngay c\u1ea3 khi b\u1ea1n l\u00e0 m\u1ed9t ng\u01b0\u1eddi m\u1edbi ho\u00e0n to\u00e0n l\u00e0m quen v\u1edbi th\u1ebf gi\u1edbi c\u00e1 c\u01b0\u1ee3c tr\u1ef1c tuy\u1ebfn, b\u1ea1n v\u1eabn c\u00f3 th\u1ec3 d\u1ec5 d\u00e0ng thao t\u00e1c, t\u00ecm hi\u1ec3u c\u00e1c h\u00ecnh th\u1ee9c c\u01b0\u1ee3c v\u00e0 \u0111\u1eb7t c\u01b0\u1ee3c ch\u1ec9 trong v\u00f2ng v\u00e0i ph\u00fat. M\u1ecdi th\u00f4ng tin quan tr\u1ecdng nh\u01b0 k\u1ebft qu\u1ea3 x\u1ed5 s\u1ed1, t\u1ef7 l\u1ec7 c\u01b0\u1ee3c cho t\u1eebng h\u00ecnh th\u1ee9c, c\u0169ng nh\u01b0 c\u00e1c h\u01b0\u1edbng d\u1eabn chi ti\u1ebft \u0111\u1ec1u \u0111\u01b0\u1ee3c hi\u1ec3n th\u1ecb m\u1ed9t c\u00e1ch r\u00f5 r\u00e0ng v\u00e0 d\u1ec5 hi\u1ec3u.<\/span><\/p>\n<figure id=\"attachment_1287\" aria-describedby=\"caption-attachment-1287\" style=\"width: 1024px\" class=\"wp-caption aligncenter\"><img loading=\"lazy\" decoding=\"async\" class=\"wp-image-1287\" title=\"giao dien tai nha cai duoc toi uu mang lai trai nghiem cao cho nguoi choi\" src=\"http:\/\/new88home.com\/wp-content\/uploads\/2025\/12\/giao-dien-tai-nha-cai-duoc-toi-uu-mang-lai-trai-nghiem-cao-cho-nguoi-choi.webp\" alt=\"giao dien tai nha cai duoc toi uu mang lai trai nghiem cao cho nguoi choi\" width=\"1024\" height=\"512\"><figcaption id=\"caption-attachment-1287\" class=\"wp-caption-text\">giao dien tai nha cai duoc toi uu mang lai trai nghiem cao cho nguoi choi<\/figcaption><\/figure>\n<h3><span class=\"ez-toc-section\" id=\"he-thong-bao-mat-tien-tien\"><\/span><b><i>H\u1ec7 th\u1ed1ng b\u1ea3o m\u1eadt ti\u00ean ti\u1ebfn<\/i><\/b><span class=\"ez-toc-section-end\"><\/span><\/h3>\n<p><span style=\"font-weight: 400;\">Khi tham gia <\/span><b>l\u00f4 \u0111\u1ec1 <\/b>New88<span style=\"font-weight: 400;\">, b\u1ea1n ho\u00e0n to\u00e0n c\u00f3 th\u1ec3 y\u00ean t\u00e2m v\u1ec1 v\u1ea5n \u0111\u1ec1 b\u1ea3o m\u1eadt th\u00f4ng tin c\u00e1 nh\u00e2n v\u00e0 an to\u00e0n trong c\u00e1c giao d\u1ecbch t\u00e0i ch\u00ednh. Nh\u00e0 c\u00e1i \u00e1p d\u1ee5ng nh\u1eefng c\u00f4ng ngh\u1ec7 m\u00e3 h\u00f3a hi\u1ec7n \u0111\u1ea1i nh\u1ea5t, \u0111\u1ea3m b\u1ea3o m\u1ecdi d\u1eef li\u1ec7u c\u1ee7a ng\u01b0\u1eddi ch\u01a1i \u0111\u01b0\u1ee3c b\u1ea3o v\u1ec7 \u1edf m\u1ee9c cao nh\u1ea5t, tr\u00e1nh kh\u1ecfi m\u1ecdi nguy c\u01a1 x\u00e2m nh\u1eadp hay r\u00f2 r\u1ec9.<\/span><\/p>\n<p><span style=\"font-weight: 400;\">B\u00ean c\u1ea1nh \u0111\u00f3, h\u1ec7 th\u1ed1ng n\u1ea1p v\u00e0 r\u00fat ti\u1ec1n t\u1ea1i s\u1ea3nh game \u0111\u01b0\u1ee3c t\u1ed1i \u01b0u h\u00f3a \u0111\u1ec3 mang l\u1ea1i s\u1ef1 ti\u1ec7n l\u1ee3i v\u00e0 t\u1ed1c \u0111\u1ed9. Ng\u01b0\u1eddi ch\u01a1i c\u00f3 th\u1ec3 th\u1ef1c hi\u1ec7n c\u00e1c giao d\u1ecbch ch\u1ec9 trong m\u1ed9t th\u1eddi gian ng\u1eafn, gi\u00fap tr\u1ea3i nghi\u1ec7m c\u00e1 c\u01b0\u1ee3c tr\u1edf n\u00ean li\u1ec1n m\u1ea1ch v\u00e0 kh\u00f4ng b\u1ecb gi\u00e1n \u0111o\u1ea1n.<\/span><\/p>\n<h2><span class=\"ez-toc-section\" id=\"cac-hinh-thuc-lo-de-new88-pho-bien-nhat\"><\/span><b>C\u00e1c h\u00ecnh th\u1ee9c l\u00f4 \u0111\u1ec1 New88 ph\u1ed5 bi\u1ebfn nh\u1ea5t<\/b><span class=\"ez-toc-section-end\"><\/span><\/h2>\n<p><b>\u00a0L\u00f4 \u0111\u1ec1 New88 <\/b><span style=\"font-weight: 400;\">\u00a0mang \u0111\u1ebfn m\u1ed9t s\u1ef1 \u0111a d\u1ea1ng trong c\u00e1c h\u00ecnh th\u1ee9c c\u01b0\u1ee3c, \u0111\u00e1p \u1ee9ng m\u1ecdi s\u1edf th\u00edch v\u00e0 chi\u1ebfn l\u01b0\u1ee3c c\u1ee7a ng\u01b0\u1eddi ch\u01a1i. D\u01b0\u1edbi \u0111\u00e2y l\u00e0 nh\u1eefng h\u00ecnh th\u1ee9c<strong> l\u00f4 \u0111\u1ec1<\/strong> \u0111\u01b0\u1ee3c \u01b0a chu\u1ed9ng nh\u1ea5t hi\u1ec7n nay:<\/span><\/p>\n<figure id=\"attachment_850\" aria-describedby=\"caption-attachment-850\" style=\"width: 1024px\" class=\"wp-caption aligncenter\"><img loading=\"lazy\" decoding=\"async\" class=\"wp-image-850\" title=\"\u0110a d\u1ea1ng c\u00e1c h\u00ecnh th\u1ee9c \u0111\u1eb7t c\u01b0\u1ee3c \u0111ang ch\u1edd b\u1ea1n kh\u00e1m ph\u00e1\" src=\"http:\/\/new88home.com\/wp-content\/uploads\/2025\/12\/da-dang-cac-hinh-thuc-dat-cuoc-dang-cho-ban-kham-pha.webp\" alt=\"\u0110a d\u1ea1ng c\u00e1c h\u00ecnh th\u1ee9c \u0111\u1eb7t c\u01b0\u1ee3c \u0111ang ch\u1edd b\u1ea1n kh\u00e1m ph\u00e1\" width=\"1024\" height=\"512\"><figcaption id=\"caption-attachment-850\" class=\"wp-caption-text\">\u0110a d\u1ea1ng c\u00e1c h\u00ecnh th\u1ee9c \u0111\u1eb7t c\u01b0\u1ee3c \u0111ang ch\u1edd b\u1ea1n kh\u00e1m ph\u00e1<\/figcaption><\/figure>\n<h3><span class=\"ez-toc-section\" id=\"lo-de-truyen-thong\"><\/span><b><i>L\u00f4 \u0111\u1ec1 truy\u1ec1n th\u1ed1ng<\/i><\/b><span class=\"ez-toc-section-end\"><\/span><\/h3>\n<p><span style=\"font-weight: 400;\">\u0110\u00e2y l\u00e0 h\u00ecnh th\u1ee9c c\u00e1 c\u01b0\u1ee3c quen thu\u1ed9c v\u00e0 g\u1ea7n g\u0169i nh\u1ea5t v\u1edbi nhi\u1ec1u ng\u01b0\u1eddi ch\u01a1i. T\u1ea1i l\u00f4 \u0111\u1ec1, b\u1ea1n c\u00f3 th\u1ec3 l\u1ef1a ch\u1ecdn m\u1ed9t ho\u1eb7c nhi\u1ec1u con s\u1ed1 \u0111\u1ec3 d\u1ef1 \u0111o\u00e1n k\u1ebft qu\u1ea3 x\u1ed5 s\u1ed1 h\u00e0ng ng\u00e0y c\u1ee7a c\u00e1c \u0111\u00e0i kh\u00e1c nhau. N\u1ebfu nh\u1eefng con s\u1ed1 b\u1ea1n ch\u1ecdn tr\u00f9ng kh\u1edbp v\u1edbi k\u1ebft qu\u1ea3 quay th\u01b0\u1edfng, b\u1ea1n s\u1ebd nh\u1eadn \u0111\u01b0\u1ee3c ti\u1ec1n th\u01b0\u1edfng t\u01b0\u01a1ng \u1ee9ng v\u1edbi t\u1ef7 l\u1ec7 c\u01b0\u1ee3c \u0111\u00e3 \u0111\u1eb7t.<\/span><\/p>\n<h3><span class=\"ez-toc-section\" id=\"lo-xien-va-lo-ba-cang\"><\/span><b><i>L\u00f4 xi\u00ean v\u00e0 l\u00f4 ba c\u00e0ng<\/i><\/b><span class=\"ez-toc-section-end\"><\/span><\/h3>\n<p><span style=\"font-weight: 400;\">N\u1ebfu b\u1ea1n mu\u1ed1n th\u1eed th\u00e1ch b\u1ea3n th\u00e2n v\u1edbi nh\u1eefng h\u00ecnh th\u1ee9c c\u01b0\u1ee3c c\u00f3 \u0111\u1ed9 kh\u00f3 cao h\u01a1n nh\u01b0ng \u0111i k\u00e8m v\u1edbi m\u1ee9c th\u01b0\u1edfng c\u1ef1c k\u1ef3 h\u1ea5p d\u1eabn, th\u00ec l\u00f4 xi\u00ean v\u00e0 l\u00f4 ba c\u00e0ng t\u1ea1i <\/span><b>l\u00f4 \u0111\u1ec1 <\/b>New88 <span style=\"font-weight: 400;\">l\u00e0 nh\u1eefng l\u1ef1a ch\u1ecdn kh\u00f4ng th\u1ec3 b\u1ecf qua.<\/span><\/p>\n<ul>\n<li style=\"font-weight: 400;\" aria-level=\"1\"><span style=\"font-weight: 400;\">L\u00f4 xi\u00ean: Ng\u01b0\u1eddi ch\u01a1i s\u1ebd ch\u1ecdn t\u1eeb 2 \u0111\u1ebfn 4 con s\u1ed1 v\u00e0 ch\u1ec9 nh\u1eadn \u0111\u01b0\u1ee3c th\u01b0\u1edfng khi t\u1ea5t c\u1ea3 c\u00e1c con s\u1ed1 \u0111\u00e3 ch\u1ecdn \u0111\u1ec1u xu\u1ea5t hi\u1ec7n trong b\u1ea3ng k\u1ebft qu\u1ea3 x\u1ed5 s\u1ed1.<\/span><\/li>\n<li style=\"font-weight: 400;\" aria-level=\"1\"><span style=\"font-weight: 400;\">L\u00f4 ba c\u00e0ng: \u0110\u00e2y l\u00e0 h\u00ecnh th\u1ee9c d\u1ef1 \u0111o\u00e1n ch\u00ednh x\u00e1c ba con s\u1ed1 cu\u1ed1i c\u1ee7a gi\u1ea3i \u0111\u1eb7c bi\u1ec7t. V\u1edbi \u0111\u1ed9 kh\u00f3 cao, m\u1ee9c th\u01b0\u1edfng c\u1ee7a l\u00f4 ba c\u00e0ng t\u1ea1i <\/span><b>l\u00f4 \u0111\u1ec1 <\/b>New88<span style=\"font-weight: 400;\"> th\u01b0\u1eddng r\u1ea5t l\u1edbn, mang \u0111\u1ebfn c\u01a1 h\u1ed9i \u0111\u1ed5i \u0111\u1eddi cho nh\u1eefng ng\u01b0\u1eddi ch\u01a1i may m\u1eafn.<\/span><\/li>\n<\/ul>\n<h3><span class=\"ez-toc-section\" id=\"lo-de-online-theo-nha-dai\"><\/span><b><i>L\u00f4 \u0111\u1ec1 online theo nh\u00e0 \u0111\u00e0i<\/i><\/b><span class=\"ez-toc-section-end\"><\/span><\/h3>\n<p><b>L\u00f4 \u0111\u1ec1 <\/b>New88<span style=\"font-weight: 400;\"> cung c\u1ea5p c\u00e1c lo\u1ea1i c\u01b0\u1ee3c theo t\u1eebng \u0111\u00e0i x\u1ed5 s\u1ed1 c\u1ee5 th\u1ec3 c\u1ee7a ba mi\u1ec1n B\u1eafc, Trung v\u00e0 Nam. \u0110i\u1ec1u n\u00e0y cho ph\u00e9p ng\u01b0\u1eddi ch\u01a1i t\u1eadp trung v\u00e0o nh\u1eefng \u0111\u00e0i m\u00e0 h\u1ecd quen thu\u1ed9c ho\u1eb7c c\u00f3 nh\u1eefng ph\u00e2n t\u00edch, d\u1ef1 \u0111o\u00e1n ri\u00eang, t\u1eeb \u0111\u00f3 t\u0103ng kh\u1ea3 n\u0103ng chi\u1ebfn th\u1eafng.<\/span><\/p>\n<blockquote><\/blockquote>\n<h2><span class=\"ez-toc-section\" id=\"bi-quyet-choi-lo-de-hieu-qua-tang-co-hoi-thang-lon\"><\/span><b>B\u00ed quy\u1ebft ch\u01a1i l\u00f4 \u0111\u1ec1 hi\u1ec7u qu\u1ea3, t\u0103ng c\u01a1 h\u1ed9i th\u1eafng l\u1edbn<\/b><span class=\"ez-toc-section-end\"><\/span><\/h2>\n<p><span style=\"font-weight: 400;\">Chi\u1ebfn th\u1eafng trong <\/span><b>l\u00f4 \u0111\u1ec1<\/b> New88<span style=\"font-weight: 400;\"> kh\u00f4ng ch\u1ec9 d\u1ef1a v\u00e0o y\u1ebfu t\u1ed1 may m\u1eafn, m\u00e0 c\u00f2n \u0111\u00f2i h\u1ecfi ng\u01b0\u1eddi ch\u01a1i ph\u1ea3i c\u00f3 nh\u1eefng chi\u1ebfn l\u01b0\u1ee3c v\u00e0 ph\u01b0\u01a1ng ph\u00e1p ch\u01a1i h\u1ee3p l\u00fd. Sau \u0111\u00e2y l\u00e0 m\u1ed9t v\u00e0i b\u00ed k\u00edp \u0111\u01b0\u1ee3c nhi\u1ec1u cao th\u1ee7 <strong>l\u00f4 \u0111\u1ec1<\/strong> chia s\u1ebb:<\/span><\/p>\n<h3><span class=\"ez-toc-section\" id=\"phan-tich-ket-qua-xo-so-cac-ky-truoc\"><\/span><b><i>Ph\u00e2n t\u00edch k\u1ebft qu\u1ea3 x\u1ed5 s\u1ed1 c\u00e1c k\u1ef3 tr\u01b0\u1edbc<\/i><\/b><span class=\"ez-toc-section-end\"><\/span><\/h3>\n<p><span style=\"font-weight: 400;\">M\u1ed9t trong nh\u1eefng m\u1eb9o quan tr\u1ecdng h\u00e0ng \u0111\u1ea7u khi tham gia <\/span><b>l\u00f4 \u0111\u1ec1 <\/b>New88<span style=\"font-weight: 400;\"> l\u00e0 d\u00e0nh th\u1eddi gian nghi\u00ean c\u1ee9u v\u00e0 ph\u00e2n t\u00edch k\u1ef9 l\u01b0\u1ee1ng k\u1ebft qu\u1ea3 x\u1ed5 s\u1ed1 c\u1ee7a nh\u1eefng k\u1ef3 quay th\u01b0\u1edfng tr\u01b0\u1edbc \u0111\u00f3. Vi\u1ec7c n\u00e0y gi\u00fap b\u1ea1n nh\u1eadn di\u1ec7n nh\u1eefng con s\u1ed1 c\u00f3 t\u1ea7n su\u1ea5t xu\u1ea5t hi\u1ec7n cao, nh\u1eefng quy lu\u1eadt \u1ea9n ch\u1ee9a trong d\u00e3y s\u1ed1 ho\u1eb7c nh\u1eefng chu k\u1ef3 l\u1eb7p l\u1ea1i c\u00f3 th\u1ec3 d\u1ef1 \u0111o\u00e1n \u0111\u01b0\u1ee3c. B\u1eb1ng c\u00e1ch \u00e1p d\u1ee5ng ph\u01b0\u01a1ng ph\u00e1p th\u1ed1ng k\u00ea n\u00e0y m\u1ed9t c\u00e1ch th\u00f4ng minh, b\u1ea1n c\u00f3 th\u1ec3 n\u00e2ng cao \u0111\u00e1ng k\u1ec3 c\u01a1 h\u1ed9i chi\u1ebfn th\u1eafng m\u00e0 kh\u00f4ng ho\u00e0n to\u00e0n ph\u1ee5 thu\u1ed9c v\u00e0o s\u1ef1 ng\u1eabu nhi\u00ean.<\/span><\/p>\n<h3><span class=\"ez-toc-section\" id=\"ap-dung-cac-chien-thuat-dat-cuoc-thong-minh\"><\/span><b><i>\u00c1p d\u1ee5ng c\u00e1c chi\u1ebfn thu\u1eadt \u0111\u1eb7t c\u01b0\u1ee3c th\u00f4ng minh<\/i><\/b><span class=\"ez-toc-section-end\"><\/span><\/h3>\n<p><span style=\"font-weight: 400;\">Khi ch\u01a1i <\/span><a href=\"https:\/\/lode247.com\" target=\"_blank\" rel=\"noopener nofollow\">l\u00f4 \u0111\u1ec1 online<\/a> New88<span style=\"font-weight: 400;\">, vi\u1ec7c \u0111\u1eb7t c\u01b0\u1ee3c m\u1ed9t c\u00e1ch ng\u1eabu nhi\u00ean th\u01b0\u1eddng kh\u00f4ng mang l\u1ea1i hi\u1ec7u qu\u1ea3 cao. Thay v\u00e0o \u0111\u00f3, h\u00e3y t\u00ecm hi\u1ec3u v\u00e0 \u00e1p d\u1ee5ng nh\u1eefng chi\u1ebfn thu\u1eadt \u0111\u00e3 \u0111\u01b0\u1ee3c ki\u1ec3m ch\u1ee9ng. M\u1ed9t s\u1ed1 ph\u01b0\u01a1ng ph\u00e1p c\u01b0\u1ee3c hi\u1ec7u qu\u1ea3 m\u00e0 b\u1ea1n c\u00f3 th\u1ec3 tham kh\u1ea3o t\u1ea1i <strong>l\u00f4 \u0111\u1ec1<\/strong> bao g\u1ed3m:<\/span><\/p>\n<ul>\n<li style=\"font-weight: 400;\" aria-level=\"1\">\n<figure id=\"attachment_1288\" aria-describedby=\"caption-attachment-1288\" style=\"width: 1024px\" class=\"wp-caption aligncenter\"><img loading=\"lazy\" decoding=\"async\" class=\"wp-image-1288\" title=\"tuy vao tung thoi diem ma ban co the lua chon chien thuat phu hop\" src=\"http:\/\/new88home.com\/wp-content\/uploads\/2025\/12\/tuy-vao-tung-thoi-diem-ma-ban-co-the-lua-chon-chien-thuat-phu-hop.webp\" alt=\"tuy vao tung thoi diem ma ban co the lua chon chien thuat phu hop\" width=\"1024\" height=\"512\"><figcaption id=\"caption-attachment-1288\" class=\"wp-caption-text\">tuy vao tung thoi diem ma ban co the lua chon chien thuat phu hop<\/figcaption><\/figure>\n<p><span style=\"font-weight: 400;\">C\u01b0\u1ee3c g\u1ea5p th\u1ebfp: \u0110\u00e2y l\u00e0 chi\u1ebfn thu\u1eadt t\u0103ng d\u1ea7n s\u1ed1 ti\u1ec1n c\u01b0\u1ee3c sau m\u1ed7i l\u1ea7n thua, v\u1edbi m\u1ee5c ti\u00eau khi th\u1eafng s\u1ebd b\u00f9 \u0111\u1eafp l\u1ea1i to\u00e0n b\u1ed9 s\u1ed1 ti\u1ec1n \u0111\u00e3 thua v\u00e0 c\u00f3 l\u00e3i.<\/span><\/p>\n<\/li>\n<li style=\"font-weight: 400;\" aria-level=\"1\"><span style=\"font-weight: 400;\">C\u01b0\u1ee3c ph\u00e2n t\u00e1n: Thay v\u00ec t\u1eadp trung v\u00e0o m\u1ed9t v\u00e0i con s\u1ed1, h\u00e3y chia nh\u1ecf v\u1ed1n v\u00e0 \u0111\u1eb7t c\u01b0\u1ee3c v\u00e0o nhi\u1ec1u con s\u1ed1 kh\u00e1c nhau \u0111\u1ec3 t\u0103ng kh\u1ea3 n\u0103ng tr\u00fang \u00edt nh\u1ea5t m\u1ed9t trong s\u1ed1 \u0111\u00f3.<\/span><\/li>\n<li style=\"font-weight: 400;\" aria-level=\"1\"><span style=\"font-weight: 400;\">C\u01b0\u1ee3c theo b\u1ea1c nh\u1edb: Ph\u01b0\u01a1ng ph\u00e1p n\u00e0y d\u1ef1a tr\u00ean kinh nghi\u1ec7m c\u1ee7a nh\u1eefng ng\u01b0\u1eddi ch\u01a1i l\u00e2u n\u0103m, ghi nh\u1edb nh\u1eefng c\u1eb7p s\u1ed1 th\u01b0\u1eddng \u0111i k\u00e8m v\u1edbi nhau ho\u1eb7c nh\u1eefng con s\u1ed1 hay xu\u1ea5t hi\u1ec7n sau m\u1ed9t con s\u1ed1 c\u1ee5 th\u1ec3.<\/span><\/li>\n<\/ul>\n<h3><span class=\"ez-toc-section\" id=\"quan-ly-von-cuoc-mot-cach-thong-minh\"><\/span><b><i>Qu\u1ea3n l\u00fd v\u1ed1n c\u01b0\u1ee3c m\u1ed9t c\u00e1ch th\u00f4ng minh<\/i><\/b><span class=\"ez-toc-section-end\"><\/span><\/h3>\n<p><span style=\"font-weight: 400;\">D\u00f9 b\u1ea1n l\u00e0 m\u1ed9t ng\u01b0\u1eddi ch\u01a1i m\u1edbi hay \u0111\u00e3 c\u00f3 nhi\u1ec1u kinh nghi\u1ec7m, vi\u1ec7c qu\u1ea3n l\u00fd v\u1ed1n c\u01b0\u1ee3c m\u1ed9t c\u00e1ch th\u00f4ng minh lu\u00f4n l\u00e0 y\u1ebfu t\u1ed1 then ch\u1ed1t \u0111\u1ec3 \u0111\u1ea3m b\u1ea3o b\u1ea1n c\u00f3 th\u1ec3 ch\u01a1i <\/span><b>l\u00f4 \u0111\u1ec1 <\/b>New88 <span style=\"font-weight: 400;\">m\u1ed9t c\u00e1ch b\u1ec1n v\u1eefng v\u00e0 tr\u00e1nh kh\u1ecfi nh\u1eefng r\u1ee7i ro t\u00e0i ch\u00ednh kh\u00f4ng \u0111\u00e1ng c\u00f3. H\u00e3y \u0111\u1eb7t ra m\u1ed9t ng\u00e2n s\u00e1ch c\u1ee5 th\u1ec3 cho m\u1ed7i ng\u00e0y ho\u1eb7c m\u1ed7i phi\u00ean ch\u01a1i v\u00e0 tuy\u1ec7t \u0111\u1ed1i kh\u00f4ng v\u01b0\u1ee3t qu\u00e1 gi\u1edbi h\u1ea1n \u0111\u00e3 \u0111\u1eb7t ra. Vi\u1ec7c ki\u1ec3m so\u00e1t t\u00e0i ch\u00ednh t\u1ed1t s\u1ebd gi\u00fap b\u1ea1n duy tr\u00ec \u0111\u01b0\u1ee3c s\u1ef1 \u1ed5n \u0111\u1ecbnh v\u00e0 tho\u1ea3i m\u00e1i khi tham gia <\/span><b>l\u00f4 \u0111\u1ec1 <\/b>t\u1ea1i<a href=\"https:\/\/new88home.com\/\/\" target=\"_blank\" rel=\"noopener\"> <b>https:\/\/new88home.com\/\/<\/b><\/a> <span style=\"font-weight: 400;\">.<\/span><\/p>\n<h2><span class=\"ez-toc-section\" id=\"ket-luan\"><\/span><b>K\u1ebft lu\u1eadn<\/b><span class=\"ez-toc-section-end\"><\/span><\/h2>\n<p><span style=\"font-weight: 400;\">V\u1edbi nh\u1eefng \u01b0u \u0111i\u1ec3m v\u01b0\u1ee3t tr\u1ed9i v\u1ec1 t\u1ef7 l\u1ec7 th\u01b0\u1edfng h\u1ea5p d\u1eabn, h\u1ec7 th\u1ed1ng c\u00e1 c\u01b0\u1ee3c minh b\u1ea1ch, giao di\u1ec7n th\u00e2n thi\u1ec7n v\u00e0 \u0111a d\u1ea1ng c\u00e1c h\u00ecnh th\u1ee9c ch\u01a1i, <\/span><b>l\u00f4 \u0111\u1ec1 <\/b>New88 <span style=\"font-weight: 400;\">\u0111ang ng\u00e0y c\u00e0ng kh\u1eb3ng \u0111\u1ecbnh v\u1ecb th\u1ebf c\u1ee7a m\u00ecnh l\u00e0 m\u1ed9t l\u1ef1a ch\u1ecdn h\u00e0ng \u0111\u1ea7u trong c\u1ed9ng \u0111\u1ed3ng nh\u1eefng ng\u01b0\u1eddi y\u00eau th\u00edch c\u00e1 c\u01b0\u1ee3c s\u1ed1 h\u1ecdc tr\u1ef1c tuy\u1ebfn. N\u1ebfu b\u1ea1n \u0111ang t\u00ecm ki\u1ebfm m\u1ed9t s\u00e2n ch\u01a1i uy t\u00edn, an to\u00e0n v\u00e0 \u0111\u1ea7y c\u01a1 h\u1ed9i \u0111\u1ec3 th\u1eed v\u1eadn may v\u1edbi nh\u1eefng con s\u1ed1, th\u00ec \u0111\u00e2y ch\u00ednh l\u00e0 \u0111i\u1ec3m \u0111\u1ebfn m\u00e0 b\u1ea1n kh\u00f4ng n\u00ean b\u1ecf l\u1ee1.<\/span><\/p>\n<p><span style=\"font-weight: 400;\">\u00a0<\/span><\/p>\n","protected":false},"excerpt":{"rendered":"<p>L\u00f4 \u0111\u1ec1 m\u1edf ra m\u1ed9t th\u1ebf gi\u1edbi c\u00e1 c\u01b0\u1ee3c s\u1ed1 h\u1ecdc tr\u1ef1c tuy\u1ebfn \u0111\u1ea7y m\u00ea ho\u1eb7c, n\u01a1i nh\u1eefng con s\u1ed1 kh\u00f4ng ch\u1ec9 mang \u0111\u1ebfn hy v\u1ecdng v\u1ec1 v\u1eadn may m\u00e0 c\u00f2n l\u00e0 c\u00e1nh c\u1eeda d\u1eabn \u0111\u1ebfn nh\u1eefng tr\u1ea3i nghi\u1ec7m gi\u1ea3i tr\u00ed \u0111\u1ec9nh cao. N\u1ebfu b\u1ea1n l\u00e0 m\u1ed9t ng\u01b0\u1eddi \u0111am m\u00ea nh\u1eefng con s\u1ed1 v\u00e0 khao [&#8230;]\n","protected":false},"author":1,"featured_media":1238,"parent":0,"menu_order":0,"comment_status":"closed","ping_status":"closed","template":"","meta":{"footnotes":""},"class_list":["post-1233","page","type-page","status-publish","has-post-thumbnail","hentry"],"_links":{"self":[{"href":"https:\/\/new88home.com\/index.php\/wp-json\/wp\/v2\/pages\/1233","targetHints":{"allow":["GET"]}}],"collection":[{"href":"https:\/\/new88home.com\/index.php\/wp-json\/wp\/v2\/pages"}],"about":[{"href":"https:\/\/new88home.com\/index.php\/wp-json\/wp\/v2\/types\/page"}],"author":[{"embeddable":true,"href":"https:\/\/new88home.com\/index.php\/wp-json\/wp\/v2\/users\/1"}],"replies":[{"embeddable":true,"href":"https:\/\/new88home.com\/index.php\/wp-json\/wp\/v2\/comments?post=1233"}],"version-history":[{"count":0,"href":"https:\/\/new88home.com\/index.php\/wp-json\/wp\/v2\/pages\/1233\/revisions"}],"wp:featuredmedia":[{"embeddable":true,"href":"https:\/\/new88home.com\/index.php\/wp-json\/wp\/v2\/media\/1238"}],"wp:attachment":[{"href":"https:\/\/new88home.com\/index.php\/wp-json\/wp\/v2\/media?parent=1233"}],"curies":[{"name":"wp","href":"https:\/\/api.w.org\/{rel}","templated":true}]}}