{"id":1234,"date":"2025-12-26T09:31:32","date_gmt":"2025-12-26T09:31:32","guid":{"rendered":"https:\/\/new88home.com\/index.php\/live-casino-new88\/"},"modified":"2025-12-26T09:31:32","modified_gmt":"2025-12-26T09:31:32","slug":"live-casino-new88","status":"publish","type":"page","link":"https:\/\/new88home.com\/index.php\/live-casino-new88\/","title":{"rendered":"Live casino New88 &#8211; Thi\u00ean \u0111\u01b0\u1eddng ch\u01a1i game \u0111\u1eb3ng c\u1ea5p, chuy\u00ean nghi\u1ec7p"},"content":{"rendered":"<p><i><span style=\"font-weight: 400;\">\u0110\u01b0\u1ee3c m\u1ec7nh danh l\u00e0 thi\u00ean \u0111\u01b0\u1eddng \u0111\u1ecf \u0111en, s\u1ea3nh <\/span><\/i><a href=\"https:\/\/new88home.com\/\/live-casino-new88\/\" target=\"_blank\" rel=\"noopener\"><b><i>live casino <\/i><\/b><\/a><i><span style=\"font-weight: 400;\">\u0111ang tr\u1edf th\u00e0nh \u0111i\u1ec3m \u0111\u1ebfn kh\u00f4ng th\u1ec3 b\u1ecf qua c\u1ee7a c\u00e1c game th\u1ee7 \u0111am m\u00ea c\u00e1 c\u01b0\u1ee3c tr\u1ef1c tuy\u1ebfn. V\u1edbi \u0111a d\u1ea1ng th\u1ec3 lo\u1ea1i game t\u1eeb c\u00e1c nh\u00e0 cung c\u1ea5p uy t\u00edn, h\u1ec7 th\u1ed1ng c\u00f4ng ngh\u1ec7 hi\u1ec7n \u0111\u1ea1i c\u00f9ng \u0111\u1ed9i ng\u0169 nh\u00e2n vi\u00ean chuy\u00ean nghi\u1ec7p, <a href=\"https:\/\/new88home.com\/\/\" target=\"_blank\" rel=\"noopener\"><strong>new88<\/strong><\/a> lu\u00f4n n\u1ed7 l\u1ef1c mang \u0111\u1ebfn cho kh\u00e1ch h\u00e0ng nh\u1eefng tr\u1ea3i nghi\u1ec7m gi\u1ea3i tr\u00ed tr\u1ef1c tuy\u1ebfn \u0111\u1ec9nh cao nh\u1ea5t.<\/span><\/i><\/p>\n<h2><span class=\"ez-toc-section\" id=\"live-casino-new88-la-gi\"><\/span><b>Live casino New88 l\u00e0 g\u00ec?<\/b><span class=\"ez-toc-section-end\"><\/span><\/h2>\n<p><span style=\"font-weight: 400;\"><strong>Live casino<\/strong> (hay casino tr\u1ef1c tuy\u1ebfn) l\u00e0 h\u00ecnh th\u1ee9c ch\u01a1i game casino th\u1eddi \u0111\u1ea1i 4.0, cho ph\u00e9p ng\u01b0\u1eddi ch\u01a1i tham gia \u0111\u1eb7t c\u01b0\u1ee3c v\u1edbi dealer th\u1eadt th\u00f4ng qua nh\u1eefng v\u00e1n b\u00e0i truy\u1ec1n tr\u1ef1c ti\u1ebfp. V\u1ec1 c\u01a1 b\u1ea3n, lu\u1eadt ch\u01a1i tr\u00f2 ch\u01a1i t\u1ea1i <strong>live casino<\/strong> kh\u00f4ng kh\u00e1c g\u00ec c\u00e1ch ch\u01a1i truy\u1ec1n th\u1ed1ng t\u1ea1i casino \u201cx\u1ecbn\u201d, nh\u01b0ng l\u1ea1i \u0111\u01b0\u1ee3c s\u1ed1 h\u00f3a h\u00f3a ho\u00e0n to\u00e0n. N\u00f3i c\u00e1ch kh\u00e1c, b\u1ea1n s\u1ebd \u0111\u01b0\u1ee3c tr\u1ea3i nghi\u1ec7m c\u1ea3m gi\u00e1c ch\u01a1i b\u00e0i casino \u201cchu\u1ea9n\u201d ngay t\u1ea1i nh\u00e0 th\u00f4ng qua <strong>live casino<\/strong> m\u00e0 kh\u00f4ng c\u1ea7n ph\u1ea3i di chuy\u1ec3n \u0111\u1ebfn s\u00f2ng b\u1ea1c hay lo s\u1ee3 b\u1ecb ph\u00e1n x\u00e9t.<\/span><\/p>\n<figure id=\"attachment_840\" aria-describedby=\"caption-attachment-840\" style=\"width: 1024px\" class=\"wp-caption aligncenter\"><img loading=\"lazy\" decoding=\"async\" class=\"wp-image-840\" title=\"Live casino New88, s\u00f2ng b\u1ea1c \u0111\u1eb3ng c\u1ea5p qu\u1ed1c t\u1ebf\" src=\"http:\/\/new88home.com\/wp-content\/uploads\/2025\/12\/live-casino-new88-song-bac-dang-cap-quoc-te.webp\" alt=\"Live casino New88, s\u00f2ng b\u1ea1c \u0111\u1eb3ng c\u1ea5p qu\u1ed1c t\u1ebf\" width=\"1024\" height=\"512\"><figcaption id=\"caption-attachment-840\" class=\"wp-caption-text\">Live casino New88, s\u00f2ng b\u1ea1c \u0111\u1eb3ng c\u1ea5p qu\u1ed1c t\u1ebf<\/figcaption><\/figure>\n<p><span style=\"font-weight: 400;\">T\u1ea1i New88,<strong>Live casino<\/strong> \u0111\u01b0\u1ee3c \u0111\u1ea7u t\u01b0 c\u1ef1c m\u1ea1nh v\u1ec1 ch\u1ea5t l\u01b0\u1ee3ng \u0111\u1ec3 mang \u0111\u1ebfn cho anh em m\u1ed9t \u201cs\u00e2n ch\u01a1i ch\u00e2u \u00c2u\u201d \u0111\u1ea7y \u0111\u1eb3ng c\u1ea5p v\u00e0 \u0111\u1ee7 \u0111\u1ea7y ti\u1ec7n \u00edch. S\u1ebd kh\u00f4ng qu\u00e1 l\u1eddi n\u1ebfu n\u00f3i r\u1eb1ng, <\/span><b>live casino <\/b>New88<span style=\"font-weight: 400;\"> ch\u00ednh l\u00e0 thi\u00ean \u0111\u01b0\u1eddng \u0111\u1ec3 anh em th\u1ecfa s\u1ee9c qu\u1ea9y v\u00e0 tr\u1ea3i nghi\u1ec7m nh\u1eefng gi\u00e2y ph\u00fat gi\u1ea3i tr\u00ed b\u1ea5t t\u1eadn.<\/span><\/p>\n<h2><span class=\"ez-toc-section\" id=\"5-diem-dac-biet-cua-live-casino-new88\"><\/span><b>5 \u0111i\u1ec3m \u0111\u1eb7c bi\u1ec7t c\u1ee7a live casino New88<\/b><span class=\"ez-toc-section-end\"><\/span><\/h2>\n<p><span style=\"font-weight: 400;\">New88 t\u1ef1 tin l\u00e0 m\u1ed9t trong nh\u1eefng nh\u00e0 c\u00e1i c\u00f3 s\u1ea3nh<strong> live casino<\/strong> x\u1ecbn s\u00f2 b\u1eadc nh\u1ea5t hi\u1ec7n nay nh\u1edd h\u1ed9i t\u1ee5 \u0111\u1ee7 5 y\u1ebfu t\u1ed1 l\u00e0m n\u00ean m\u1ed9t s\u00e2n ch\u01a1i casino online \u0111\u1eb3ng c\u1ea5p.<\/span><\/p>\n<h3><span class=\"ez-toc-section\" id=\"chat-luong-dinh-cao-nho-cong-nghe-tien-tien\"><\/span><b>Ch\u1ea5t l\u01b0\u1ee3ng \u0111\u1ec9nh cao nh\u1edd c\u00f4ng ngh\u1ec7 ti\u00ean ti\u1ebfn<\/b><span class=\"ez-toc-section-end\"><\/span><\/h3>\n<p><span style=\"font-weight: 400;\">Anh em s\u1ebd \u0111\u01b0\u1ee3c t\u1eadn h\u01b0\u1edfng nh\u1eefng tr\u1ea3i nghi\u1ec7m ch\u00e2n th\u1ef1c \u0111\u1ebfn t\u1eebng chi ti\u1ebft nh\u1ecf khi ch\u01a1i t\u1ea1i <\/span><b>live casino<\/b> New88<span style=\"font-weight: 400;\">. Nh\u00e0 c\u00e1i \u0111\u00e3 m\u1ea1nh tay \u0111\u1ea7u t\u01b0 h\u1ec7 th\u1ed1ng ph\u00e1t tr\u1ef1c ti\u1ebfp s\u1eed d\u1ee5ng c\u00f4ng ngh\u1ec7 streaming hi\u1ec7n \u0111\u1ea1i nh\u1ea5t, gi\u00fap truy\u1ec1n t\u1ea3i h\u00ecnh \u1ea3nh v\u00e0 \u00e2m thanh s\u1eafc n\u00e9t \u0111\u1ebfn t\u1eebng h\u1ea1t hi-lo tr\u00ean b\u00e0n. M\u1ecdi ho\u1ea1t \u0111\u1ed9ng c\u1ee7a dealer v\u00e0 di\u1ec5n bi\u1ebfn v\u00e1n b\u00e0i \u0111\u1ec1u \u0111\u01b0\u1ee3c hi\u1ec3n th\u1ecb c\u1ef1c m\u01b0\u1ee3t m\u00e0 v\u00e0 s\u1ed1ng \u0111\u1ed9ng tr\u00ean m\u00e0n h\u00ecnh thi\u1ebft b\u1ecb c\u1ee7a b\u1ea1n. Ch\u1ea5t l\u01b0\u1ee3ng t\u01b0\u01a1ng \u0111\u01b0\u01a1ng, th\u1eadm ch\u00ed c\u00f2n \u1ea5n t\u01b0\u1ee3ng h\u01a1n ng\u1ed3i trong m\u1ed9t s\u00f2ng b\u00e0i th\u1ef1c th\u1ee5.<\/span><\/p>\n<figure id=\"attachment_837\" aria-describedby=\"caption-attachment-837\" style=\"width: 1024px\" class=\"wp-caption aligncenter\"><img loading=\"lazy\" decoding=\"async\" class=\"wp-image-837\" title=\"C\u00f4ng ngh\u1ec7 live hi\u1ec7n \u0111\u1ea1i, d\u00e0n Dealer xinh nh\u01b0 m\u1ed9ng\" src=\"http:\/\/new88home.com\/wp-content\/uploads\/2025\/12\/cong-nghe-live-hien-dai-dan-dealer-xinh-nhu-mong.webp\" alt=\"C\u00f4ng ngh\u1ec7 live hi\u1ec7n \u0111\u1ea1i, d\u00e0n Dealer xinh nh\u01b0 m\u1ed9ng\" width=\"1024\" height=\"512\"><figcaption id=\"caption-attachment-837\" class=\"wp-caption-text\">C\u00f4ng ngh\u1ec7 live hi\u1ec7n \u0111\u1ea1i, d\u00e0n Dealer xinh nh\u01b0 m\u1ed9ng<\/figcaption><\/figure>\n<h3><span class=\"ez-toc-section\" id=\"hang-tram-game-dinh-tu-cac-nha-phat-trien-hang-dau\"><\/span><b>H\u00e0ng tr\u0103m game \u0111\u1ec9nh t\u1eeb c\u00e1c nh\u00e0 ph\u00e1t tri\u1ec3n h\u00e0ng \u0111\u1ea7u<\/b><span class=\"ez-toc-section-end\"><\/span><\/h3>\n<p><span style=\"font-weight: 400;\">Kh\u00f4ng ch\u1ec9 c\u00f3 s\u1ed1 l\u01b0\u1ee3ng game phong ph\u00fa, <\/span><b>live casino <\/b>New88<span style=\"font-weight: 400;\"> c\u00f2n \u0111\u1ea3m b\u1ea3o ch\u1ea5t l\u01b0\u1ee3ng b\u1edfi c\u00e1c tr\u00f2 ch\u01a1i \u0111\u1ec1u \u0111\u01b0\u1ee3c ph\u00e1t tri\u1ec3n b\u1edfi nh\u1eefng \u201c\u00f4ng l\u1edbn\u201d trong l\u00e0ng game qu\u1ed1c t\u1ebf nh\u01b0 Evolution Gaming, Ezugi, Sexy Gaming, Vivo Gaming\u2026 V\u1edbi s\u1ef1 h\u1ee3p t\u00e1c n\u00e0y, New88 mang \u0111\u1ebfn cho anh em m\u1ed9t \u201ckho game\u201d kh\u1ed5ng l\u1ed3 v\u1edbi \u0111\u1ee7 m\u1ecdi th\u1ec3 lo\u1ea1i \u0111\u1ecf \u0111en h\u1ea5p d\u1eabn nh\u1ea5t hi\u1ec7n nay nh\u01b0 Baccarat, Roulette, Sicbo, Blackjack, Dragon Tiger, B\u00e0i 3 c\u00e2y\u2026t\u1ea1i <a href=\"https:\/\/new88home.com\/\/\" target=\"_blank\" rel=\"noopener\"><strong>https:\/\/new88home.com\/\/<\/strong><\/a><\/span><\/p>\n<p><span style=\"font-weight: 400;\">H\u00ecnh \u1ea3nh s\u1eafc n\u00e9t, b\u1ed1i c\u1ea3nh ch\u00e2n th\u1ef1c c\u00f9ng giao di\u1ec7n th\u00f4ng minh gi\u00fap ng\u01b0\u1eddi ch\u01a1i d\u1ec5 d\u00e0ng thao t\u00e1c. \u0110\u1eb7c bi\u1ec7t, d\u00e0n dealer xinh \u0111\u1eb9p, n\u00f3ng b\u1ecfng lu\u00f4n nhi\u1ec7t t\u00ecnh t\u01b0\u01a1ng t\u00e1c, t\u0103ng th\u00eam ph\u1ea7n k\u00edch th\u00edch cho m\u1ed7i v\u00e1n b\u00e0i. Ch\u1ec9 c\u1ea7n ng\u1ed3i nh\u00e0, b\u1ea1n v\u1eabn c\u00f3 th\u1ec3 tr\u1ea3i nghi\u1ec7m c\u1ea3m gi\u00e1c ch\u01a1i b\u00e0i th\u1ef1c th\u1ee5 nh\u01b0 \u0111ang \u1edf Las Vegas.<\/span><\/p>\n<h3><span class=\"ez-toc-section\" id=\"an-toan-tuyet-doi-va-giao-dich-sieu-toc\"><\/span><b>An to\u00e0n tuy\u1ec7t \u0111\u1ed1i v\u00e0 giao d\u1ecbch si\u00eau t\u1ed1c<\/b><span class=\"ez-toc-section-end\"><\/span><\/h3>\n<p><span style=\"font-weight: 400;\">Ch\u01a1i <\/span><b>live casino\u00a0 New88<\/b><span style=\"font-weight: 400;\">, anh em c\u00f3 th\u1ec3 ho\u00e0n to\u00e0n y\u00ean t\u00e2m v\u1ec1 \u0111\u1ed9 uy t\u00edn v\u00e0 s\u1ef1 minh b\u1ea1ch. Nh\u00e0 c\u00e1i s\u1eed d\u1ee5ng h\u1ec7 th\u1ed1ng b\u1ea3o m\u1eadt h\u00e0ng \u0111\u1ea7u v\u1edbi m\u00e3 h\u00f3a SSL, \u0111\u1ea3m b\u1ea3o m\u1ecdi th\u00f4ng tin c\u00e1 nh\u00e2n v\u00e0 giao d\u1ecbch t\u00e0i ch\u00ednh c\u1ee7a ng\u01b0\u1eddi ch\u01a1i lu\u00f4n \u0111\u01b0\u1ee3c gi\u1eef k\u00edn an to\u00e0n.<\/span><\/p>\n<p><span style=\"font-weight: 400;\">Giao d\u1ecbch n\u1ea1p\/r\u00fat ti\u1ec1n di\u1ec5n ra c\u1ef1c nhanh v\u00e0 thu\u1eadn ti\u1ec7n, nh\u1edd h\u1ed7 tr\u1ee3 \u0111a d\u1ea1ng c\u00e1c ph\u01b0\u01a1ng th\u1ee9c thanh to\u00e1n ph\u1ed5 bi\u1ebfn nh\u01b0 th\u1ebb ng\u00e2n h\u00e0ng, v\u00ed \u0111i\u1ec7n t\u1eed, th\u1ebb game\u2026 Ch\u1ec9 v\u1edbi v\u00e0i thao t\u00e1c \u0111\u01a1n gi\u1ea3n, ti\u1ec1n s\u1ebd \u0111\u01b0\u1ee3c chuy\u1ec3n v\u00e0o t\u00e0i kho\u1ea3n c\u1ee7a b\u1ea1n \u0111\u1ec3 b\u1eaft \u0111\u1ea7u ch\u01a1i ngay l\u1eadp t\u1ee9c. Khi th\u1eafng c\u01b0\u1ee3c, ti\u1ec1n th\u01b0\u1edfng c\u0169ng s\u1ebd \u0111\u01b0\u1ee3c chuy\u1ec3n v\u00e0o t\u00e0i kho\u1ea3n th\u1eadt si\u00eau nhanh ch\u00f3ng.<\/span><\/p>\n<figure id=\"attachment_836\" aria-describedby=\"caption-attachment-836\" style=\"width: 1024px\" class=\"wp-caption aligncenter\"><img loading=\"lazy\" decoding=\"async\" class=\"wp-image-836\" title=\"An to\u00e0n n\u1ea1p r\u00fat v\u00e0 thanh to\u00e1n nhanh cho ng\u01b0\u1eddi ch\u01a1i th\u1eafng c\u01b0\u1ee3c\" src=\"http:\/\/new88home.com\/wp-content\/uploads\/2025\/12\/an-toan-nap-rut-va-thanh-toan-nhanh-nguoi-choi-thang-cuoc.webp\" alt=\"An to\u00e0n n\u1ea1p r\u00fat v\u00e0 thanh to\u00e1n nhanh cho ng\u01b0\u1eddi ch\u01a1i th\u1eafng c\u01b0\u1ee3c\" width=\"1024\" height=\"512\"><figcaption id=\"caption-attachment-836\" class=\"wp-caption-text\">An to\u00e0n n\u1ea1p r\u00fat v\u00e0 thanh to\u00e1n nhanh cho ng\u01b0\u1eddi ch\u01a1i th\u1eafng c\u01b0\u1ee3c<\/figcaption><\/figure>\n<h3><span class=\"ez-toc-section\" id=\"dich-vu-cham-soc-khach-hang-5-sao-tu-doi-ngu-support-chuyen-nghiep-new88\"><\/span><b>D\u1ecbch v\u1ee5 ch\u0103m s\u00f3c kh\u00e1ch h\u00e0ng 5 sao t\u1eeb \u0111\u1ed9i ng\u0169 support chuy\u00ean nghi\u1ec7p New88<\/b><span class=\"ez-toc-section-end\"><\/span><\/h3>\n<p><span style=\"font-weight: 400;\">N\u1eafm b\u1eaft \u0111\u01b0\u1ee3c t\u00e2m l\u00fd ng\u01b0\u1eddi ch\u01a1i, \u0111\u1ed9i ng\u0169 ch\u0103m s\u00f3c kh\u00e1ch h\u00e0ng c\u1ee7a nh\u00e0 c\u00e1i New88 lu\u00f4n t\u00fac tr\u1ef1c 24\/7, s\u1eb5n s\u00e0ng tr\u1ea3 l\u1eddi m\u1ecdi th\u1eafc m\u1eafc v\u00e0 x\u1eed l\u00fd m\u1ecdi v\u1ea5n \u0111\u1ec1 ph\u00e1t sinh m\u1ed9t c\u00e1ch nhi\u1ec7t t\u00ecnh. D\u00f9 ch\u1ec9 l\u00e0 c\u00e2u h\u1ecfi nh\u1ecf nh\u1ea5t v\u1ec1 s\u1ea3n ph\u1ea9m d\u1ecbch v\u1ee5 hay khuy\u1ebfn m\u00e3i, nh\u00e2n vi\u00ean t\u01b0 v\u1ea5n c\u1ee7a New88 lu\u00f4n t\u1eadn t\u00e2m h\u1ed7 tr\u1ee3 theo phong c\u00e1ch chuy\u00ean nghi\u1ec7p. Ph\u01b0\u01a1ng ch\u00e2m \u201ckh\u00e1ch h\u00e0ng l\u00e0 tr\u00ean h\u1ebft\u201d \u0111\u01b0\u1ee3c New88 th\u1ef1c hi\u1ec7n m\u1ed9t c\u00e1ch tr\u1ecdn v\u1eb9n, mang \u0111\u1ebfn s\u1ef1 h\u00e0i l\u00f2ng cho ng\u01b0\u1eddi ch\u01a1i.<\/span><\/p>\n<blockquote><\/blockquote>\n<h2><span class=\"ez-toc-section\" id=\"sanh-live-casino-new88-co-game-gi\"><\/span><b>S\u1ea3nh live casino New88 c\u00f3 game g\u00ec?<\/b><span class=\"ez-toc-section-end\"><\/span><\/h2>\n<p><span style=\"font-weight: 400;\">\u0110\u1ebfn v\u1edbi<strong> live casino<\/strong> c\u1ee7a New88, anh em s\u1ebd \u0111\u01b0\u1ee3c b\u00f9ng n\u1ed5 v\u1edbi \u201ctuy\u1ec3n t\u1eadp\u201d nh\u1eefng tr\u00f2 ch\u01a1i casino \u0111\u00ecnh \u0111\u00e1m nh\u1ea5t th\u1ecb tr\u01b0\u1eddng, bao g\u1ed3m:<\/span><\/p>\n<h3><span class=\"ez-toc-section\" id=\"baccarat-bai-ngua\"><\/span><b>Baccarat (B\u00e0i ng\u1eeda)<\/b><span class=\"ez-toc-section-end\"><\/span><\/h3>\n<p><span style=\"font-weight: 400;\">L\u00e0 \u201cbom t\u1ea5n\u201d \u0111\u01b0\u1ee3c ch\u01a1i nhi\u1ec1u nh\u1ea5t t\u1ea1i casino ch\u00e2u \u00c1, \u0111\u1eb7c bi\u1ec7t l\u00e0 Macau v\u00e0 Singapore. Ch\u1ec9 v\u1edbi 3 c\u1eeda c\u01b0\u1ee3c l\u00e0 Player, Banker v\u00e0 Tie, m\u1ee5c ti\u00eau c\u1ee7a ng\u01b0\u1eddi ch\u01a1i l\u00e0 \u0111\u1eb7t c\u01b0\u1ee3c v\u00e0o k\u1ebft qu\u1ea3 c\u1ee7a 2 b\u00ean ch\u01a1i l\u00e0 nh\u00e0 c\u00e1i (Banker) v\u00e0 ng\u01b0\u1eddi ch\u01a1i (Player). B\u00ean n\u00e0o c\u00f3 \u0111i\u1ec3m s\u1ed1 g\u1ea7n 9 nh\u1ea5t s\u1ebd l\u00e0 b\u00ean th\u1eafng. C\u1eeda Tie d\u00f9ng cho tr\u01b0\u1eddng h\u1ee3p c\u1ea3 Banker v\u00e0 Player c\u00f3 s\u1ed1 \u0111i\u1ec3m b\u1eb1ng nhau.<\/span><\/p>\n<h3><span class=\"ez-toc-section\" id=\"roulette\"><\/span><b>Roulette<\/b><span class=\"ez-toc-section-end\"><\/span><\/h3>\n<p><span style=\"font-weight: 400;\">N\u00f3i \u0111\u1ebfn casino s\u00f2ng b\u1ea1c l\u00e0 ngh\u0129 ngay \u0111\u1ebfn nh\u1eefng v\u00f2ng quay roulette k\u1ecbch t\u00ednh v\u00e0 gay c\u1ea5n. Roulette hay c\u00f2n \u0111\u01b0\u1ee3c g\u1ecdi l\u00e0 tr\u00f2 quay v\u00f2ng cung l\u00e0 m\u1ed9t game \u0111\u1ecf \u0111en c\u1ed5 \u0111i\u1ec3n v\u00e0 ph\u1ed5 bi\u1ebfn nh\u1ea5t t\u1ea1i c\u00e1c s\u00f2ng b\u1ea1c. Ng\u01b0\u1eddi ch\u01a1i s\u1ebd \u0111\u1eb7t c\u01b0\u1ee3c v\u00e0o c\u00e1c con s\u1ed1 tr\u00ean b\u00e0n r\u1ed3i ch\u1edd \u0111\u1ee3i vi\u00ean bi r\u01a1i v\u00e0o \u00f4 s\u1ed1 may m\u1eafn.<\/span><\/p>\n<figure id=\"attachment_838\" aria-describedby=\"caption-attachment-838\" style=\"width: 1024px\" class=\"wp-caption aligncenter\"><img loading=\"lazy\" decoding=\"async\" class=\"wp-image-838\" title=\"Live casino New88 quy t\u1ee5 nhi\u1ec1u t\u1ef1a game b\u00e0i hot hit\" src=\"http:\/\/new88home.com\/wp-content\/uploads\/2025\/12\/live-casino-new88-quy-tu-nhieu-tua-game-bai-hot-hit.webp\" alt=\"Live casino New88 quy t\u1ee5 nhi\u1ec1u t\u1ef1a game b\u00e0i hot hit\" width=\"1024\" height=\"512\"><figcaption id=\"caption-attachment-838\" class=\"wp-caption-text\">Live casino New88 quy t\u1ee5 nhi\u1ec1u t\u1ef1a game b\u00e0i hot hit<\/figcaption><\/figure>\n<h3><span class=\"ez-toc-section\" id=\"blackjack\"><\/span><b>Blackjack<\/b><span class=\"ez-toc-section-end\"><\/span><\/h3>\n<p><span style=\"font-weight: 400;\">C\u00f2n g\u1ecdi l\u00e0 game x\u00ec d\u00e1ch, Blackjack \u0111\u01b0\u1ee3c m\u1ec7nh danh l\u00e0 tr\u00f2 ch\u01a1i \u201cd\u1ec5 ch\u01a1i kh\u00f3 th\u1eafng\u201d nh\u1ea5t casino. C\u00e1ch ch\u01a1i \u0111\u01a1n gi\u1ea3n l\u00e0 r\u00fat b\u00e0i \u0111\u1ec3 t\u1ea1o th\u00e0nh b\u1ed9 c\u00f3 t\u1ed5ng \u0111i\u1ec3m g\u1ea7n ho\u1eb7c b\u1eb1ng 21 \u0111i\u1ec3m nh\u1ea5t c\u00f3 th\u1ec3. Th\u00e1ch th\u1ee9c \u1edf ch\u1ed7 s\u1ed1 \u0111i\u1ec3m kh\u00f4ng \u0111\u01b0\u1ee3c v\u01b0\u1ee3t qu\u00e1 21 v\u00e0 ph\u1ea3i cao h\u01a1n s\u1ed1 \u0111i\u1ec3m c\u1ee7a nh\u00e0 c\u00e1i.<\/span><\/p>\n<h3><span class=\"ez-toc-section\" id=\"sicbo\"><\/span><b>Sicbo<\/b><span class=\"ez-toc-section-end\"><\/span><\/h3>\n<p><span style=\"font-weight: 400;\">M\u1ed9t tr\u00f2 ch\u01a1i c\u1ef1c k\u1ef3 ph\u1ed5 bi\u1ebfn t\u1ea1i s\u1ea3nh <\/span><b>live casino <\/b>New88<span style=\"font-weight: 400;\">, Sicbo (hay t\u00e0i x\u1ec9u) \u0111\u01b0\u1ee3c nhi\u1ec1u ng\u01b0\u1eddi m\u00ea say b\u1edfi nguy\u00ean l\u00fd \u0111\u01a1n gi\u1ea3n v\u00e0 c\u00e1ch ch\u01a1i k\u1ecbch t\u00ednh. Nhi\u1ec7m v\u1ee5 c\u1ee7a ng\u01b0\u1eddi ch\u01a1i ch\u1ec9 l\u00e0 d\u1ef1 \u0111o\u00e1n k\u1ebft qu\u1ea3 c\u1ee7a 3 vi\u00ean x\u00fac x\u1eafc s\u1ebd r\u01a1i v\u00e0o c\u00e1c \u00f4 s\u1ed1 tr\u00ean b\u00e0n.<\/span><\/p>\n<h2><span class=\"ez-toc-section\" id=\"huong-dan-cach-choi-live-casino-new88\"><\/span><b>H\u01b0\u1edbng d\u1eabn c\u00e1ch ch\u01a1i live casino New88<\/b><span class=\"ez-toc-section-end\"><\/span><\/h2>\n<p><span style=\"font-weight: 400;\">\u0110\u1ec3 b\u1eaft \u0111\u1ea7u h\u00e0nh tr\u00ecnh \u201cl\u00e0m gi\u00e0u kh\u00f4ng kh\u00f3\u201d t\u1ea1i s\u1ea3nh <\/span><b>live casino <\/b>New88<span style=\"font-weight: 400;\">, b\u1ea1n c\u1ea7n ph\u1ea3i l\u00e0 th\u00e0nh vi\u00ean ch\u00ednh th\u1ee9c c\u1ee7a nh\u00e0 c\u00e1i.\u00a0<\/span><\/p>\n<ul>\n<li style=\"font-weight: 400;\" aria-level=\"1\"><span style=\"font-weight: 400;\">B\u01b0\u1edbc 1: Truy c\u1eadp v\u00e0o website ch\u00ednh th\u1ee9c c\u1ee7a New88 v\u00e0 click v\u00e0o n\u00fat \u201c\u0110\u0103ng k\u00fd\u201d<\/span><\/li>\n<li style=\"font-weight: 400;\" aria-level=\"1\"><span style=\"font-weight: 400;\">B\u01b0\u1edbc 2: \u0110i\u1ec1n \u0111\u1ea7y \u0111\u1ee7 th\u00f4ng tin c\u00e1 nh\u00e2n theo y\u00eau c\u1ea7u h\u1ec7 th\u1ed1ng. G\u1ed3m h\u1ecd t\u00ean, s\u1ed1 \u0111i\u1ec7n tho\u1ea1i, \u0111\u1ecba ch\u1ec9 Email, m\u1eadt kh\u1ea9u v\u00e0 c\u00e1c th\u00f4ng tin li\u00ean quan kh\u00e1c. L\u01b0u \u00fd s\u1eed d\u1ee5ng th\u00f4ng tin th\u1eadt \u0111\u1ec3 thu\u1eadn ti\u1ec7n cho c\u00e1c giao d\u1ecbch v\u1ec1 sau.<\/span><\/li>\n<li style=\"font-weight: 400;\" aria-level=\"1\"><span style=\"font-weight: 400;\">B\u01b0\u1edbc 3: Ch\u1ecdn ph\u01b0\u01a1ng th\u1ee9c n\u1ea1p ti\u1ec1n r\u1ed3i chuy\u1ec3n kho\u1ea3n v\u00e0o t\u00e0i kho\u1ea3n. S\u1ed1 ti\u1ec1n t\u1ed1i thi\u1ec3u ch\u1ec9 t\u1eeb 50k. V\u1edbi new member, b\u1ea1n n\u00ean n\u1ea1p t\u1eeb 200k tr\u1edf l\u00ean \u0111\u1ec3 \u0111\u01b0\u1ee3c h\u01b0\u1edfng th\u00eam khuy\u1ebfn m\u00e3i \u0111\u0103ng k\u00fd 100% nh\u00e9.<\/span><\/li>\n<li style=\"font-weight: 400;\" aria-level=\"1\"><span style=\"font-weight: 400;\">B\u01b0\u1edbc 4: K\u00edch ho\u1ea1t t\u00e0i kho\u1ea3n qua SMS ho\u1eb7c Email \u0111\u01b0\u1ee3c g\u1eedi, truy c\u1eadp khu <strong>live casino<\/strong>, ch\u1ecdn tr\u00f2 ch\u01a1i y\u00eau th\u00edch v\u00e0 b\u1eaft \u0111\u1ea7u \u0111\u1eb7t c\u01b0\u1ee3c.<\/span><\/li>\n<\/ul>\n<p><span style=\"font-weight: 400;\">Tr\u00ean \u0111\u00e2y l\u00e0 nh\u1eefng th\u00f4ng tin chi ti\u1ebft v\u1ec1 s\u1ea3nh <\/span><b>live casino <\/b>New88<span style=\"font-weight: 400;\">, s\u00f2ng b\u1ea1c uy t\u00edn s\u1ed1 1 hi\u1ec7n nay. N\u1ebfu b\u1ea1n mu\u1ed1n ch\u01a1i \u0111\u00e1nh b\u00e0i \u0111\u1eb3ng c\u1ea5p qu\u1ed1c t\u1ebf h\u00e3y \u0111\u1ebfn ngay nh\u00e0 c\u00e1i \u0111\u0103ng k\u00fd t\u00e0i kho\u1ea3n, n\u1ea1p ti\u1ec1n v\u00e0 th\u1ec3 hi\u1ec7n k\u1ef9 n\u0103ng s\u00e1t ph\u1ea1t c\u1ee7a m\u00ecnh.<\/span><\/p>\n","protected":false},"excerpt":{"rendered":"<p>\u0110\u01b0\u1ee3c m\u1ec7nh danh l\u00e0 thi\u00ean \u0111\u01b0\u1eddng \u0111\u1ecf \u0111en, s\u1ea3nh live casino \u0111ang tr\u1edf th\u00e0nh \u0111i\u1ec3m \u0111\u1ebfn kh\u00f4ng th\u1ec3 b\u1ecf qua c\u1ee7a c\u00e1c game th\u1ee7 \u0111am m\u00ea c\u00e1 c\u01b0\u1ee3c tr\u1ef1c tuy\u1ebfn. V\u1edbi \u0111a d\u1ea1ng th\u1ec3 lo\u1ea1i game t\u1eeb c\u00e1c nh\u00e0 cung c\u1ea5p uy t\u00edn, h\u1ec7 th\u1ed1ng c\u00f4ng ngh\u1ec7 hi\u1ec7n \u0111\u1ea1i c\u00f9ng \u0111\u1ed9i ng\u0169 nh\u00e2n vi\u00ean chuy\u00ean [&#8230;]\n","protected":false},"author":1,"featured_media":1239,"parent":0,"menu_order":0,"comment_status":"closed","ping_status":"closed","template":"","meta":{"footnotes":""},"class_list":["post-1234","page","type-page","status-publish","has-post-thumbnail","hentry"],"_links":{"self":[{"href":"https:\/\/new88home.com\/index.php\/wp-json\/wp\/v2\/pages\/1234","targetHints":{"allow":["GET"]}}],"collection":[{"href":"https:\/\/new88home.com\/index.php\/wp-json\/wp\/v2\/pages"}],"about":[{"href":"https:\/\/new88home.com\/index.php\/wp-json\/wp\/v2\/types\/page"}],"author":[{"embeddable":true,"href":"https:\/\/new88home.com\/index.php\/wp-json\/wp\/v2\/users\/1"}],"replies":[{"embeddable":true,"href":"https:\/\/new88home.com\/index.php\/wp-json\/wp\/v2\/comments?post=1234"}],"version-history":[{"count":0,"href":"https:\/\/new88home.com\/index.php\/wp-json\/wp\/v2\/pages\/1234\/revisions"}],"wp:featuredmedia":[{"embeddable":true,"href":"https:\/\/new88home.com\/index.php\/wp-json\/wp\/v2\/media\/1239"}],"wp:attachment":[{"href":"https:\/\/new88home.com\/index.php\/wp-json\/wp\/v2\/media?parent=1234"}],"curies":[{"name":"wp","href":"https:\/\/api.w.org\/{rel}","templated":true}]}}