{"id":1235,"date":"2025-12-26T09:31:32","date_gmt":"2025-12-26T09:31:32","guid":{"rendered":"https:\/\/new88home.com\/index.php\/the-thao-new88\/"},"modified":"2025-12-26T09:31:32","modified_gmt":"2025-12-26T09:31:32","slug":"the-thao-new88","status":"publish","type":"page","link":"https:\/\/new88home.com\/index.php\/the-thao-new88\/","title":{"rendered":"Th\u1ec3 thao NEW88: \u0110a d\u1ea1ng gi\u1ea3i \u0111\u1ea5u, k\u00e8o c\u01b0\u1ee3c h\u1ea5p d\u1eabn"},"content":{"rendered":"<p><a href=\"https:\/\/new88home.com\/\/the-thao-new88\/\" target=\"_blank\" rel=\"noopener\"><b><i>Th\u1ec3 thao <\/i><\/b><\/a><i><span style=\"font-weight: 400;\">n\u1ed5i l\u00ean l\u00e0 m\u1ed9t \u0111i\u1ec3m \u0111\u1ebfn l\u00fd t\u01b0\u1edfng, n\u01a1i quy t\u1ee5 h\u00e0ng tr\u0103m gi\u1ea3i \u0111\u1ea5u l\u1edbn nh\u1ecf c\u00f9ng h\u1ec7 th\u1ed1ng k\u00e8o c\u01b0\u1ee3c phong ph\u00fa, minh b\u1ea1ch. Nh\u00e0 c\u00e1i <a href=\"https:\/\/new88home.com\/\/\" target=\"_blank\" rel=\"noopener\"><strong>new88<\/strong><\/a> s\u1ebd cung c\u1ea5p c\u00e1i nh\u00ecn to\u00e0n di\u1ec7n, gi\u00fap b\u1ea1n hi\u1ec3u r\u00f5 h\u01a1n v\u1ec1 s\u1ea3nh c\u01b0\u1ee3c \u0111\u1ea7y cu\u1ed1n h\u00fat n\u00e0y. \u0110\u1ed3ng th\u1eddi trang b\u1ecb nh\u1eefng ki\u1ebfn th\u1ee9c c\u1ea7n thi\u1ebft \u0111\u1ec3 t\u1ef1 tin tham gia, chinh ph\u1ee5c m\u1ecdi th\u1eed th\u00e1ch soi k\u00e8o tr\u1ef1c tuy\u1ebfn.<\/span><\/i><\/p>\n<h2><span class=\"ez-toc-section\" id=\"gioi-thieu-tong-quan-sanh-the-thao-new88-doi-thuong\"><\/span><b>Gi\u1edbi thi\u1ec7u t\u1ed5ng quan s\u1ea3nh th\u1ec3 thao NEW88 \u0111\u1ed5i th\u01b0\u1edfng<\/b><span class=\"ez-toc-section-end\"><\/span><\/h2>\n<p><span style=\"font-weight: 400;\"><strong>Th\u1ec3 thao<\/strong> t\u1ea1i NEW88 l\u00e0 m\u1ed9t trong nh\u1eefng s\u1ea3n ph\u1ea9m ch\u1ee7 l\u1ef1c, \u0111\u01b0\u1ee3c nh\u00e0 c\u00e1i \u0111\u1ea7u t\u01b0 ph\u00e1t tri\u1ec3n m\u1ea1nh m\u1ebd. \u0110\u00e2y l\u00e0 n\u01a1i ng\u01b0\u1eddi ch\u01a1i c\u00f3 th\u1ec3 h\u00f2a m\u00ecnh v\u00e0o kh\u00f4ng kh\u00ed cu\u1ed3ng nhi\u1ec7t c\u1ee7a c\u00e1c tr\u1eadn \u0111\u1ea5u \u0111\u1ec9nh cao tr\u00ean to\u00e0n c\u1ea7u, t\u1eeb b\u00f3ng \u0111\u00e1, b\u00f3ng r\u1ed5, tennis cho \u0111\u1ebfn c\u00e1c m\u00f4n <strong>th\u1ec3 thao<\/strong> \u0111i\u1ec7n t\u1eed (eSports) \u0111ang th\u1ecbnh h\u00e0nh.\u00a0<\/span><\/p>\n<p><span style=\"font-weight: 400;\">NEW88 h\u1ee3p t\u00e1c v\u1edbi nhi\u1ec1u nh\u00e0 cung c\u1ea5p game uy t\u00edn h\u00e0ng \u0111\u1ea7u th\u1ebf gi\u1edbi nh\u01b0 SABA Sports, CMD368, UG United Gaming, SBOBET,\u2026 \u0110\u1ea3m b\u1ea3o mang \u0111\u1ebfn m\u1ed9t kh\u00f4ng gian \u00a0c\u00e1 c\u01b0\u1ee3c ch\u1ea5t l\u01b0\u1ee3ng, t\u1ef7 l\u1ec7 k\u00e8o c\u1eadp nh\u1eadt nhanh ch\u00f3ng, ch\u00ednh x\u00e1c. Giao di\u1ec7n s\u1ea3nh c\u01b0\u1ee3c \u0111\u01b0\u1ee3c thi\u1ebft k\u1ebf tr\u1ef1c quan, d\u1ec5 d\u00e0ng thao t\u00e1c, gi\u00fap ng\u01b0\u1eddi ch\u01a1i m\u1edbi c\u0169ng c\u00f3 th\u1ec3 nhanh ch\u00f3ng l\u00e0m quen, t\u00ecm ki\u1ebfm tr\u1eadn \u0111\u1ea5u y\u00eau th\u00edch, \u0111\u1eb7t c\u01b0\u1ee3c m\u1ed9t c\u00e1ch thu\u1eadn ti\u1ec7n.<\/span><\/p>\n<figure id=\"attachment_845\" aria-describedby=\"caption-attachment-845\" style=\"width: 1024px\" class=\"wp-caption aligncenter\"><img loading=\"lazy\" decoding=\"async\" class=\"wp-image-845\" title=\"Th\u1ec3 thao NEW88 lu\u00f4n c\u00f3 s\u1ee9c h\u00fat c\u1ef1c k\u1ef3 l\u1edbn v\u1edbi ng\u01b0\u1eddi ch\u01a1i\u00a0\" src=\"http:\/\/new88home.com\/wp-content\/uploads\/2025\/12\/the-thao-new88-luon-co-suc-hut-cuc-ky-lon-voi-nguoi-choi.webp\" alt=\"Th\u1ec3 thao NEW88 lu\u00f4n c\u00f3 s\u1ee9c h\u00fat c\u1ef1c k\u1ef3 l\u1edbn v\u1edbi ng\u01b0\u1eddi ch\u01a1i\u00a0\" width=\"1024\" height=\"512\"><figcaption id=\"caption-attachment-845\" class=\"wp-caption-text\">Th\u1ec3 thao NEW88 lu\u00f4n c\u00f3 s\u1ee9c h\u00fat c\u1ef1c k\u1ef3 l\u1edbn v\u1edbi ng\u01b0\u1eddi ch\u01a1i<\/figcaption><\/figure>\n<h2><span class=\"ez-toc-section\" id=\"cac-bo-mon-ca-cuoc-the-thao-hot-tai-nha-cai-new88\"><\/span><b>C\u00e1c b\u1ed9 m\u00f4n c\u00e1 c\u01b0\u1ee3c th\u1ec3 thao hot t\u1ea1i nh\u00e0 c\u00e1i NEW88<\/b><span class=\"ez-toc-section-end\"><\/span><\/h2>\n<p><span style=\"font-weight: 400;\">\u0110\u1ebfn v\u1edbi <\/span><b>th\u1ec3 thao <\/b>NEW88<span style=\"font-weight: 400;\">, ng\u01b0\u1eddi ch\u01a1i s\u1ebd cho\u00e1ng ng\u1ee3p tr\u01b0\u1edbc s\u1ef1 \u0111a d\u1ea1ng c\u1ee7a c\u00e1c b\u1ed9 m\u00f4n \u0111\u01b0\u1ee3c cung c\u1ea5p. M\u1ed7i m\u00f4n \u0111\u1ec1u c\u00f3 s\u1ee9c h\u00fat ri\u00eang, \u0111\u00e1p \u1ee9ng m\u1ecdi s\u1edf th\u00edch c\u00e1 c\u01b0\u1ee3c c\u1ee7a th\u00e0nh vi\u00ean.\u00a0<\/span><\/p>\n<h3><span class=\"ez-toc-section\" id=\"ca-cuoc-bong-da\"><\/span><b>C\u00e1 c\u01b0\u1ee3c b\u00f3ng \u0111\u00e1<\/b><span class=\"ez-toc-section-end\"><\/span><\/h3>\n<p><span style=\"font-weight: 400;\">B\u00f3ng \u0111\u00e1 lu\u00f4n l\u00e0 m\u00f4n <strong>th\u1ec3 thao<\/strong> vua, chi\u1ebfm v\u1ecb tr\u00ed s\u1ed1 m\u1ed9t. T\u1ea1i NEW88, b\u1ea1n c\u00f3 th\u1ec3 \u0111\u1eb7t c\u01b0\u1ee3c cho h\u00e0ng lo\u1ea1t gi\u1ea3i \u0111\u1ea5u danh gi\u00e1 nh\u01b0 Ngo\u1ea1i h\u1ea1ng Anh, La Liga, Serie A, Bundesliga, Champions League, Europa League, World Cup, Euro, c\u0169ng nh\u01b0 c\u00e1c gi\u1ea3i V\u0110QG Vi\u1ec7t Nam, Th\u00e1i Lan, H\u00e0n Qu\u1ed1c, Nh\u1eadt B\u1ea3n.<\/span><\/p>\n<h3><span class=\"ez-toc-section\" id=\"bong-ro-tai-the-thao-new88\"><\/span><b>B\u00f3ng r\u1ed5 t\u1ea1i th\u1ec3 thao NEW88<\/b><span class=\"ez-toc-section-end\"><\/span><\/h3>\n<p><span style=\"font-weight: 400;\">S\u1ee9c h\u1ea5p d\u1eabn c\u1ee7a nh\u1eefng tr\u1eadn \u0111\u1ea5u NBA k\u1ecbch t\u00ednh, hay c\u00e1c gi\u1ea3i \u0111\u1ea5u l\u1edbn t\u1ea1i ch\u00e2u \u00c2u, ch\u00e2u \u00c1 nh\u01b0 EuroLeague, VBA c\u0169ng \u0111\u01b0\u1ee3c NEW88 khai th\u00e1c tri\u1ec7t \u0111\u1ec3 v\u1edbi nhi\u1ec1u lo\u1ea1i k\u00e8o h\u1ea5p d\u1eabn.<\/span><\/p>\n<p><b>C\u00e1 c\u01b0\u1ee3c tennis<\/b><\/p>\n<p><span style=\"font-weight: 400;\">Nh\u1eefng gi\u1ea3i \u0111\u1ea5u tennis danh gi\u00e1 nh\u01b0: Grand Slam danh gi\u00e1 (Australian Open, Roland Garros, Wimbledon, US Open),\u2026 K\u1ebft h\u1ee3p c\u00f9ng h\u1ec7 th\u1ed1ng ATP, WTA Tour lu\u00f4n c\u00f3 m\u1eb7t t\u1ea1i s\u1ea3nh <\/span><b>th\u1ec3 thao <\/b>NEW88<span style=\"font-weight: 400;\">.<\/span><\/p>\n<h3><span class=\"ez-toc-section\" id=\"cuoc-the-thao-dien-tu\"><\/span><b>C\u01b0\u1ee3c th\u1ec3 thao \u0111i\u1ec7n t\u1eed<\/b><span class=\"ez-toc-section-end\"><\/span><\/h3>\n<p><span style=\"font-weight: 400;\">C\u00e1c t\u1ef1a game \u0111\u00ecnh \u0111\u00e1m nh\u01b0 Li\u00ean Minh Huy\u1ec1n Tho\u1ea1i (LoL), Dota 2, CS:GO, Valorant v\u1edbi c\u00e1c gi\u1ea3i \u0111\u1ea5u chuy\u00ean nghi\u1ec7p qu\u1ed1c t\u1ebf \u0111\u1ec1u c\u00f3 k\u00e8o c\u01b0\u1ee3c t\u1ea1i NEW88.<\/span><\/p>\n<h3><span class=\"ez-toc-section\" id=\"cac-mon-the-thao-ca-cuoc-khac\"><\/span><b>C\u00e1c m\u00f4n th\u1ec3 thao c\u00e1 c\u01b0\u1ee3c kh\u00e1c<\/b><span class=\"ez-toc-section-end\"><\/span><\/h3>\n<p><span style=\"font-weight: 400;\">Ngo\u00e0i ra, NEW88 c\u00f2n cung c\u1ea5p c\u01b0\u1ee3c cho nhi\u1ec1u m\u00f4n <strong>th\u1ec3 thao<\/strong> kh\u00e1c nh\u01b0: B\u00f3ng chuy\u1ec1n, c\u1ea7u l\u00f4ng, b\u00f3ng b\u00e0n, \u0111ua xe, Quy\u1ec1n Anh, MMA,\u2026 T\u1ea5t c\u1ea3 \u0111\u1ec1u mang \u0111\u1ebfn s\u1ef1 l\u1ef1a ch\u1ecdn kh\u00f4ng gi\u1edbi h\u1ea1n cho ng\u01b0\u1eddi ch\u01a1i.<\/span><\/p>\n<figure id=\"attachment_843\" aria-describedby=\"caption-attachment-843\" style=\"width: 1024px\" class=\"wp-caption aligncenter\"><img loading=\"lazy\" decoding=\"async\" class=\"wp-image-843\" title=\"\u0110a d\u1ea1ng b\u1ed9 m\u00f4n th\u1ec3 thao t\u1ea1i NEW88 \u0111\u1ec3 ng\u01b0\u1eddi ch\u01a1i l\u1ef1a ch\u1ecdn \u0111\u1eb7t c\u01b0\u1ee3c\u00a0\" src=\"http:\/\/new88home.com\/wp-content\/uploads\/2025\/12\/da-dang-bo-mon-the-thao-tai-new88-de-nguoi-choi-lua-chon-dat-cuoc.webp\" alt=\"\u0110a d\u1ea1ng b\u1ed9 m\u00f4n th\u1ec3 thao t\u1ea1i NEW88 \u0111\u1ec3 ng\u01b0\u1eddi ch\u01a1i l\u1ef1a ch\u1ecdn \u0111\u1eb7t c\u01b0\u1ee3c\u00a0\" width=\"1024\" height=\"512\"><figcaption id=\"caption-attachment-843\" class=\"wp-caption-text\">\u0110a d\u1ea1ng b\u1ed9 m\u00f4n th\u1ec3 thao t\u1ea1i NEW88 \u0111\u1ec3 ng\u01b0\u1eddi ch\u01a1i l\u1ef1a ch\u1ecdn \u0111\u1eb7t c\u01b0\u1ee3c<\/figcaption><\/figure>\n<h2><span class=\"ez-toc-section\" id=\"uu-diem-noi-bat-khi-lua-chon-sanh-cuoc-the-thao-tai-new88\"><\/span><b>\u01afu \u0111i\u1ec3m n\u1ed5i b\u1eadt khi l\u1ef1a ch\u1ecdn s\u1ea3nh c\u01b0\u1ee3c th\u1ec3 thao t\u1ea1i NEW88<\/b><span class=\"ez-toc-section-end\"><\/span><\/h2>\n<p><span style=\"font-weight: 400;\">S\u1ea3nh <\/span><b>th\u1ec3 thao<\/b> NEW88<span style=\"font-weight: 400;\"> kh\u00f4ng ch\u1ec9 \u0111a d\u1ea1ng v\u1ec1 b\u1ed9 m\u00f4n m\u00e0 c\u00f2n s\u1edf h\u1eefu nhi\u1ec1u \u01b0u \u0111i\u1ec3m v\u01b0\u1ee3t tr\u1ed9i, t\u1ea1o n\u00ean s\u1ee9c h\u00fat kh\u00f3 c\u01b0\u1ee1ng \u0111\u1ed1i v\u1edbi c\u1ed9ng \u0111\u1ed3ng c\u01b0\u1ee3c th\u1ee7.\u00a0<\/span><\/p>\n<table border=\"1px\">\n<tbody>\n<tr>\n<td><b>\u01afu \u0111i\u1ec3m<\/b><\/td>\n<td><b>Chi ti\u1ebft<\/b><\/td>\n<\/tr>\n<tr>\n<td><b>\u0110a d\u1ea1ng lo\u1ea1i k\u00e8o c\u01b0\u1ee3c<\/b><\/td>\n<td><span style=\"font-weight: 400;\">NEW88 cung c\u1ea5p \u0111\u1ea7y \u0111\u1ee7 c\u00e1c lo\u1ea1i k\u00e8o ph\u1ed5 bi\u1ebfn: K\u00e8o ch\u00e2u \u00c1 (Handicap), k\u00e8o ch\u00e2u \u00c2u (1X2), k\u00e8o T\u00e0i X\u1ec9u (Over\/Under), k\u00e8o t\u1ef7 s\u1ed1 ch\u00ednh x\u00e1c, k\u00e8o ph\u1ea1t g\u00f3c, k\u00e8o th\u1ebb ph\u1ea1t, k\u00e8o hi\u1ec7p 1, k\u00e8o c\u1ea3 tr\u1eadn\u2026 gi\u00fap ng\u01b0\u1eddi ch\u01a1i c\u00f3 th\u00eam nhi\u1ec1u chi\u1ebfn thu\u1eadt \u0111\u1eb7t c\u01b0\u1ee3c.<\/span><\/td>\n<\/tr>\n<tr>\n<td><b>T\u1ef7 l\u1ec7 c\u01b0\u1ee3c c\u1ea1nh tranh<\/b><\/td>\n<td><span style=\"font-weight: 400;\">Nh\u00e0 c\u00e1i lu\u00f4n c\u1eadp nh\u1eadt t\u1ef7 l\u1ec7 c\u01b0\u1ee3c s\u1edbm, mang t\u00ednh c\u1ea1nh tranh cao so v\u1edbi th\u1ecb tr\u01b0\u1eddng. \u0110i\u1ec1u n\u00e0y \u0111\u1ed3ng ngh\u0129a v\u1edbi vi\u1ec7c ng\u01b0\u1eddi ch\u01a1i NEW88 c\u00f3 c\u01a1 h\u1ed9i nh\u1eadn \u0111\u01b0\u1ee3c l\u1ee3i nhu\u1eadn t\u1ed1t h\u01a1n khi th\u1eafng c\u01b0\u1ee3c.<\/span><\/td>\n<\/tr>\n<tr>\n<td><b>Giao di\u1ec7n th\u00e2n thi\u1ec7n<\/b><\/td>\n<td><span style=\"font-weight: 400;\">Thi\u1ebft k\u1ebf giao di\u1ec7n s\u1ea3nh th\u1ec3 thao th\u00f4ng minh, khoa h\u1ecdc, m\u00e0u s\u1eafc h\u00e0i h\u00f2a. C\u00e1c m\u1ee5c \u0111\u01b0\u1ee3c s\u1eafp x\u1ebfp logic, d\u1ec5 t\u00ecm ki\u1ebfm tr\u1eadn \u0111\u1ea5u, xem t\u1ef7 l\u1ec7 k\u00e8o, \u0111\u1eb7t c\u01b0\u1ee3c nhanh ch\u00f3ng tr\u00ean c\u1ea3 m\u00e1y t\u00ednh l\u1eabn thi\u1ebft b\u1ecb di \u0111\u1ed9ng.<\/span><\/td>\n<\/tr>\n<tr>\n<td><b>Khuy\u1ebfn m\u00e3i h\u1ea5p d\u1eabn<\/b><\/td>\n<td><span style=\"font-weight: 400;\">NEW88 th\u01b0\u1eddng xuy\u00ean tung ra c\u00e1c ch\u01b0\u01a1ng tr\u00ecnh khuy\u1ebfn m\u00e3i d\u00e0nh ri\u00eang cho s\u1ea3nh th\u1ec3 thao: Th\u01b0\u1edfng n\u1ea1p l\u1ea7n \u0111\u1ea7u, ho\u00e0n tr\u1ea3 c\u01b0\u1ee3c thua h\u00e0ng ng\u00e0y\/h\u00e0ng tu\u1ea7n, th\u01b0\u1edfng c\u00e1c s\u1ef1 ki\u1ec7n th\u1ec3 thao l\u1edbn\u2026<\/span><\/td>\n<\/tr>\n<tr>\n<td><b>B\u1ea3o m\u1eadt th\u00f4ng tin tuy\u1ec7t \u0111\u1ed1i<\/b><\/td>\n<td><span style=\"font-weight: 400;\">H\u1ec7 th\u1ed1ng b\u1ea3o m\u1eadt NEW88 ti\u00ean ti\u1ebfn v\u1edbi c\u00f4ng ngh\u1ec7 m\u00e3 h\u00f3a SSL 128 bit, t\u01b0\u1eddng l\u1eeda nhi\u1ec1u l\u1edbp, \u0111\u1ea3m b\u1ea3o an to\u00e0n cho m\u1ecdi th\u00f4ng tin c\u00e1 nh\u00e2n, giao d\u1ecbch c\u1ee7a ng\u01b0\u1eddi ch\u01a1i.<\/span><\/td>\n<\/tr>\n<tr>\n<td><b>H\u1ed7 tr\u1ee3 kh\u00e1ch h\u00e0ng 24\/7<\/b><\/td>\n<td><span style=\"font-weight: 400;\">\u0110\u1ed9i ng\u0169 ch\u0103m s\u00f3c NEW88 chuy\u00ean nghi\u1ec7p, t\u1eadn t\u00e2m, s\u1eb5n s\u00e0ng gi\u1ea3i \u0111\u00e1p m\u1ecdi th\u1eafc m\u1eafc. H\u1ed7 tr\u1ee3 ng\u01b0\u1eddi ch\u01a1i qua nhi\u1ec1u k\u00eanh li\u00ean l\u1ea1c (live chat, hotline, telegram) b\u1ea5t k\u1ec3 ng\u00e0y \u0111\u00eam.<\/span><\/td>\n<\/tr>\n<tr>\n<td><b>Xem tr\u1ef1c ti\u1ebfp tr\u1eadn \u0111\u1ea5u<\/b><\/td>\n<td><span style=\"font-weight: 400;\">M\u1ed9t s\u1ed1 s\u1ea3nh c\u01b0\u1ee3c t\u1ea1i <\/span><b>th\u1ec3 thao <\/b>NEW88<span style=\"font-weight: 400;\"> t\u00edch h\u1ee3p t\u00ednh n\u0103ng xem tr\u1ef1c ti\u1ebfp c\u00e1c tr\u1eadn \u0111\u1ea5u th\u1ec3 thao, gi\u00fap ng\u01b0\u1eddi ch\u01a1i v\u1eeba theo d\u00f5i di\u1ec5n bi\u1ebfn, v\u1eeba \u0111\u01b0a ra quy\u1ebft \u0111\u1ecbnh c\u01b0\u1ee3c trong tr\u1eadn (live betting) ch\u00ednh x\u00e1c h\u01a1n.<\/span><\/td>\n<\/tr>\n<\/tbody>\n<\/table>\n<h2><\/h2>\n<blockquote>\n<figure id=\"attachment_1283\" aria-describedby=\"caption-attachment-1283\" style=\"width: 1024px\" class=\"wp-caption aligncenter\"><img loading=\"lazy\" decoding=\"async\" class=\"wp-image-1283\" title=\"ty le cuoc the thao tai new88 canh tranh\" src=\"http:\/\/new88home.com\/wp-content\/uploads\/2025\/12\/ty-le-cuoc-the-thao-tai-new88-canh-tranh.webp\" alt=\"ty le cuoc the thao tai new88 canh tranh\" width=\"1024\" height=\"512\"><figcaption id=\"caption-attachment-1283\" class=\"wp-caption-text\">ty le cuoc the thao tai new88 canh tranh<\/figcaption><\/figure>\n<\/blockquote>\n<h2><span class=\"ez-toc-section\" id=\"luu-y-quan-trong-khi-cuoc-the-thao-tai-nha-cai-new88\"><\/span><b>L\u01b0u \u00fd quan tr\u1ecdng khi c\u01b0\u1ee3c th\u1ec3 thao t\u1ea1i nh\u00e0 c\u00e1i NEW88<\/b><span class=\"ez-toc-section-end\"><\/span><\/h2>\n<p><span style=\"font-weight: 400;\">\u0110\u1ec3 h\u00e0nh tr\u00ecnh c\u00e1 c\u01b0\u1ee3c t\u1ea1i <\/span><b>th\u1ec3 thao <\/b>NEW88<span style=\"font-weight: 400;\"> th\u00eam ph\u1ea7n hi\u1ec7u qu\u1ea3, an to\u00e0n, ng\u01b0\u1eddi ch\u01a1i c\u1ea7n ghi nh\u1edb m\u1ed9t s\u1ed1 \u0111i\u1ec3m quan tr\u1ecdng. Vi\u1ec7c trang b\u1ecb ki\u1ebfn th\u1ee9c, k\u1ef9 n\u0103ng, tu\u00e2n th\u1ee7 nguy\u00ean t\u1eafc s\u1ebd gi\u00fap b\u1ea1n t\u1ed1i \u01b0u h\u00f3a c\u01a1 h\u1ed9i chi\u1ebfn th\u1eafng, \u0111\u1ed3ng th\u1eddi tr\u00e1nh \u0111\u01b0\u1ee3c nh\u1eefng r\u1ee7i ro kh\u00f4ng \u0111\u00e1ng c\u00f3.<\/span><\/p>\n<ul>\n<li style=\"font-weight: 400;\" aria-level=\"1\"><span style=\"font-weight: 400;\">Tr\u01b0\u1edbc h\u1ebft, b\u1ea1n h\u00e3y t\u00ecm hi\u1ec3u k\u1ef9 lu\u1eadt ch\u01a1i, th\u00f4ng tin tr\u1eadn \u0111\u1ea5u. M\u1ed7i m\u00f4n <strong>th\u1ec3 thao<\/strong>, m\u1ed7i lo\u1ea1i k\u00e8o \u0111\u1ec1u c\u00f3 quy t\u1eafc ri\u00eang. N\u1eafm v\u1eefng lu\u1eadt c\u01b0\u1ee3c th\u1ec3 thao gi\u00fap b\u1ea1n \u0111\u01b0a ra quy\u1ebft \u0111\u1ecbnh s\u00e1ng su\u1ed1t. \u0110\u1ed3ng th\u1eddi, vi\u1ec7c ph\u00e2n t\u00edch phong \u0111\u1ed9 \u0111\u1ed9i b\u00f3ng, l\u1ecbch s\u1eed \u0111\u1ed1i \u0111\u1ea7u, t\u00ecnh h\u00ecnh l\u1ef1c l\u01b0\u1ee3ng, chi\u1ebfn thu\u1eadt thi \u0111\u1ea5u l\u00e0 y\u1ebfu t\u1ed1 then ch\u1ed1t \u0111\u1ec3 soi k\u00e8o ch\u00ednh x\u00e1c.<\/span><\/li>\n<li style=\"font-weight: 400;\" aria-level=\"1\"><span style=\"font-weight: 400;\">Th\u1ee9 hai, gi\u1eef t\u00e2m l\u00fd v\u1eefng v\u00e0ng, t\u1ec9nh t\u00e1o. Th\u1eafng c\u01b0\u1ee3c th\u1ec3 thao <a href=\"https:\/\/new88home.com\/\/\" target=\"_blank\" rel=\"noopener\"><strong>https:\/\/new88home.com\/\/<\/strong><\/a> kh\u00f4ng ki\u00eau, b\u1ea1i kh\u00f4ng n\u1ea3n. B\u1ea1n c\u1ea7n tr\u00e1nh \u0111\u1eb7t c\u01b0\u1ee3c theo c\u1ea3m t\u00ednh, cay c\u00fa g\u1ee1 g\u1ea1c khi thua. M\u1ed9t c\u00e1i \u0111\u1ea7u l\u1ea1nh s\u1ebd gi\u00fap b\u1ea1n \u0111\u01b0a ra nh\u1eefng l\u1ef1a ch\u1ecdn t\u1ed1t h\u01a1n, \u0111\u1eb7c bi\u1ec7t l\u00e0 khi tham gia c\u01b0\u1ee3c tr\u1ef1c ti\u1ebfp (live betting).<\/span><\/li>\n<li style=\"font-weight: 400;\" aria-level=\"1\"><span style=\"font-weight: 400;\">Cu\u1ed1i c\u00f9ng, t\u1eadn d\u1ee5ng c\u00e1c ch\u01b0\u01a1ng tr\u00ecnh khuy\u1ebfn m\u00e3i th\u1ec3 thao c\u1ee7a nh\u00e0 c\u00e1i m\u1ed9t c\u00e1ch th\u00f4ng minh. C\u00e1c \u01b0u \u0111\u00e3i t\u1eeb NEW88 l\u00e0 c\u01a1 h\u1ed9i \u0111\u1ec3 gia t\u0103ng v\u1ed1n c\u01b0\u1ee3c. Tuy nhi\u00ean, ng\u01b0\u1eddi ch\u01a1i h\u00e3y \u0111\u1ecdc k\u1ef9 \u0111i\u1ec1u ki\u1ec7n, \u0111i\u1ec1u kho\u1ea3n c\u1ee7a t\u1eebng khuy\u1ebfn m\u00e3i \u0111\u1ec3 \u0111\u1ea3m b\u1ea3o b\u1ea1n \u0111\u00e1p \u1ee9ng \u0111\u1ee7 y\u00eau c\u1ea7u, nh\u1eadn th\u01b0\u1edfng th\u00e0nh c\u00f4ng. Quan tr\u1ecdng nh\u1ea5t, b\u1ea1n h\u00e3y xem c\u00e1 c\u01b0\u1ee3c l\u00e0 m\u1ed9t h\u00ecnh th\u1ee9c gi\u1ea3i tr\u00ed, ch\u01a1i c\u00f3 tr\u00e1ch nhi\u1ec7m, kh\u00f4ng \u0111\u1ec3 \u1ea3nh h\u01b0\u1edfng \u0111\u1ebfn cu\u1ed9c s\u1ed1ng c\u00e1 nh\u00e2n, c\u00f4ng vi\u1ec7c.<\/span><\/li>\n<\/ul>\n<figure id=\"attachment_1284\" aria-describedby=\"caption-attachment-1284\" style=\"width: 1024px\" class=\"wp-caption aligncenter\"><img loading=\"lazy\" decoding=\"async\" class=\"wp-image-1284\" title=\"nam chac luat cuoc the thao truoc khi ban xuong tien\" src=\"http:\/\/new88home.com\/wp-content\/uploads\/2025\/12\/nam-chac-luat-cuoc-the-thao-truoc-khi-ban-xuong-tien.webp\" alt=\"nam chac luat cuoc the thao truoc khi ban xuong tien\" width=\"1024\" height=\"512\"><figcaption id=\"caption-attachment-1284\" class=\"wp-caption-text\">nam chac luat cuoc the thao truoc khi ban xuong tien<\/figcaption><\/figure>\n<p><span style=\"font-weight: 400;\">S\u1ea3nh <\/span><b>th\u1ec3 thao <\/b>NEW88<span style=\"font-weight: 400;\"> th\u1ef1c s\u1ef1 l\u00e0 m\u1ed9t \u0111i\u1ec3m \u0111\u1ebfn ch\u1ea5t l\u01b0\u1ee3ng, uy t\u00edn d\u00e0nh cho nh\u1eefng ai y\u00eau th\u00edch c\u00e1 c\u01b0\u1ee3c <strong>th\u1ec3 thao<\/strong> tr\u1ef1c tuy\u1ebfn. V\u1edbi s\u1ef1 \u0111a d\u1ea1ng v\u1ec1 gi\u1ea3i \u0111\u1ea5u, phong ph\u00fa v\u1ec1 k\u00e8o c\u01b0\u1ee3c, t\u1ef7 l\u1ec7 \u0103n th\u01b0\u1edfng h\u1ea5p d\u1eabn, c\u00f9ng v\u1edbi \u0111\u00f3 l\u00e0 giao di\u1ec7n th\u00e2n thi\u1ec7n, d\u1ecbch v\u1ee5 h\u1ed7 tr\u1ee3 chuy\u00ean nghi\u1ec7p, NEW88 x\u1ee9ng \u0111\u00e1ng \u0111\u1ec3 b\u1ea1n tr\u1ea3i nghi\u1ec7m. B\u1ea1n h\u00e3y \u0111\u0103ng k\u00fd t\u00e0i kho\u1ea3n ngay h\u00f4m nay, kh\u00e1m ph\u00e1 th\u1ebf gi\u1edbi th\u1ec3 thao s\u00f4i \u0111\u1ed9ng, th\u1eed v\u1eadn may, rinh v\u1ec1 nh\u1eefng ph\u1ea7n th\u01b0\u1edfng gi\u00e1 tr\u1ecb.\u00a0<\/span><\/p>\n","protected":false},"excerpt":{"rendered":"<p>Th\u1ec3 thao n\u1ed5i l\u00ean l\u00e0 m\u1ed9t \u0111i\u1ec3m \u0111\u1ebfn l\u00fd t\u01b0\u1edfng, n\u01a1i quy t\u1ee5 h\u00e0ng tr\u0103m gi\u1ea3i \u0111\u1ea5u l\u1edbn nh\u1ecf c\u00f9ng h\u1ec7 th\u1ed1ng k\u00e8o c\u01b0\u1ee3c phong ph\u00fa, minh b\u1ea1ch. Nh\u00e0 c\u00e1i new88 s\u1ebd cung c\u1ea5p c\u00e1i nh\u00ecn to\u00e0n di\u1ec7n, gi\u00fap b\u1ea1n hi\u1ec3u r\u00f5 h\u01a1n v\u1ec1 s\u1ea3nh c\u01b0\u1ee3c \u0111\u1ea7y cu\u1ed1n h\u00fat n\u00e0y. \u0110\u1ed3ng th\u1eddi trang b\u1ecb nh\u1eefng [&#8230;]\n","protected":false},"author":1,"featured_media":1240,"parent":0,"menu_order":0,"comment_status":"closed","ping_status":"closed","template":"","meta":{"footnotes":""},"class_list":["post-1235","page","type-page","status-publish","has-post-thumbnail","hentry"],"_links":{"self":[{"href":"https:\/\/new88home.com\/index.php\/wp-json\/wp\/v2\/pages\/1235","targetHints":{"allow":["GET"]}}],"collection":[{"href":"https:\/\/new88home.com\/index.php\/wp-json\/wp\/v2\/pages"}],"about":[{"href":"https:\/\/new88home.com\/index.php\/wp-json\/wp\/v2\/types\/page"}],"author":[{"embeddable":true,"href":"https:\/\/new88home.com\/index.php\/wp-json\/wp\/v2\/users\/1"}],"replies":[{"embeddable":true,"href":"https:\/\/new88home.com\/index.php\/wp-json\/wp\/v2\/comments?post=1235"}],"version-history":[{"count":0,"href":"https:\/\/new88home.com\/index.php\/wp-json\/wp\/v2\/pages\/1235\/revisions"}],"wp:featuredmedia":[{"embeddable":true,"href":"https:\/\/new88home.com\/index.php\/wp-json\/wp\/v2\/media\/1240"}],"wp:attachment":[{"href":"https:\/\/new88home.com\/index.php\/wp-json\/wp\/v2\/media?parent=1235"}],"curies":[{"name":"wp","href":"https:\/\/api.w.org\/{rel}","templated":true}]}}