{"id":1237,"date":"2025-12-26T09:31:33","date_gmt":"2025-12-26T09:31:33","guid":{"rendered":"https:\/\/new88home.com\/index.php\/chinh-sach-bao-mat\/"},"modified":"2025-12-26T09:31:33","modified_gmt":"2025-12-26T09:31:33","slug":"chinh-sach-bao-mat","status":"publish","type":"page","link":"https:\/\/new88home.com\/index.php\/chinh-sach-bao-mat\/","title":{"rendered":"Ch\u00ednh s\u00e1ch b\u1ea3o m\u1eadt New88 \u0111\u1ea3m b\u1ea3o an to\u00e0n cho ng\u01b0\u1eddi ch\u01a1i"},"content":{"rendered":"<p><a href=\"https:\/\/new88home.com\/\/chinh-sach-bao-mat\/\" target=\"_blank\" rel=\"noopener\"><strong>Ch\u00ednh s\u00e1ch b\u1ea3o m\u1eadt<\/strong><\/a><span style=\"font-weight: 400;\"> l\u00e0 m\u1ed9t trong nh\u1eefng y\u1ebfu t\u1ed1 then ch\u1ed1t t\u1ea1o n\u00ean s\u1ef1 tin c\u1eady v\u00e0 uy t\u00edn c\u1ee7a m\u1ed9t nh\u00e0 c\u00e1i tr\u1ef1c tuy\u1ebfn. T\u1ea1i New88, ch\u00fang t\u00f4i hi\u1ec3u r\u00f5 t\u1ea7m quan tr\u1ecdng c\u1ee7a vi\u1ec7c b\u1ea3o v\u1ec7 th\u00f4ng tin c\u00e1 nh\u00e2n c\u1ee7a ng\u01b0\u1eddi ch\u01a1i v\u00e0 cam k\u1ebft mang \u0111\u1ebfn m\u1ed9t m\u00f4i tr\u01b0\u1eddng gi\u1ea3i tr\u00ed an to\u00e0n, minh b\u1ea1ch. B\u00e0i vi\u1ebft n\u00e0y s\u1ebd cung c\u1ea5p cho b\u1ea1n c\u00e1i nh\u00ecn to\u00e0n di\u1ec7n v\u1ec1 <\/span>ch\u00ednh s\u00e1ch <span style=\"font-weight: 400;\">c\u1ee7a <strong><a href=\"https:\/\/new88home.com\/\/\" target=\"_blank\" rel=\"noopener\">New88<\/a><\/strong>, gi\u00fap b\u1ea1n y\u00ean t\u00e2m t\u1eadn h\u01b0\u1edfng nh\u1eefng tr\u1ea3i nghi\u1ec7m \u0111\u1ec9nh cao m\u00e0 kh\u00f4ng ph\u1ea3i lo l\u1eafng v\u1ec1 v\u1ea5n \u0111\u1ec1 an to\u00e0n th\u00f4ng tin.<\/span><\/p>\n<h2><span class=\"ez-toc-section\" id=\"chinh-sach-bao-mat-new88-tao-su-tin-cay-cho-nguoi-choi\"><\/span><b>Ch\u00ednh s\u00e1ch b\u1ea3o m\u1eadt New88 t\u1ea1o s\u1ef1 tin c\u1eady cho ng\u01b0\u1eddi ch\u01a1i<\/b><span class=\"ez-toc-section-end\"><\/span><\/h2>\n<p><b>Ch\u00ednh s\u00e1ch b\u1ea3o m\u1eadt<\/b><span style=\"font-weight: 400;\"> c\u1ee7a New88 \u0111\u01b0\u1ee3c x\u00e2y d\u1ef1ng d\u1ef1a tr\u00ean c\u00e1c nguy\u00ean t\u1eafc v\u00e0 quy \u0111\u1ecbnh nghi\u00eam ng\u1eb7t c\u1ee7a lu\u1eadt ph\u00e1p qu\u1ed1c t\u1ebf v\u1ec1 b\u1ea3o v\u1ec7 d\u1eef li\u1ec7u c\u00e1 nh\u00e2n. Ch\u00fang t\u00f4i \u00e1p d\u1ee5ng c\u00e1c bi\u1ec7n ph\u00e1p k\u1ef9 thu\u1eadt ti\u00ean ti\u1ebfn \u0111\u1ec3 \u0111\u1ea3m b\u1ea3o r\u1eb1ng m\u1ecdi th\u00f4ng tin c\u1ee7a ng\u01b0\u1eddi ch\u01a1i \u0111\u1ec1u \u0111\u01b0\u1ee3c b\u1ea3o m\u1eadt tuy\u1ec7t \u0111\u1ed1i.<\/span><\/p>\n<p><span style=\"font-weight: 400;\">New88 cam k\u1ebft:<\/span><\/p>\n<ul>\n<li style=\"font-weight: 400;\" aria-level=\"1\"><span style=\"font-weight: 400;\">Ch\u1ec9 thu th\u1eadp th\u00f4ng tin c\u1ea7n thi\u1ebft: Ch\u00fang t\u00f4i ch\u1ec9 thu th\u1eadp nh\u1eefng th\u00f4ng tin c\u00e1 nh\u00e2n c\u1ea7n thi\u1ebft \u0111\u1ec3 cung c\u1ea5p d\u1ecbch v\u1ee5 v\u00e0 n\u00e2ng cao tr\u1ea3i nghi\u1ec7m c\u1ee7a ng\u01b0\u1eddi ch\u01a1i.<\/span><\/li>\n<li style=\"font-weight: 400;\" aria-level=\"1\"><span style=\"font-weight: 400;\">S\u1eed d\u1ee5ng th\u00f4ng tin \u0111\u00fang m\u1ee5c \u0111\u00edch: M\u1ecdi th\u00f4ng tin thu th\u1eadp \u0111\u01b0\u1ee3c \u0111\u1ec1u \u0111\u01b0\u1ee3c s\u1eed d\u1ee5ng \u0111\u00fang m\u1ee5c \u0111\u00edch \u0111\u00e3 \u0111\u01b0\u1ee3c th\u00f4ng b\u00e1o r\u00f5 r\u00e0ng v\u1edbi ng\u01b0\u1eddi ch\u01a1i.<\/span><\/li>\n<li style=\"font-weight: 400;\" aria-level=\"1\"><span style=\"font-weight: 400;\">B\u1ea3o m\u1eadt tuy\u1ec7t \u0111\u1ed1i: Ch\u00fang t\u00f4i \u00e1p d\u1ee5ng c\u00e1c bi\u1ec7n ph\u00e1p b\u1ea3o m\u1eadt t\u1ed1i \u0111a \u0111\u1ec3 b\u1ea3o v\u1ec7 th\u00f4ng tin c\u1ee7a ng\u01b0\u1eddi ch\u01a1i kh\u1ecfi m\u1ecdi nguy c\u01a1 x\u00e2m nh\u1eadp, \u0111\u00e1nh c\u1eafp ho\u1eb7c l\u1ea1m d\u1ee5ng.<\/span><\/li>\n<li style=\"font-weight: 400;\" aria-level=\"1\"><span style=\"font-weight: 400;\">Minh b\u1ea1ch v\u00e0 r\u00f5 r\u00e0ng: <\/span><b>Ch\u00ednh s\u00e1ch b\u1ea3o m\u1eadt<\/b><span style=\"font-weight: 400;\"> c\u1ee7a New88 \u0111\u01b0\u1ee3c c\u00f4ng b\u1ed1 r\u00f5 r\u00e0ng, minh b\u1ea1ch tr\u00ean trang web, gi\u00fap ng\u01b0\u1eddi ch\u01a1i d\u1ec5 d\u00e0ng ti\u1ebfp c\u1eadn v\u00e0 hi\u1ec3u r\u00f5.<\/span><\/li>\n<li style=\"font-weight: 400;\" aria-level=\"1\"><span style=\"font-weight: 400;\">T\u00f4n tr\u1ecdng quy\u1ec1n ri\u00eang t\u01b0: New88 t\u00f4n tr\u1ecdng quy\u1ec1n ri\u00eang t\u01b0 c\u1ee7a ng\u01b0\u1eddi ch\u01a1i v\u00e0 cam k\u1ebft kh\u00f4ng ti\u1ebft l\u1ed9 th\u00f4ng tin c\u00e1 nh\u00e2n cho b\u1ea5t k\u1ef3 b\u00ean th\u1ee9 ba n\u00e0o khi ch\u01b0a \u0111\u01b0\u1ee3c s\u1ef1 \u0111\u1ed3ng \u00fd c\u1ee7a ng\u01b0\u1eddi ch\u01a1i.<\/span><\/li>\n<\/ul>\n<figure id=\"attachment_864\" aria-describedby=\"caption-attachment-864\" style=\"width: 1024px\" class=\"wp-caption aligncenter\"><img loading=\"lazy\" decoding=\"async\" class=\"wp-image-864\" title=\"Ch\u00ednh s\u00e1ch b\u1ea3o m\u1eadt l\u00e0 y\u1ebfu t\u1ed1 c\u1ea7n quan t\u00e2m\" src=\"http:\/\/new88home.com\/wp-content\/uploads\/2025\/12\/chinh-sach-bao-mat-la-yeu-to-can-quan-tam.webp\" alt=\"Ch\u00ednh s\u00e1ch b\u1ea3o m\u1eadt l\u00e0 y\u1ebfu t\u1ed1 c\u1ea7n quan t\u00e2m\" width=\"1024\" height=\"512\"><figcaption id=\"caption-attachment-864\" class=\"wp-caption-text\">Ch\u00ednh s\u00e1ch b\u1ea3o m\u1eadt l\u00e0 y\u1ebfu t\u1ed1 c\u1ea7n quan t\u00e2m<\/figcaption><\/figure>\n<h2><span class=\"ez-toc-section\" id=\"pham-vi-thu-thap-thong-tin-cua-nha-cai-trong-chinh-sach-bao-mat\"><\/span><b>Ph\u1ea1m vi thu th\u1eadp th\u00f4ng tin c\u1ee7a nh\u00e0 c\u00e1i trong ch\u00ednh s\u00e1ch b\u1ea3o m\u1eadt<\/b><span class=\"ez-toc-section-end\"><\/span><\/h2>\n<p><span style=\"font-weight: 400;\">New88 ch\u1ec9 thu th\u1eadp th\u00f4ng tin c\u00e1 nh\u00e2n c\u1ee7a ng\u01b0\u1eddi ch\u01a1i trong c\u00e1c tr\u01b0\u1eddng h\u1ee3p sau:<\/span><\/p>\n<ul>\n<li style=\"font-weight: 400;\" aria-level=\"1\"><span style=\"font-weight: 400;\">Khi \u0111\u0103ng k\u00fd t\u00e0i kho\u1ea3n: \u0110\u1ec3 t\u1ea1o t\u00e0i kho\u1ea3n v\u00e0 cung c\u1ea5p d\u1ecbch v\u1ee5, ch\u00fang t\u00f4i c\u1ea7n thu th\u1eadp m\u1ed9t s\u1ed1 th\u00f4ng tin c\u01a1 b\u1ea3n nh\u01b0 t\u00ean, email, s\u1ed1 \u0111i\u1ec7n tho\u1ea1i, \u0111\u1ecba ch\u1ec9.<\/span><\/li>\n<li style=\"font-weight: 400;\" aria-level=\"1\"><span style=\"font-weight: 400;\">Khi th\u1ef1c hi\u1ec7n giao d\u1ecbch: \u0110\u1ec3 x\u1eed l\u00fd c\u00e1c giao d\u1ecbch n\u1ea1p\/r\u00fat ti\u1ec1n, ch\u00fang t\u00f4i c\u00f3 th\u1ec3 y\u00eau c\u1ea7u ng\u01b0\u1eddi ch\u01a1i cung c\u1ea5p th\u00f4ng tin t\u00e0i kho\u1ea3n ng\u00e2n h\u00e0ng ho\u1eb7c c\u00e1c th\u00f4ng tin thanh to\u00e1n kh\u00e1c.<\/span><\/li>\n<li style=\"font-weight: 400;\" aria-level=\"1\"><span style=\"font-weight: 400;\">Khi tham gia c\u00e1c ch\u01b0\u01a1ng tr\u00ecnh khuy\u1ebfn m\u00e3i: \u0110\u1ec3 tham gia c\u00e1c ch\u01b0\u01a1ng tr\u00ecnh khuy\u1ebfn m\u00e3i, ng\u01b0\u1eddi ch\u01a1i c\u00f3 th\u1ec3 \u0111\u01b0\u1ee3c y\u00eau c\u1ea7u cung c\u1ea5p th\u00eam m\u1ed9t s\u1ed1 th\u00f4ng tin b\u1ed5 sung.<\/span><\/li>\n<li style=\"font-weight: 400;\" aria-level=\"1\"><span style=\"font-weight: 400;\">Khi t\u01b0\u01a1ng t\u00e1c v\u1edbi d\u1ecbch v\u1ee5 kh\u00e1ch h\u00e0ng: Khi ng\u01b0\u1eddi ch\u01a1i li\u00ean h\u1ec7 v\u1edbi b\u1ed9 ph\u1eadn h\u1ed7 tr\u1ee3 kh\u00e1ch h\u00e0ng, ch\u00fang t\u00f4i c\u00f3 th\u1ec3 l\u01b0u tr\u1eef th\u00f4ng tin li\u00ean l\u1ea1c v\u00e0 n\u1ed9i dung trao \u0111\u1ed5i \u0111\u1ec3 ph\u1ee5c v\u1ee5 cho vi\u1ec7c h\u1ed7 tr\u1ee3 v\u00e0 gi\u1ea3i quy\u1ebft v\u1ea5n \u0111\u1ec1.<\/span><\/li>\n<\/ul>\n<p><span style=\"font-weight: 400;\">New88 ch\u1ec9 l\u01b0u tr\u1eef th\u00f4ng tin c\u00e1 nh\u00e2n c\u1ee7a ng\u01b0\u1eddi ch\u01a1i trong kho\u1ea3ng th\u1eddi gian c\u1ea7n thi\u1ebft \u0111\u1ec3 \u0111\u1ea1t \u0111\u01b0\u1ee3c c\u00e1c m\u1ee5c \u0111\u00edch \u0111\u00e3 n\u00eau trong <\/span><b>ch\u00ednh s\u00e1ch b\u1ea3o m\u1eadt<\/b><span style=\"font-weight: 400;\"> ho\u1eb7c theo y\u00eau c\u1ea7u c\u1ee7a ph\u00e1p lu\u1eadt. Sau khi h\u1ebft th\u1eddi gian l\u01b0u tr\u1eef, ch\u00fang t\u00f4i s\u1ebd x\u00f3a ho\u1eb7c \u1ea9n danh th\u00f4ng tin c\u1ee7a ng\u01b0\u1eddi ch\u01a1i m\u1ed9t c\u00e1ch an to\u00e0n.<\/span><\/p>\n<figure id=\"attachment_866\" aria-describedby=\"caption-attachment-866\" style=\"width: 1024px\" class=\"wp-caption aligncenter\"><img loading=\"lazy\" decoding=\"async\" class=\"wp-image-866\" title=\"Ch\u00fa \u00fd \u0111\u1ebfn ph\u1ea1m vi thu th\u1eadp trong v\u1ea5n \u0111\u1ec1 b\u1ea3o m\u1eadt\" src=\"http:\/\/new88home.com\/wp-content\/uploads\/2025\/12\/chu-y-den-pham-vi-thu-thap-trong-van-de-bao-mat.webp\" alt=\"Ch\u00fa \u00fd \u0111\u1ebfn ph\u1ea1m vi thu th\u1eadp trong v\u1ea5n \u0111\u1ec1 b\u1ea3o m\u1eadt\" width=\"1024\" height=\"512\"><figcaption id=\"caption-attachment-866\" class=\"wp-caption-text\">Ch\u00fa \u00fd \u0111\u1ebfn ph\u1ea1m vi thu th\u1eadp trong v\u1ea5n \u0111\u1ec1 b\u1ea3o m\u1eadt<\/figcaption><\/figure>\n<h2><span class=\"ez-toc-section\" id=\"muc-dich-su-dung-thong-tin-ca-nhan\"><\/span><b>M\u1ee5c \u0111\u00edch s\u1eed d\u1ee5ng th\u00f4ng tin c\u00e1 nh\u00e2n<\/b><span class=\"ez-toc-section-end\"><\/span><\/h2>\n<p><b>Ch\u00ednh s\u00e1ch b\u1ea3o m\u1eadt <\/b><span style=\"font-weight: 400;\">New88 s\u1eed d\u1ee5ng th\u00f4ng tin c\u00e1 nh\u00e2n c\u1ee7a ng\u01b0\u1eddi ch\u01a1i cho c\u00e1c m\u1ee5c \u0111\u00edch sau:<\/span><\/p>\n<ul>\n<li style=\"font-weight: 400;\" aria-level=\"1\"><span style=\"font-weight: 400;\">Cung c\u1ea5p v\u00e0 c\u1ea3i thi\u1ec7n d\u1ecbch v\u1ee5: Ch\u00fang t\u00f4i s\u1eed d\u1ee5ng th\u00f4ng tin \u0111\u1ec3 cung c\u1ea5p c\u00e1c d\u1ecbch v\u1ee5 c\u00e1 c\u01b0\u1ee3c, tr\u00f2 ch\u01a1i v\u00e0 c\u00e1c d\u1ecbch v\u1ee5 kh\u00e1c m\u00e0 ng\u01b0\u1eddi ch\u01a1i y\u00eau c\u1ea7u, \u0111\u1ed3ng th\u1eddi kh\u00f4ng ng\u1eebng c\u1ea3i thi\u1ec7n ch\u1ea5t l\u01b0\u1ee3ng d\u1ecbch v\u1ee5.<\/span><\/li>\n<li style=\"font-weight: 400;\" aria-level=\"1\"><span style=\"font-weight: 400;\">X\u00e1c nh\u1eadn v\u00e0 x\u1eed l\u00fd giao d\u1ecbch: Th\u00f4ng tin thanh to\u00e1n \u0111\u01b0\u1ee3c s\u1eed d\u1ee5ng \u0111\u1ec3 x\u00e1c nh\u1eadn v\u00e0 x\u1eed l\u00fd c\u00e1c giao d\u1ecbch n\u1ea1p\/r\u00fat ti\u1ec1n c\u1ee7a ng\u01b0\u1eddi ch\u01a1i.<\/span><\/li>\n<li style=\"font-weight: 400;\" aria-level=\"1\"><span style=\"font-weight: 400;\">Th\u00f4ng b\u00e1o v\u1ec1 c\u00e1c ch\u01b0\u01a1ng tr\u00ecnh khuy\u1ebfn m\u00e3i v\u00e0 s\u1ef1 ki\u1ec7n: Ch\u00fang t\u00f4i s\u1eed d\u1ee5ng th\u00f4ng tin li\u00ean l\u1ea1c \u0111\u1ec3 g\u1eedi th\u00f4ng b\u00e1o v\u1ec1 c\u00e1c ch\u01b0\u01a1ng tr\u00ecnh, s\u1ef1 ki\u1ec7n v\u00e0 c\u00e1c th\u00f4ng tin quan tr\u1ecdng kh\u00e1c.<\/span><\/li>\n<li style=\"font-weight: 400;\" aria-level=\"1\"><span style=\"font-weight: 400;\">H\u1ed7 tr\u1ee3 kh\u00e1ch h\u00e0ng: Th\u00f4ng tin \u0111\u01b0\u1ee3c s\u1eed d\u1ee5ng \u0111\u1ec3 cung c\u1ea5p d\u1ecbch v\u1ee5 h\u1ed7 tr\u1ee3 kh\u00e1ch h\u00e0ng, gi\u1ea3i \u0111\u00e1p th\u1eafc m\u1eafc v\u00e0 gi\u1ea3i quy\u1ebft c\u00e1c v\u1ea5n \u0111\u1ec1 m\u00e0 ng\u01b0\u1eddi ch\u01a1i g\u1eb7p ph\u1ea3i.<\/span><\/li>\n<li style=\"font-weight: 400;\" aria-level=\"1\"><span style=\"font-weight: 400;\">\u0110\u1ea3m b\u1ea3o an to\u00e0n v\u00e0 b\u1ea3o m\u1eadt: Ch\u00fang t\u00f4i s\u1eed d\u1ee5ng th\u00f4ng tin \u0111\u1ec3 ph\u00e1t hi\u1ec7n v\u00e0 ng\u0103n ch\u1eb7n c\u00e1c ho\u1ea1t \u0111\u1ed9ng gian l\u1eadn, r\u1eeda ti\u1ec1n v\u00e0 c\u00e1c h\u00e0nh vi vi ph\u1ea1m kh\u00e1c, \u0111\u1ea3m b\u1ea3o an to\u00e0n cho c\u1ea3 ng\u01b0\u1eddi ch\u01a1i v\u00e0 <a href=\"https:\/\/new88home.com\/\/\" target=\"_blank\" rel=\"noopener\"><strong>https:\/\/new88home.com\/<\/strong><\/a><\/span><\/li>\n<li style=\"font-weight: 400;\" aria-level=\"1\"><span style=\"font-weight: 400;\">Tu\u00e2n th\u1ee7 c\u00e1c quy \u0111\u1ecbnh ph\u00e1p lu\u1eadt: Ch\u00fang t\u00f4i c\u00f3 th\u1ec3 s\u1eed d\u1ee5ng th\u00f4ng tin c\u1ee7a ng\u01b0\u1eddi ch\u01a1i \u0111\u1ec3 tu\u00e2n th\u1ee7 c\u00e1c y\u00eau c\u1ea7u c\u1ee7a ph\u00e1p lu\u1eadt v\u00e0 c\u00e1c c\u01a1 quan ch\u1ee9c n\u0103ng c\u00f3 th\u1ea9m quy\u1ec1n.<\/span><\/li>\n<\/ul>\n<figure id=\"attachment_863\" aria-describedby=\"caption-attachment-863\" style=\"width: 1024px\" class=\"wp-caption aligncenter\"><img loading=\"lazy\" decoding=\"async\" class=\"wp-image-863\" title=\"B\u1ea3o m\u1eadt quy \u0111\u1ecbnh m\u1ee5c \u0111\u00edch s\u1eed d\u1ee5ng th\u00f4ng tin\" src=\"http:\/\/new88home.com\/wp-content\/uploads\/2025\/12\/bao-mat-quy-dinh-muc-dich-su-dung-thong-tin.webp\" alt=\"B\u1ea3o m\u1eadt quy \u0111\u1ecbnh m\u1ee5c \u0111\u00edch s\u1eed d\u1ee5ng th\u00f4ng tin\" width=\"1024\" height=\"512\"><figcaption id=\"caption-attachment-863\" class=\"wp-caption-text\">B\u1ea3o m\u1eadt quy \u0111\u1ecbnh m\u1ee5c \u0111\u00edch s\u1eed d\u1ee5ng th\u00f4ng tin<\/figcaption><\/figure>\n<blockquote><\/blockquote>\n<h2><span class=\"ez-toc-section\" id=\"cac-bien-phap-bao-mat-duoc-nha-cai-ung-dung\"><\/span><b>C\u00e1c bi\u1ec7n ph\u00e1p b\u1ea3o m\u1eadt \u0111\u01b0\u1ee3c nh\u00e0 c\u00e1i \u1ee9ng d\u1ee5ng<\/b><span class=\"ez-toc-section-end\"><\/span><\/h2>\n<p><b>Ch\u00ednh s\u00e1ch b\u1ea3o m\u1eadt <\/b><span style=\"font-weight: 400;\">New88 \u00e1p d\u1ee5ng m\u1ed9t lo\u1ea1t c\u00e1c bi\u1ec7n ph\u00e1p b\u1ea3o m\u1eadt ti\u00ean ti\u1ebfn \u0111\u1ec3 \u0111\u1ea3m b\u1ea3o an to\u00e0n tuy\u1ec7t \u0111\u1ed1i cho th\u00f4ng tin c\u1ee7a ng\u01b0\u1eddi ch\u01a1i:<\/span><\/p>\n<ul>\n<li style=\"font-weight: 400;\" aria-level=\"1\"><span style=\"font-weight: 400;\">M\u00e3 h\u00f3a d\u1eef li\u1ec7u: T\u1ea5t c\u1ea3 th\u00f4ng tin c\u00e1 nh\u00e2n v\u00e0 giao d\u1ecbch c\u1ee7a ng\u01b0\u1eddi ch\u01a1i \u0111\u1ec1u \u0111\u01b0\u1ee3c m\u00e3 h\u00f3a b\u1eb1ng c\u00f4ng ngh\u1ec7 SSL 128-bit, m\u1ed9t trong nh\u1eefng c\u00f4ng ngh\u1ec7 m\u00e3 h\u00f3a m\u1ea1nh nh\u1ea5t hi\u1ec7n nay.<\/span><\/li>\n<li style=\"font-weight: 400;\" aria-level=\"1\"><span style=\"font-weight: 400;\">H\u1ec7 th\u1ed1ng t\u01b0\u1eddng l\u1eeda b\u1ea3o v\u1ec7: Ch\u00fang t\u00f4i s\u1eed d\u1ee5ng h\u1ec7 th\u1ed1ng t\u01b0\u1eddng l\u1eeda nhi\u1ec1u l\u1edbp \u0111\u1ec3 ng\u0103n ch\u1eb7n c\u00e1c truy c\u1eadp tr\u00e1i ph\u00e9p t\u1eeb b\u00ean ngo\u00e0i.<\/span><\/li>\n<li style=\"font-weight: 400;\" aria-level=\"1\"><span style=\"font-weight: 400;\">Ki\u1ec3m so\u00e1t truy c\u1eadp nghi\u00eam ng\u1eb7t: Ch\u1ec9 nh\u1eefng nh\u00e2n vi\u00ean \u0111\u01b0\u1ee3c \u1ee7y quy\u1ec1n m\u1edbi c\u00f3 quy\u1ec1n truy c\u1eadp v\u00e0o th\u00f4ng tin c\u00e1 nh\u00e2n c\u1ee7a ng\u01b0\u1eddi ch\u01a1i, v\u00e0 quy\u1ec1n truy c\u1eadp n\u00e0y \u0111\u01b0\u1ee3c ki\u1ec3m so\u00e1t ch\u1eb7t ch\u1ebd.<\/span><\/li>\n<li style=\"font-weight: 400;\" aria-level=\"1\"><span style=\"font-weight: 400;\">Gi\u00e1m s\u00e1t v\u00e0 ki\u1ec3m tra th\u01b0\u1eddng xuy\u00ean: Ch\u00fang t\u00f4i th\u01b0\u1eddng xuy\u00ean gi\u00e1m s\u00e1t v\u00e0 ki\u1ec3m tra h\u1ec7 th\u1ed1ng nh\u1eb1m ng\u0103n ch\u1eb7n k\u1ecbp th\u1eddi c\u00e1c nguy c\u01a1 b\u1ea3o m\u1eadt.<\/span><\/li>\n<li style=\"font-weight: 400;\" aria-level=\"1\"><span style=\"font-weight: 400;\">\u0110\u00e0o t\u1ea1o nh\u00e2n vi\u00ean: T\u1ea5t c\u1ea3 nh\u00e2n vi\u00ean c\u1ee7a New88 \u0111\u1ec1u \u0111\u01b0\u1ee3c \u0111\u00e0o t\u1ea1o v\u1ec1 c\u00e1c quy \u0111\u1ecbnh v\u00e0 bi\u1ec7n ph\u00e1p b\u1ea3o m\u1eadt th\u00f4ng tin \u0111\u1ec3 \u0111\u1ea3m b\u1ea3o tu\u00e2n th\u1ee7 nghi\u00eam ng\u1eb7t <\/span><b>ch\u00ednh s\u00e1ch b\u1ea3o m\u1eadt<\/b><span style=\"font-weight: 400;\">.<\/span><\/li>\n<li style=\"font-weight: 400;\" aria-level=\"1\"><span style=\"font-weight: 400;\">B\u1ea3o m\u1eadt v\u1eadt l\u00fd: C\u00e1c trung t\u00e2m d\u1eef li\u1ec7u c\u1ee7a New88 \u0111\u01b0\u1ee3c b\u1ea3o v\u1ec7 b\u1eb1ng c\u00e1c bi\u1ec7n ph\u00e1p an ninh v\u1eadt l\u00fd nghi\u00eam ng\u1eb7t, bao g\u1ed3m ki\u1ec3m so\u00e1t ra v\u00e0o, gi\u00e1m s\u00e1t 24\/7 v\u00e0 c\u00e1c h\u1ec7 th\u1ed1ng b\u00e1o \u0111\u1ed9ng.<\/span><\/li>\n<\/ul>\n<figure id=\"attachment_867\" aria-describedby=\"caption-attachment-867\" style=\"width: 1024px\" class=\"wp-caption aligncenter\"><img loading=\"lazy\" decoding=\"async\" class=\"wp-image-867\" title=\"Nh\u00e0 c\u00e1i \u1ee9ng d\u1ee5ng nhi\u1ec1u bi\u1ec7n ph\u00e1p b\u1ea3o m\u1eadt ri\u00eang\" src=\"http:\/\/new88home.com\/wp-content\/uploads\/2025\/12\/nha-cai-ung-dung-nhieu-bien-phap-bao-mat-rieng.webp\" alt=\"Nh\u00e0 c\u00e1i \u1ee9ng d\u1ee5ng nhi\u1ec1u bi\u1ec7n ph\u00e1p b\u1ea3o m\u1eadt ri\u00eang\" width=\"1024\" height=\"512\"><figcaption id=\"caption-attachment-867\" class=\"wp-caption-text\">Nh\u00e0 c\u00e1i \u1ee9ng d\u1ee5ng nhi\u1ec1u bi\u1ec7n ph\u00e1p b\u1ea3o m\u1eadt ri\u00eang<\/figcaption><\/figure>\n<h2><span class=\"ez-toc-section\" id=\"quyen-cua-nguoi-choi-duoc-quy-dinh-trong-chinh-sach-bao-mat\"><\/span><b>Quy\u1ec1n c\u1ee7a ng\u01b0\u1eddi ch\u01a1i \u0111\u01b0\u1ee3c quy \u0111\u1ecbnh trong ch\u00ednh s\u00e1ch b\u1ea3o m\u1eadt<\/b><span class=\"ez-toc-section-end\"><\/span><\/h2>\n<p><b>Ch\u00ednh s\u00e1ch b\u1ea3o m\u1eadt <\/b><span style=\"font-weight: 400;\">New88 t\u00f4n tr\u1ecdng v\u00e0 b\u1ea3o v\u1ec7 c\u00e1c quy\u1ec1n c\u1ee7a ng\u01b0\u1eddi ch\u01a1i li\u00ean quan \u0111\u1ebfn th\u00f4ng tin c\u00e1 nh\u00e2n:<\/span><\/p>\n<ul>\n<li style=\"font-weight: 400;\" aria-level=\"1\"><span style=\"font-weight: 400;\">Quy\u1ec1n truy c\u1eadp: Ng\u01b0\u1eddi ch\u01a1i c\u00f3 quy\u1ec1n truy c\u1eadp v\u00e0 xem th\u00f4ng tin c\u00e1 nh\u00e2n c\u1ee7a m\u00ecnh b\u1ea5t k\u1ef3 l\u00fac n\u00e0o.<\/span><\/li>\n<li style=\"font-weight: 400;\" aria-level=\"1\"><span style=\"font-weight: 400;\">Quy\u1ec1n ch\u1ec9nh s\u1eeda: Ng\u01b0\u1eddi ch\u01a1i c\u00f3 quy\u1ec1n y\u00eau c\u1ea7u ch\u1ec9nh s\u1eeda ho\u1eb7c c\u1eadp nh\u1eadt th\u00f4ng tin c\u00e1 nh\u00e2n kh\u00f4ng ch\u00ednh x\u00e1c ho\u1eb7c kh\u00f4ng \u0111\u1ea7y \u0111\u1ee7.<\/span><\/li>\n<li style=\"font-weight: 400;\" aria-level=\"1\"><span style=\"font-weight: 400;\">Quy\u1ec1n khi\u1ebfu n\u1ea1i: Ng\u01b0\u1eddi ch\u01a1i c\u00f3 quy\u1ec1n khi\u1ebfu n\u1ea1i v\u1edbi c\u01a1 quan b\u1ea3o v\u1ec7 d\u1eef li\u1ec7u c\u00f3 th\u1ea9m quy\u1ec1n n\u1ebfu cho r\u1eb1ng New88 \u0111\u00e3 vi ph\u1ea1m c\u00e1c quy \u0111\u1ecbnh v\u1ec1 b\u1ea3o v\u1ec7 d\u1eef li\u1ec7u c\u00e1 nh\u00e2n.<\/span><\/li>\n<\/ul>\n<p><span style=\"font-weight: 400;\">New88 c\u00f3 th\u1ec3 c\u1eadp nh\u1eadt <\/span><b>ch\u00ednh s\u00e1ch b\u1ea3o m\u1eadt<\/b><span style=\"font-weight: 400;\"> n\u00e0y theo th\u1eddi gian \u0111\u1ec3 ph\u1ea3n \u00e1nh nh\u1eefng thay \u0111\u1ed5i c\u1ee7a n\u1ec1n t\u1ea3ng. Ch\u00fang t\u00f4i s\u1ebd th\u00f4ng b\u00e1o cho ng\u01b0\u1eddi ch\u01a1i v\u1ec1 b\u1ea5t k\u1ef3 thay \u0111\u1ed5i quan tr\u1ecdng n\u00e0o th\u00f4ng qua trang web ho\u1eb7c c\u00e1c k\u00eanh li\u00ean l\u1ea1c kh\u00e1c.<\/span><\/p>\n<h2><span class=\"ez-toc-section\" id=\"tong-ket\"><\/span><b>T\u1ed5ng k\u1ebft<\/b><span class=\"ez-toc-section-end\"><\/span><\/h2>\n<p><b>Ch\u00ednh s\u00e1ch b\u1ea3o m\u1eadt<\/b><span style=\"font-weight: 400;\"> c\u1ee7a New88 l\u00e0 n\u1ec1n t\u1ea3ng v\u1eefng ch\u1eafc cho s\u1ef1 tin c\u1eady v\u00e0 minh b\u1ea1ch trong m\u1ecdi ho\u1ea1t \u0111\u1ed9ng c\u1ee7a ch\u00fang t\u00f4i. S\u00e2n ch\u01a1i lu\u00f4n cam k\u1ebft kh\u00f4ng ng\u1eebng n\u1ed7 l\u1ef1c \u0111\u1ec3 b\u1ea3o v\u1ec7 th\u00f4ng tin c\u00e1 nh\u00e2n ng\u01b0\u1eddi ch\u01a1i t\u1ed1i \u01b0u nh\u1ea5t, mang \u0111\u1ebfn m\u1ed9t m\u00f4i tr\u01b0\u1eddng gi\u1ea3i tr\u00ed an to\u00e0n v\u00e0 \u0111\u00e1ng tin c\u1eady.<\/span><\/p>\n","protected":false},"excerpt":{"rendered":"<p>Ch\u00ednh s\u00e1ch b\u1ea3o m\u1eadt l\u00e0 m\u1ed9t trong nh\u1eefng y\u1ebfu t\u1ed1 then ch\u1ed1t t\u1ea1o n\u00ean s\u1ef1 tin c\u1eady v\u00e0 uy t\u00edn c\u1ee7a m\u1ed9t nh\u00e0 c\u00e1i tr\u1ef1c tuy\u1ebfn. T\u1ea1i New88, ch\u00fang t\u00f4i hi\u1ec3u r\u00f5 t\u1ea7m quan tr\u1ecdng c\u1ee7a vi\u1ec7c b\u1ea3o v\u1ec7 th\u00f4ng tin c\u00e1 nh\u00e2n c\u1ee7a ng\u01b0\u1eddi ch\u01a1i v\u00e0 cam k\u1ebft mang \u0111\u1ebfn m\u1ed9t m\u00f4i tr\u01b0\u1eddng gi\u1ea3i [&#8230;]\n","protected":false},"author":1,"featured_media":1242,"parent":0,"menu_order":0,"comment_status":"closed","ping_status":"closed","template":"","meta":{"footnotes":""},"class_list":["post-1237","page","type-page","status-publish","has-post-thumbnail","hentry"],"_links":{"self":[{"href":"https:\/\/new88home.com\/index.php\/wp-json\/wp\/v2\/pages\/1237","targetHints":{"allow":["GET"]}}],"collection":[{"href":"https:\/\/new88home.com\/index.php\/wp-json\/wp\/v2\/pages"}],"about":[{"href":"https:\/\/new88home.com\/index.php\/wp-json\/wp\/v2\/types\/page"}],"author":[{"embeddable":true,"href":"https:\/\/new88home.com\/index.php\/wp-json\/wp\/v2\/users\/1"}],"replies":[{"embeddable":true,"href":"https:\/\/new88home.com\/index.php\/wp-json\/wp\/v2\/comments?post=1237"}],"version-history":[{"count":0,"href":"https:\/\/new88home.com\/index.php\/wp-json\/wp\/v2\/pages\/1237\/revisions"}],"wp:featuredmedia":[{"embeddable":true,"href":"https:\/\/new88home.com\/index.php\/wp-json\/wp\/v2\/media\/1242"}],"wp:attachment":[{"href":"https:\/\/new88home.com\/index.php\/wp-json\/wp\/v2\/media?parent=1237"}],"curies":[{"name":"wp","href":"https:\/\/api.w.org\/{rel}","templated":true}]}}